{"id":7062,"date":"2023-05-23T16:46:14","date_gmt":"2023-05-23T16:46:14","guid":{"rendered":"https:\/\/staging.altoo.io\/?page_id=7062"},"modified":"2025-08-21T15:11:25","modified_gmt":"2025-08-21T13:11:25","slug":"a-propos-dinsights","status":"publish","type":"page","link":"https:\/\/altoo.io\/fr\/about-insights\/","title":{"rendered":"\u00c0 propos des Perspectives Altoo"},"content":{"rendered":"<div data-elementor-type=\"wp-page\" data-elementor-id=\"7062\" class=\"elementor elementor-7062\" data-elementor-post-type=\"page\">\n\t\t\t\t\t\t<section class=\"elementor-section elementor-top-section elementor-element elementor-element-3b45071d elementor-section-height-min-height pages-hero elementor-section-boxed elementor-section-height-default elementor-section-items-middle\" data-id=\"3b45071d\" data-element_type=\"section\" data-e-type=\"section\">\n\t\t\t\t\t\t<div class=\"elementor-container elementor-column-gap-default\">\n\t\t\t\t\t<div class=\"elementor-column elementor-col-100 elementor-top-column elementor-element elementor-element-6c1bbc62\" data-id=\"6c1bbc62\" data-element_type=\"column\" data-e-type=\"column\">\n\t\t\t<div class=\"elementor-widget-wrap elementor-element-populated\">\n\t\t\t\t\t\t<div class=\"elementor-element elementor-element-5cdefa70 elementor-widget elementor-widget-heading\" data-id=\"5cdefa70\" data-element_type=\"widget\" data-e-type=\"widget\" data-widget_type=\"heading.default\">\n\t\t\t\t<div class=\"elementor-widget-container\">\n\t\t\t\t\t<h1 class=\"elementor-heading-title elementor-size-default\">\u00c0 propos des Perspectives Altoo<\/h1>\t\t\t\t<\/div>\n\t\t\t\t<\/div>\n\t\t\t\t\t<\/div>\n\t\t<\/div>\n\t\t\t\t\t<\/div>\n\t\t<\/section>\n\t\t\t\t<section class=\"elementor-section elementor-top-section elementor-element elementor-element-45763a6 elementor-section-boxed elementor-section-height-default elementor-section-height-default\" data-id=\"45763a6\" data-element_type=\"section\" data-e-type=\"section\">\n\t\t\t\t\t\t<div class=\"elementor-container elementor-column-gap-default\">\n\t\t\t\t\t<div class=\"elementor-column elementor-col-100 elementor-top-column elementor-element elementor-element-28d710d\" data-id=\"28d710d\" data-element_type=\"column\" data-e-type=\"column\">\n\t\t\t<div class=\"elementor-widget-wrap elementor-element-populated\">\n\t\t\t\t\t\t<div class=\"elementor-element elementor-element-604ab61 elementor-widget elementor-widget-text-editor\" data-id=\"604ab61\" data-element_type=\"widget\" data-e-type=\"widget\" data-widget_type=\"text-editor.default\">\n\t\t\t\t<div class=\"elementor-widget-container\">\n\t\t\t\t\t\t\t\t\t<p>Altoo Insights est un guide moderne pour vivre une vie plus riche, plus inform\u00e9e et plus \u00e9l\u00e9gante. Il pr\u00e9sente tout ce qu'un particulier fortun\u00e9, un Family Office, un trust et une fondation doivent savoir sur la gestion de patrimoine - des derni\u00e8res mises \u00e0 jour des march\u00e9s aux opportunit\u00e9s d'investissement \u00e9mergentes, des tendances philanthropiques aux sports et bien plus encore.<\/p><p>Pensez \u00e0 nous comme \u00e0 un ami bien inform\u00e9, qui tient les lecteurs au courant des articles, des \u00e9tudes de cas Altoo et des informations sur la plateforme de renomm\u00e9e mondiale Altoo Wealth, qui aide l'homme ou la femme moderne \u00e0 g\u00e9rer son patrimoine.<\/p><h3>Lettre d'information Altoo Insights<\/h3><p>La lettre d'information d'Altoo, qui tient les abonn\u00e9s au courant des derniers contenus d'Altoo sur sa plateforme patrimoniale de renomm\u00e9e mondiale, des opportunit\u00e9s d'investissement \u00e9mergentes et d'autres sujets pertinents au-del\u00e0 des march\u00e9s \u00e9conomiques.<\/p><p>S'abonner aux Perspectives Altoo <a href=\"https:\/\/altoo.io\/fr\/subscription\/\">Cliquez ici<\/a><\/p><p>Vous pouvez vous d\u00e9sabonner \u00e0 tout moment de tous les courriels de la marque.<\/p><h3>R\u00e9seaux Sociaux Altoo<\/h3><p>Se rendre \u00e0 l'adresse suivante <a href=\"https:\/\/www.youtube.com\/@altooag6868\" target=\"_blank\" rel=\"noopener\">Cha\u00eene Youtube d'Altoo<\/a> et regardez les vid\u00e9os d'instruction qui expliquent les caract\u00e9ristiques uniques de la plateforme Altoo Wealth et fournissent les derni\u00e8res nouvelles de l'entreprise.<\/p><p><span style=\"font-family: var( --e-global-typography-text-font-family ), Sans-serif; font-size: var( --e-global-typography-text-font-size );\"><a href=\"https:\/\/www.instagram.com\/altoowealth\/\" target=\"_blank\" rel=\"noopener\">Cha\u00eene Instagram de Altoo<\/a> se met au diapason de ses adeptes pour pr\u00e9senter la plateforme Altoo Wealth et pr\u00e9senter les connaissances, les comp\u00e9tences et les conseils en mati\u00e8re de patrimoine pour les particuliers et les autres entit\u00e9s.<\/span><\/p><p>Suivez notre canal LinkedIn <a href=\"https:\/\/www.linkedin.com\/company\/altoo-ag\/\" target=\"_blank\" rel=\"noopener\">Cliquez ici<\/a><\/p><h3>Contacts<\/h3><p>Pour toute question relative \u00e0 la presse, veuillez envoyer un courriel \u00e0 l'adresse suivante: <a href=\"mailto:insights@altoo.io\">insights@altoo.io <\/a><\/p><p>Les bureaux d'Altoo sont situ\u00e9s \u00e0 Zugerstrasse 77, 6340 Baar, Suisse.<\/p><h3>Cr\u00e9dits photos<\/h3><p>L'\u00e9quipe de contenu d'Altoo Insights utilise Adobe Stock pour les images, les photos, les graphiques, les illustrations et les mod\u00e8les. Ces formats accompagnent notre contenu et sont utilis\u00e9s \u00e0 des fins \u00e9ditoriales uniquement. Si nous utilisons une source diff\u00e9rente, nous mentionnons cette source et des informations suppl\u00e9mentaires relatives au nom du cr\u00e9ateur, au titre de l'image, \u00e0 l'ann\u00e9e d'origine, au type de m\u00e9dia et \u00e0 l'endroit o\u00f9 nous avons acc\u00e9d\u00e9 \u00e0 l'image (comme l'URL d'un site web) dans le format de style APA.<\/p><p>Nous nous effor\u00e7ons de toujours citer la source originale de chaque image que nous utilisons. Si vous pensez qu'un cr\u00e9dit est incorrect, veuillez nous contacter \u00e0 l'adresse suivante: <a href=\"mailto:insights@altoo.io\">insights@altoo.io<\/a><\/p>\t\t\t\t\t\t\t\t<\/div>\n\t\t\t\t<\/div>\n\t\t\t\t\t<\/div>\n\t\t<\/div>\n\t\t\t\t\t<\/div>\n\t\t<\/section>\n\t\t\t\t<\/div>","protected":false},"excerpt":{"rendered":"<p>About Insights Insights is the modern guide to living a wealthier, more informed and more stylish life. Featuring everything a wealthy individual, family office or trust and foundation needs to know about wealth management &#8211; from the latest market updates to emerging investment opportunities, philanthropic trends to sports and much more. Think of us as [&hellip;]<\/p>\n","protected":false},"author":13,"featured_media":0,"parent":0,"menu_order":0,"comment_status":"closed","ping_status":"closed","template":"elementor_header_footer","meta":{"inline_featured_image":false,"cybocfi_hide_featured_image":"","two_page_speed":{"current_score":{"desktop_score":89,"desktop_tti":"2.0\u00a0","mobile_score":68,"mobile_tti":"10.1\u00a0","date":"03.07.2025 07:11:00 pm","status":"error_no_score"}},"footnotes":""},"class_list":["post-7062","page","type-page","status-publish","hentry"],"_links":{"self":[{"href":"https:\/\/altoo.io\/fr\/wp-json\/wp\/v2\/pages\/7062","targetHints":{"allow":["GET"]}}],"collection":[{"href":"https:\/\/altoo.io\/fr\/wp-json\/wp\/v2\/pages"}],"about":[{"href":"https:\/\/altoo.io\/fr\/wp-json\/wp\/v2\/types\/page"}],"author":[{"embeddable":true,"href":"https:\/\/altoo.io\/fr\/wp-json\/wp\/v2\/users\/13"}],"replies":[{"embeddable":true,"href":"https:\/\/altoo.io\/fr\/wp-json\/wp\/v2\/comments?post=7062"}],"version-history":[{"count":71,"href":"https:\/\/altoo.io\/fr\/wp-json\/wp\/v2\/pages\/7062\/revisions"}],"predecessor-version":[{"id":35007,"href":"https:\/\/altoo.io\/fr\/wp-json\/wp\/v2\/pages\/7062\/revisions\/35007"}],"wp:attachment":[{"href":"https:\/\/altoo.io\/fr\/wp-json\/wp\/v2\/media?parent=7062"}],"curies":[{"name":"wp","href":"https:\/\/api.w.org\/{rel}","templated":true}]}}