{"id":37705,"date":"2024-11-04T11:24:47","date_gmt":"2024-11-04T10:24:47","guid":{"rendered":"https:\/\/altoo.io\/?page_id=37705"},"modified":"2025-08-22T01:43:11","modified_gmt":"2025-08-21T23:43:11","slug":"capitalising-on-technology-the-wise-way-forward","status":"publish","type":"page","link":"https:\/\/altoo.io\/fr\/capitalising-on-technology-the-wise-way-forward\/","title":{"rendered":"Capitaliser sur la technologie La voie de la sagesse"},"content":{"rendered":"<div data-elementor-type=\"wp-page\" data-elementor-id=\"37705\" class=\"elementor elementor-37705\" data-elementor-post-type=\"page\">\n\t\t\t\t\t\t<section class=\"elementor-section elementor-top-section elementor-element elementor-element-6cfc76d front-hero elementor-section-boxed elementor-section-height-default elementor-section-height-default\" data-id=\"6cfc76d\" data-element_type=\"section\" data-e-type=\"section\" data-settings=\"{&quot;background_background&quot;:&quot;classic&quot;}\">\n\t\t\t\t\t\t\t<div class=\"elementor-background-overlay\"><\/div>\n\t\t\t\t\t\t\t<div class=\"elementor-container elementor-column-gap-default\">\n\t\t\t\t\t<div class=\"elementor-column elementor-col-50 elementor-top-column elementor-element elementor-element-fc76d90\" data-id=\"fc76d90\" data-element_type=\"column\" data-e-type=\"column\">\n\t\t\t<div class=\"elementor-widget-wrap elementor-element-populated\">\n\t\t\t\t\t\t<div class=\"elementor-element elementor-element-3541454 elementor-widget elementor-widget-heading\" data-id=\"3541454\" data-element_type=\"widget\" data-e-type=\"widget\" data-widget_type=\"heading.default\">\n\t\t\t\t<div class=\"elementor-widget-container\">\n\t\t\t\t\t<h2 class=\"elementor-heading-title elementor-size-default\">Capitalising on Technology<\/h2>\t\t\t\t<\/div>\n\t\t\t\t<\/div>\n\t\t\t\t<div class=\"elementor-element elementor-element-2825451 elementor-widget elementor-widget-heading\" data-id=\"2825451\" data-element_type=\"widget\" data-e-type=\"widget\" data-widget_type=\"heading.default\">\n\t\t\t\t<div class=\"elementor-widget-container\">\n\t\t\t\t\t<h5 class=\"elementor-heading-title elementor-size-default\">The Wise Way Forward<\/h5>\t\t\t\t<\/div>\n\t\t\t\t<\/div>\n\t\t\t\t<div class=\"elementor-element elementor-element-88538a8 elementor-widget elementor-widget-text-editor\" data-id=\"88538a8\" data-element_type=\"widget\" data-e-type=\"widget\" data-widget_type=\"text-editor.default\">\n\t\t\t\t<div class=\"elementor-widget-container\">\n\t\t\t\t\t\t\t\t\t<p><span style=\"color: #01abaa;\">D\u00e9couvrez comment tirer parti des technologies de pointe pour am\u00e9liorer les strat\u00e9gies financi\u00e8res et optimiser la gestion du patrimoine. <br \/><\/span><\/p>\t\t\t\t\t\t\t\t<\/div>\n\t\t\t\t<\/div>\n\t\t\t\t\t<\/div>\n\t\t<\/div>\n\t\t\t\t<div class=\"elementor-column elementor-col-50 elementor-top-column elementor-element elementor-element-70e3f08\" data-id=\"70e3f08\" data-element_type=\"column\" data-e-type=\"column\">\n\t\t\t<div class=\"elementor-widget-wrap elementor-element-populated\">\n\t\t\t\t\t\t<div class=\"elementor-element elementor-element-992cba5 elementor-widget elementor-widget-image\" data-id=\"992cba5\" data-element_type=\"widget\" data-e-type=\"widget\" data-widget_type=\"image.default\">\n\t\t\t\t<div class=\"elementor-widget-container\">\n\t\t\t\t\t\t\t\t\t\t\t\t\t\t\t<img decoding=\"async\" src=\"https:\/\/altoo.io\/live01\/wp-content\/uploads\/elementor\/thumbs\/elite-wealth-05-qwiorfh0ps6bgonhzkgsfkwgv5446flceg65ps1rx6.jpg\" title=\"\" alt=\"Capitalising on Technology: The Wise Way Forward\" loading=\"lazy\" \/>\t\t\t\t\t\t\t\t\t\t\t\t\t\t\t<\/div>\n\t\t\t\t<\/div>\n\t\t\t\t\t<\/div>\n\t\t<\/div>\n\t\t\t\t\t<\/div>\n\t\t<\/section>\n\t\t\t\t<section class=\"elementor-section elementor-top-section elementor-element elementor-element-1cf9f53 eBook-content elementor-section-boxed elementor-section-height-default elementor-section-height-default\" data-id=\"1cf9f53\" data-element_type=\"section\" data-e-type=\"section\" data-settings=\"{&quot;background_background&quot;:&quot;classic&quot;}\">\n\t\t\t\t\t\t<div class=\"elementor-container elementor-column-gap-default\">\n\t\t\t\t\t<div class=\"elementor-column elementor-col-100 elementor-top-column elementor-element elementor-element-1a61a5c\" data-id=\"1a61a5c\" data-element_type=\"column\" data-e-type=\"column\">\n\t\t\t<div class=\"elementor-widget-wrap elementor-element-populated\">\n\t\t\t\t\t\t<div class=\"elementor-element elementor-element-330598c elementor-widget elementor-widget-heading\" data-id=\"330598c\" data-element_type=\"widget\" data-e-type=\"widget\" data-widget_type=\"heading.default\">\n\t\t\t\t<div class=\"elementor-widget-container\">\n\t\t\t\t\t<h3 class=\"elementor-heading-title elementor-size-default\">\u00c0 travers cet eBook<\/h3>\t\t\t\t<\/div>\n\t\t\t\t<\/div>\n\t\t\t\t<div class=\"elementor-element elementor-element-8b0252b elementor-widget elementor-widget-text-editor\" data-id=\"8b0252b\" data-element_type=\"widget\" data-e-type=\"widget\" data-widget_type=\"text-editor.default\">\n\t\t\t\t<div class=\"elementor-widget-container\">\n\t\t\t\t\t\t\t\t\t<p>Obtenez des informations sur l'\u00e9valuation des solutions fintech, les plateformes num\u00e9riques et le r\u00f4le de l'IA dans le fa\u00e7onnement de l'avenir des finances personnelles (en anglais).<\/p>\t\t\t\t\t\t\t\t<\/div>\n\t\t\t\t<\/div>\n\t\t\t\t\t<\/div>\n\t\t<\/div>\n\t\t\t\t\t<\/div>\n\t\t<\/section>\n\t\t\t\t<section class=\"elementor-section elementor-top-section elementor-element elementor-element-f43c52c eBook-content elementor-section-boxed elementor-section-height-default elementor-section-height-default\" data-id=\"f43c52c\" data-element_type=\"section\" data-e-type=\"section\" data-settings=\"{&quot;background_background&quot;:&quot;classic&quot;}\">\n\t\t\t\t\t\t<div class=\"elementor-container elementor-column-gap-default\">\n\t\t\t\t\t<div class=\"elementor-column elementor-col-25 elementor-top-column elementor-element elementor-element-a67d09f\" data-id=\"a67d09f\" data-element_type=\"column\" data-e-type=\"column\">\n\t\t\t<div class=\"elementor-widget-wrap elementor-element-populated\">\n\t\t\t\t\t\t<div class=\"elementor-element elementor-element-f9e4e22 elementor-widget elementor-widget-heading\" data-id=\"f9e4e22\" data-element_type=\"widget\" data-e-type=\"widget\" data-widget_type=\"heading.default\">\n\t\t\t\t<div class=\"elementor-widget-container\">\n\t\t\t\t\t<h5 class=\"elementor-heading-title elementor-size-default\">La checklist pour l'\u00e9valuation des fournisseurs de Fintech<\/h5>\t\t\t\t<\/div>\n\t\t\t\t<\/div>\n\t\t\t\t<div class=\"elementor-element elementor-element-65a36f4 elementor-widget-divider--view-line elementor-widget elementor-widget-divider\" data-id=\"65a36f4\" data-element_type=\"widget\" data-e-type=\"widget\" data-widget_type=\"divider.default\">\n\t\t\t\t<div class=\"elementor-widget-container\">\n\t\t\t\t\t\t\t<div class=\"elementor-divider\">\n\t\t\t<span class=\"elementor-divider-separator\">\n\t\t\t\t\t\t<\/span>\n\t\t<\/div>\n\t\t\t\t\t\t<\/div>\n\t\t\t\t<\/div>\n\t\t\t\t<div class=\"elementor-element elementor-element-b05e6f5 elementor-widget elementor-widget-text-editor\" data-id=\"b05e6f5\" data-element_type=\"widget\" data-e-type=\"widget\" data-widget_type=\"text-editor.default\">\n\t\t\t\t<div class=\"elementor-widget-container\">\n\t\t\t\t\t\t\t\t\t<p>L'espace fintech est plein d'innovations - et de buzz marketing. Lorsqu'il s'agit de d\u00e9terminer s'il convient de travailler avec une entreprise de fintech, il convient de pr\u00eater attention \u00e0 quatre crit\u00e8res principaux.<\/p>\t\t\t\t\t\t\t\t<\/div>\n\t\t\t\t<\/div>\n\t\t\t\t\t<\/div>\n\t\t<\/div>\n\t\t\t\t<div class=\"elementor-column elementor-col-25 elementor-top-column elementor-element elementor-element-cd5cee5\" data-id=\"cd5cee5\" data-element_type=\"column\" data-e-type=\"column\">\n\t\t\t<div class=\"elementor-widget-wrap elementor-element-populated\">\n\t\t\t\t\t\t<div class=\"elementor-element elementor-element-26bc6fe elementor-widget elementor-widget-heading\" data-id=\"26bc6fe\" data-element_type=\"widget\" data-e-type=\"widget\" data-widget_type=\"heading.default\">\n\t\t\t\t<div class=\"elementor-widget-container\">\n\t\t\t\t\t<h5 class=\"elementor-heading-title elementor-size-default\">Plateformes de gestion de patrimoine<\/h5>\t\t\t\t<\/div>\n\t\t\t\t<\/div>\n\t\t\t\t<div class=\"elementor-element elementor-element-9e39dce elementor-widget-divider--view-line elementor-widget elementor-widget-divider\" data-id=\"9e39dce\" data-element_type=\"widget\" data-e-type=\"widget\" data-widget_type=\"divider.default\">\n\t\t\t\t<div class=\"elementor-widget-container\">\n\t\t\t\t\t\t\t<div class=\"elementor-divider\">\n\t\t\t<span class=\"elementor-divider-separator\">\n\t\t\t\t\t\t<\/span>\n\t\t<\/div>\n\t\t\t\t\t\t<\/div>\n\t\t\t\t<\/div>\n\t\t\t\t<div class=\"elementor-element elementor-element-9ec79c4 elementor-widget elementor-widget-text-editor\" data-id=\"9ec79c4\" data-element_type=\"widget\" data-e-type=\"widget\" data-widget_type=\"text-editor.default\">\n\t\t\t\t<div class=\"elementor-widget-container\">\n\t\t\t\t\t\t\t\t\t<p>La tranquillit\u00e9 d'esprit financi\u00e8re n'a pas la m\u00eame signification pour tous les investisseurs.  Une plateforme de patrimoine num\u00e9rique con\u00e7ue pour r\u00e9pondre \u00e0 des besoins sophistiqu\u00e9s peut faciliter l'obtention de cette tranquillit\u00e9 d'esprit.\u00a0<\/p>\t\t\t\t\t\t\t\t<\/div>\n\t\t\t\t<\/div>\n\t\t\t\t\t<\/div>\n\t\t<\/div>\n\t\t\t\t<div class=\"elementor-column elementor-col-25 elementor-top-column elementor-element elementor-element-077318c\" data-id=\"077318c\" data-element_type=\"column\" data-e-type=\"column\">\n\t\t\t<div class=\"elementor-widget-wrap elementor-element-populated\">\n\t\t\t\t\t\t<div class=\"elementor-element elementor-element-bc55577 elementor-widget elementor-widget-heading\" data-id=\"bc55577\" data-element_type=\"widget\" data-e-type=\"widget\" data-widget_type=\"heading.default\">\n\t\t\t\t<div class=\"elementor-widget-container\">\n\t\t\t\t\t<h5 class=\"elementor-heading-title elementor-size-default\">Cr\u00e9ation d'une empreinte num\u00e9rique<\/h5>\t\t\t\t<\/div>\n\t\t\t\t<\/div>\n\t\t\t\t<div class=\"elementor-element elementor-element-b93c36e elementor-widget-divider--view-line elementor-widget elementor-widget-divider\" data-id=\"b93c36e\" data-element_type=\"widget\" data-e-type=\"widget\" data-widget_type=\"divider.default\">\n\t\t\t\t<div class=\"elementor-widget-container\">\n\t\t\t\t\t\t\t<div class=\"elementor-divider\">\n\t\t\t<span class=\"elementor-divider-separator\">\n\t\t\t\t\t\t<\/span>\n\t\t<\/div>\n\t\t\t\t\t\t<\/div>\n\t\t\t\t<\/div>\n\t\t\t\t<div class=\"elementor-element elementor-element-756e878 elementor-widget elementor-widget-text-editor\" data-id=\"756e878\" data-element_type=\"widget\" data-e-type=\"widget\" data-widget_type=\"text-editor.default\">\n\t\t\t\t<div class=\"elementor-widget-container\">\n\t\t\t\t\t\t\t\t\t<p>Les ressources financi\u00e8res des familles riches en font des cibles attrayantes pour les chercheurs d'informations malveillants. Il y a trois choses essentielles \u00e0 faire pour g\u00e9rer avec succ\u00e8s la pr\u00e9sence de votre famille sur le web.<\/p>\t\t\t\t\t\t\t\t<\/div>\n\t\t\t\t<\/div>\n\t\t\t\t\t<\/div>\n\t\t<\/div>\n\t\t\t\t<div class=\"elementor-column elementor-col-25 elementor-top-column elementor-element elementor-element-da47959\" data-id=\"da47959\" data-element_type=\"column\" data-e-type=\"column\">\n\t\t\t<div class=\"elementor-widget-wrap elementor-element-populated\">\n\t\t\t\t\t\t<div class=\"elementor-element elementor-element-2fc658f elementor-widget elementor-widget-heading\" data-id=\"2fc658f\" data-element_type=\"widget\" data-e-type=\"widget\" data-widget_type=\"heading.default\">\n\t\t\t\t<div class=\"elementor-widget-container\">\n\t\t\t\t\t<h5 class=\"elementor-heading-title elementor-size-default\">L'IA : la prochaine fronti\u00e8re \u00e9conomique ?<\/h5>\t\t\t\t<\/div>\n\t\t\t\t<\/div>\n\t\t\t\t<div class=\"elementor-element elementor-element-ff33b01 elementor-widget-divider--view-line elementor-widget elementor-widget-divider\" data-id=\"ff33b01\" data-element_type=\"widget\" data-e-type=\"widget\" data-widget_type=\"divider.default\">\n\t\t\t\t<div class=\"elementor-widget-container\">\n\t\t\t\t\t\t\t<div class=\"elementor-divider\">\n\t\t\t<span class=\"elementor-divider-separator\">\n\t\t\t\t\t\t<\/span>\n\t\t<\/div>\n\t\t\t\t\t\t<\/div>\n\t\t\t\t<\/div>\n\t\t\t\t<div class=\"elementor-element elementor-element-8407a8a elementor-widget elementor-widget-text-editor\" data-id=\"8407a8a\" data-element_type=\"widget\" data-e-type=\"widget\" data-widget_type=\"text-editor.default\">\n\t\t\t\t<div class=\"elementor-widget-container\">\n\t\t\t\t\t\t\t\t\t<p>L'IA offre un potentiel de transformation dans des secteurs tels que les v\u00e9hicules autonomes, les soins de sant\u00e9, la vente au d\u00e9tail et les processus industriels - mais les humains restent meilleurs pour prendre des d\u00e9cisions d'investissement cl\u00e9s.<\/p>\t\t\t\t\t\t\t\t<\/div>\n\t\t\t\t<\/div>\n\t\t\t\t\t<\/div>\n\t\t<\/div>\n\t\t\t\t\t<\/div>\n\t\t<\/section>\n\t\t\t\t<section class=\"elementor-section elementor-top-section elementor-element elementor-element-3095d7a elementor-section-boxed elementor-section-height-default elementor-section-height-default\" data-id=\"3095d7a\" data-element_type=\"section\" data-e-type=\"section\" data-settings=\"{&quot;background_background&quot;:&quot;classic&quot;}\">\n\t\t\t\t\t\t<div class=\"elementor-container elementor-column-gap-default\">\n\t\t\t\t\t<div class=\"elementor-column elementor-col-100 elementor-top-column elementor-element elementor-element-f13801d\" data-id=\"f13801d\" data-element_type=\"column\" data-e-type=\"column\">\n\t\t\t<div class=\"elementor-widget-wrap elementor-element-populated\">\n\t\t\t\t\t\t<div class=\"elementor-element elementor-element-7c48e17 elementor-widget elementor-widget-heading\" data-id=\"7c48e17\" data-element_type=\"widget\" data-e-type=\"widget\" data-widget_type=\"heading.default\">\n\t\t\t\t<div class=\"elementor-widget-container\">\n\t\t\t\t\t<h3 class=\"elementor-heading-title elementor-size-default\">Acc\u00e9dez d\u00e8s maintenant \u00e0 votre eBook<\/h3>\t\t\t\t<\/div>\n\t\t\t\t<\/div>\n\t\t\t\t<div class=\"elementor-element elementor-element-880ed20 elementor-widget elementor-widget-text-editor\" data-id=\"880ed20\" data-element_type=\"widget\" data-e-type=\"widget\" data-widget_type=\"text-editor.default\">\n\t\t\t\t<div class=\"elementor-widget-container\">\n\t\t\t\t\t\t\t\t\t<p>Compl\u00e9tez le formulaire ci-dessous et recevez votre lien de t\u00e9l\u00e9chargement personnel par e-mail.<\/p>\t\t\t\t\t\t\t\t<\/div>\n\t\t\t\t<\/div>\n\t\t\t\t\t<\/div>\n\t\t<\/div>\n\t\t\t\t\t<\/div>\n\t\t<\/section>\n\t\t\t\t<section class=\"elementor-section elementor-top-section elementor-element elementor-element-e99fea0 elementor-section-content-top landing-form elementor-section-boxed elementor-section-height-default elementor-section-height-default\" data-id=\"e99fea0\" data-element_type=\"section\" data-e-type=\"section\" data-settings=\"{&quot;background_background&quot;:&quot;classic&quot;}\">\n\t\t\t\t\t\t<div class=\"elementor-container elementor-column-gap-default\">\n\t\t\t\t\t<div class=\"elementor-column elementor-col-50 elementor-top-column elementor-element elementor-element-983d73e\" data-id=\"983d73e\" data-element_type=\"column\" data-e-type=\"column\">\n\t\t\t<div class=\"elementor-widget-wrap elementor-element-populated\">\n\t\t\t\t\t\t<div class=\"elementor-element elementor-element-ee9a724 elementor-widget elementor-widget-image\" data-id=\"ee9a724\" data-element_type=\"widget\" data-e-type=\"widget\" data-widget_type=\"image.default\">\n\t\t\t\t<div class=\"elementor-widget-container\">\n\t\t\t\t\t\t\t\t\t\t\t\t\t\t\t<img fetchpriority=\"high\" decoding=\"async\" width=\"800\" height=\"800\" src=\"https:\/\/altoo.io\/live01\/wp-content\/uploads\/2024\/11\/capitalising-handbook-1024x1024.png\" class=\"attachment-large size-large wp-image-37755\" alt=\"\" srcset=\"https:\/\/altoo.io\/live01\/wp-content\/uploads\/2024\/11\/capitalising-handbook-1024x1024.png 1024w, https:\/\/altoo.io\/live01\/wp-content\/uploads\/2024\/11\/capitalising-handbook-300x300.png 300w, https:\/\/altoo.io\/live01\/wp-content\/uploads\/2024\/11\/capitalising-handbook-150x150.png 150w, https:\/\/altoo.io\/live01\/wp-content\/uploads\/2024\/11\/capitalising-handbook-768x768.png 768w, https:\/\/altoo.io\/live01\/wp-content\/uploads\/2024\/11\/capitalising-handbook-12x12.png 12w, https:\/\/altoo.io\/live01\/wp-content\/uploads\/2024\/11\/capitalising-handbook-600x600.png 600w, https:\/\/altoo.io\/live01\/wp-content\/uploads\/2024\/11\/capitalising-handbook.png 1200w\" sizes=\"(max-width: 800px) 100vw, 800px\" \/>\t\t\t\t\t\t\t\t\t\t\t\t\t\t\t<\/div>\n\t\t\t\t<\/div>\n\t\t\t\t\t<\/div>\n\t\t<\/div>\n\t\t\t\t<div class=\"elementor-column elementor-col-50 elementor-top-column elementor-element elementor-element-b013ec2\" data-id=\"b013ec2\" data-element_type=\"column\" data-e-type=\"column\">\n\t\t\t<div class=\"elementor-widget-wrap elementor-element-populated\">\n\t\t\t\t\t\t<div class=\"elementor-element elementor-element-43850b7 eBook-form elementor-widget elementor-widget-html\" data-id=\"43850b7\" data-element_type=\"widget\" data-e-type=\"widget\" data-widget_type=\"html.default\">\n\t\t\t\t<div class=\"elementor-widget-container\">\n\t\t\t\t\t<iframe src=\"https:\/\/forms.zohopublic.eu\/altooag\/form\/EBookDownload\/formperma\/mqKTYw9i05wSINRCYO-hg98TggL4T4EgM-lVgKoqL9g?ID=4\" style=\"border:none; width: 100%; height: 900px\" title=\"Exemple d&#039;Iframe\"><\/iframe>\t\t\t\t<\/div>\n\t\t\t\t<\/div>\n\t\t\t\t\t<\/div>\n\t\t<\/div>\n\t\t\t\t\t<\/div>\n\t\t<\/section>\n\t\t\t\t<section class=\"elementor-section elementor-top-section elementor-element elementor-element-b10267b eBook-content elementor-section-boxed elementor-section-height-default elementor-section-height-default\" data-id=\"b10267b\" data-element_type=\"section\" data-e-type=\"section\" data-settings=\"{&quot;background_background&quot;:&quot;classic&quot;}\">\n\t\t\t\t\t\t<div class=\"elementor-container elementor-column-gap-default\">\n\t\t\t\t\t<div class=\"elementor-column elementor-col-33 elementor-top-column elementor-element elementor-element-a7f0644\" data-id=\"a7f0644\" data-element_type=\"column\" data-e-type=\"column\">\n\t\t\t<div class=\"elementor-widget-wrap elementor-element-populated\">\n\t\t\t\t\t\t<div class=\"elementor-element elementor-element-265dd74 elementor-widget elementor-widget-image\" data-id=\"265dd74\" data-element_type=\"widget\" data-e-type=\"widget\" data-widget_type=\"image.default\">\n\t\t\t\t<div class=\"elementor-widget-container\">\n\t\t\t\t\t\t\t\t\t\t\t\t\t\t\t<img decoding=\"async\" width=\"800\" height=\"875\" src=\"https:\/\/altoo.io\/live01\/wp-content\/uploads\/2024\/11\/capitalsing-editor.png\" class=\"attachment-large size-large wp-image-37756\" alt=\"\" srcset=\"https:\/\/altoo.io\/live01\/wp-content\/uploads\/2024\/11\/capitalsing-editor.png 810w, https:\/\/altoo.io\/live01\/wp-content\/uploads\/2024\/11\/capitalsing-editor-274x300.png 274w, https:\/\/altoo.io\/live01\/wp-content\/uploads\/2024\/11\/capitalsing-editor-768x840.png 768w, https:\/\/altoo.io\/live01\/wp-content\/uploads\/2024\/11\/capitalsing-editor-11x12.png 11w, https:\/\/altoo.io\/live01\/wp-content\/uploads\/2024\/11\/capitalsing-editor-549x600.png 549w\" sizes=\"(max-width: 800px) 100vw, 800px\" \/>\t\t\t\t\t\t\t\t\t\t\t\t\t\t\t<\/div>\n\t\t\t\t<\/div>\n\t\t\t\t\t<\/div>\n\t\t<\/div>\n\t\t\t\t<div class=\"elementor-column elementor-col-66 elementor-top-column elementor-element elementor-element-8039767\" data-id=\"8039767\" data-element_type=\"column\" data-e-type=\"column\">\n\t\t\t<div class=\"elementor-widget-wrap elementor-element-populated\">\n\t\t\t\t\t\t<div class=\"elementor-element elementor-element-6578a13 elementor-widget elementor-widget-heading\" data-id=\"6578a13\" data-element_type=\"widget\" data-e-type=\"widget\" data-widget_type=\"heading.default\">\n\t\t\t\t<div class=\"elementor-widget-container\">\n\t\t\t\t\t<h3 class=\"elementor-heading-title elementor-size-default\">Le Mot de la R\u00e9daction<\/h3>\t\t\t\t<\/div>\n\t\t\t\t<\/div>\n\t\t\t\t<div class=\"elementor-element elementor-element-4537d03 elementor-widget elementor-widget-text-editor\" data-id=\"4537d03\" data-element_type=\"widget\" data-e-type=\"widget\" data-widget_type=\"text-editor.default\">\n\t\t\t\t<div class=\"elementor-widget-container\">\n\t\t\t\t\t\t\t\t\t<p>Capitaliser sur la technologie : La voie de la sagesse offre des perspectives essentielles pour tirer parti de la technologie afin d'am\u00e9liorer la croissance financi\u00e8re.&nbsp;<\/p>\n<p>Cet eBook pr\u00e9sente \u00e9galement une liste de contr\u00f4le pour l'\u00e9valuation des fournisseurs de fintech, des conseils sur la conservation d'une empreinte num\u00e9rique s\u00e9curis\u00e9e et une exploration des plateformes de patrimoine num\u00e9rique pour simplifier les portefeuilles complexes. Il se penche sur l'intelligence artificielle en tant que fronti\u00e8re \u00e9conomique pivot, r\u00e9v\u00e9lant son r\u00f4le transformateur dans la gestion de patrimoine.&nbsp;<\/p><p>En outre, nous expliquons en d\u00e9tail comment la plateforme Altoo Wealth permet de pr\u00e9server le patrimoine gr\u00e2ce \u00e0 une gestion financi\u00e8re rationalis\u00e9e.&nbsp;<\/p><p>Gr\u00e2ce \u00e0 des conseils pratiques, notre livre \u00e9lectronique sert de feuille de route \u00e0 ceux qui adoptent les outils num\u00e9riques pour faire fructifier leur patrimoine. La s\u00e9rie ELITE WEALTH vous permettra d'en savoir plus sur l'\u00e9volution du paysage patrimonial d'aujourd'hui.<\/p>\t\t\t\t\t\t\t\t<\/div>\n\t\t\t\t<\/div>\n\t\t\t\t\t<\/div>\n\t\t<\/div>\n\t\t\t\t\t<\/div>\n\t\t<\/section>\n\t\t\t\t<\/div>","protected":false},"excerpt":{"rendered":"<p>Capitalising on Technology The Wise Way Forward Explore how to leverage cutting-edge technology to enhance financial strategies and optimize wealth management. Inside the eBook Get insights on assessing fintech solutions, digital platforms, and the role of AI in shaping the future of personal finance. A Checklist for Assessing Fintech Providers The fintech space is full [&hellip;]<\/p>\n","protected":false},"author":13,"featured_media":0,"parent":0,"menu_order":0,"comment_status":"closed","ping_status":"closed","template":"elementor_header_footer","meta":{"inline_featured_image":false,"cybocfi_hide_featured_image":"","two_page_speed":{"current_score":{"desktop_score":84,"desktop_tti":"1.8\u00a0","mobile_score":47,"mobile_tti":"12.2\u00a0","date":"06.07.2025 10:05:18 am","status":"error_no_score"}},"footnotes":""},"class_list":["post-37705","page","type-page","status-publish","hentry"],"_links":{"self":[{"href":"https:\/\/altoo.io\/fr\/wp-json\/wp\/v2\/pages\/37705","targetHints":{"allow":["GET"]}}],"collection":[{"href":"https:\/\/altoo.io\/fr\/wp-json\/wp\/v2\/pages"}],"about":[{"href":"https:\/\/altoo.io\/fr\/wp-json\/wp\/v2\/types\/page"}],"author":[{"embeddable":true,"href":"https:\/\/altoo.io\/fr\/wp-json\/wp\/v2\/users\/13"}],"replies":[{"embeddable":true,"href":"https:\/\/altoo.io\/fr\/wp-json\/wp\/v2\/comments?post=37705"}],"version-history":[{"count":101,"href":"https:\/\/altoo.io\/fr\/wp-json\/wp\/v2\/pages\/37705\/revisions"}],"predecessor-version":[{"id":38954,"href":"https:\/\/altoo.io\/fr\/wp-json\/wp\/v2\/pages\/37705\/revisions\/38954"}],"wp:attachment":[{"href":"https:\/\/altoo.io\/fr\/wp-json\/wp\/v2\/media?parent=37705"}],"curies":[{"name":"wp","href":"https:\/\/api.w.org\/{rel}","templated":true}]}}