{"id":37699,"date":"2024-11-04T11:21:40","date_gmt":"2024-11-04T10:21:40","guid":{"rendered":"https:\/\/altoo.io\/?page_id=37699"},"modified":"2025-08-22T07:25:55","modified_gmt":"2025-08-22T05:25:55","slug":"maintaining-momentum-the-long-game","status":"publish","type":"page","link":"https:\/\/altoo.io\/fr\/maintaining-momentum-the-long-game\/","title":{"rendered":"Maintenir l'\u00e9lan Le jeu \u00e0 long terme"},"content":{"rendered":"<div data-elementor-type=\"wp-page\" data-elementor-id=\"37699\" class=\"elementor elementor-37699\" data-elementor-post-type=\"page\">\n\t\t\t\t\t\t<section class=\"elementor-section elementor-top-section elementor-element elementor-element-6cfc76d front-hero elementor-section-boxed elementor-section-height-default elementor-section-height-default\" data-id=\"6cfc76d\" data-element_type=\"section\" data-e-type=\"section\" data-settings=\"{&quot;background_background&quot;:&quot;classic&quot;}\">\n\t\t\t\t\t\t\t<div class=\"elementor-background-overlay\"><\/div>\n\t\t\t\t\t\t\t<div class=\"elementor-container elementor-column-gap-default\">\n\t\t\t\t\t<div class=\"elementor-column elementor-col-50 elementor-top-column elementor-element elementor-element-fc76d90\" data-id=\"fc76d90\" data-element_type=\"column\" data-e-type=\"column\">\n\t\t\t<div class=\"elementor-widget-wrap elementor-element-populated\">\n\t\t\t\t\t\t<div class=\"elementor-element elementor-element-3541454 elementor-widget elementor-widget-heading\" data-id=\"3541454\" data-element_type=\"widget\" data-e-type=\"widget\" data-widget_type=\"heading.default\">\n\t\t\t\t<div class=\"elementor-widget-container\">\n\t\t\t\t\t<h2 class=\"elementor-heading-title elementor-size-default\">Maintaining Momentum<\/h2>\t\t\t\t<\/div>\n\t\t\t\t<\/div>\n\t\t\t\t<div class=\"elementor-element elementor-element-2825451 elementor-widget elementor-widget-heading\" data-id=\"2825451\" data-element_type=\"widget\" data-e-type=\"widget\" data-widget_type=\"heading.default\">\n\t\t\t\t<div class=\"elementor-widget-container\">\n\t\t\t\t\t<h5 class=\"elementor-heading-title elementor-size-default\">The Long Game<\/h5>\t\t\t\t<\/div>\n\t\t\t\t<\/div>\n\t\t\t\t<div class=\"elementor-element elementor-element-88538a8 elementor-widget elementor-widget-text-editor\" data-id=\"88538a8\" data-element_type=\"widget\" data-e-type=\"widget\" data-widget_type=\"text-editor.default\">\n\t\t\t\t<div class=\"elementor-widget-container\">\n\t\t\t\t\t\t\t\t\t<p><span style=\"color: #c2a6dc;\">Ma\u00eetrisez l'art de la r\u00e9ussite durable gr\u00e2ce \u00e0 des conseils d'experts sur le mentorat, le r\u00e9seautage et les principes de gestion de Jeff Bezos.<\/span><\/p>\t\t\t\t\t\t\t\t<\/div>\n\t\t\t\t<\/div>\n\t\t\t\t\t<\/div>\n\t\t<\/div>\n\t\t\t\t<div class=\"elementor-column elementor-col-50 elementor-top-column elementor-element elementor-element-70e3f08\" data-id=\"70e3f08\" data-element_type=\"column\" data-e-type=\"column\">\n\t\t\t<div class=\"elementor-widget-wrap elementor-element-populated\">\n\t\t\t\t\t\t<div class=\"elementor-element elementor-element-992cba5 elementor-widget elementor-widget-image\" data-id=\"992cba5\" data-element_type=\"widget\" data-e-type=\"widget\" data-widget_type=\"image.default\">\n\t\t\t\t<div class=\"elementor-widget-container\">\n\t\t\t\t\t\t\t\t\t\t\t\t\t\t\t<img decoding=\"async\" src=\"https:\/\/altoo.io\/live01\/wp-content\/uploads\/elementor\/thumbs\/elite-wealth-03-qwiorovem4j6os9ugoj24ij2sztsbemnrqp0ijnu6y.jpg\" title=\"\" alt=\"Maintaining Momentum: The Long Game\" loading=\"lazy\" \/>\t\t\t\t\t\t\t\t\t\t\t\t\t\t\t<\/div>\n\t\t\t\t<\/div>\n\t\t\t\t\t<\/div>\n\t\t<\/div>\n\t\t\t\t\t<\/div>\n\t\t<\/section>\n\t\t\t\t<section class=\"elementor-section elementor-top-section elementor-element elementor-element-1cf9f53 eBook-content elementor-section-boxed elementor-section-height-default elementor-section-height-default\" data-id=\"1cf9f53\" data-element_type=\"section\" data-e-type=\"section\" data-settings=\"{&quot;background_background&quot;:&quot;classic&quot;}\">\n\t\t\t\t\t\t<div class=\"elementor-container elementor-column-gap-default\">\n\t\t\t\t\t<div class=\"elementor-column elementor-col-100 elementor-top-column elementor-element elementor-element-1a61a5c\" data-id=\"1a61a5c\" data-element_type=\"column\" data-e-type=\"column\">\n\t\t\t<div class=\"elementor-widget-wrap elementor-element-populated\">\n\t\t\t\t\t\t<div class=\"elementor-element elementor-element-330598c elementor-widget elementor-widget-heading\" data-id=\"330598c\" data-element_type=\"widget\" data-e-type=\"widget\" data-widget_type=\"heading.default\">\n\t\t\t\t<div class=\"elementor-widget-container\">\n\t\t\t\t\t<h3 class=\"elementor-heading-title elementor-size-default\">\u00c0 travers cet eBook<\/h3>\t\t\t\t<\/div>\n\t\t\t\t<\/div>\n\t\t\t\t<div class=\"elementor-element elementor-element-72b2a59 elementor-widget elementor-widget-text-editor\" data-id=\"72b2a59\" data-element_type=\"widget\" data-e-type=\"widget\" data-widget_type=\"text-editor.default\">\n\t\t\t\t<div class=\"elementor-widget-container\">\n\t\t\t\t\t\t\t\t\t<p>Acc\u00e9l\u00e9rez votre parcours, d\u00e9veloppez une influence durable et adoptez un \u00e9tat d'esprit de milliardaire gr\u00e2ce \u00e0 nos conseils pratiques (en anglais).<\/p>\t\t\t\t\t\t\t\t<\/div>\n\t\t\t\t<\/div>\n\t\t\t\t\t<\/div>\n\t\t<\/div>\n\t\t\t\t\t<\/div>\n\t\t<\/section>\n\t\t\t\t<section class=\"elementor-section elementor-top-section elementor-element elementor-element-f43c52c eBook-content elementor-section-boxed elementor-section-height-default elementor-section-height-default\" data-id=\"f43c52c\" data-element_type=\"section\" data-e-type=\"section\" data-settings=\"{&quot;background_background&quot;:&quot;classic&quot;}\">\n\t\t\t\t\t\t<div class=\"elementor-container elementor-column-gap-default\">\n\t\t\t\t\t<div class=\"elementor-column elementor-col-33 elementor-top-column elementor-element elementor-element-a67d09f\" data-id=\"a67d09f\" data-element_type=\"column\" data-e-type=\"column\">\n\t\t\t<div class=\"elementor-widget-wrap elementor-element-populated\">\n\t\t\t\t\t\t<div class=\"elementor-element elementor-element-f9e4e22 elementor-widget elementor-widget-heading\" data-id=\"f9e4e22\" data-element_type=\"widget\" data-e-type=\"widget\" data-widget_type=\"heading.default\">\n\t\t\t\t<div class=\"elementor-widget-container\">\n\t\t\t\t\t<h5 class=\"elementor-heading-title elementor-size-default\">Jeff Bezos et les principes de gestion qui sous-tendent la transformation d'Amazon<\/h5>\t\t\t\t<\/div>\n\t\t\t\t<\/div>\n\t\t\t\t<div class=\"elementor-element elementor-element-65a36f4 elementor-widget-divider--view-line elementor-widget elementor-widget-divider\" data-id=\"65a36f4\" data-element_type=\"widget\" data-e-type=\"widget\" data-widget_type=\"divider.default\">\n\t\t\t\t<div class=\"elementor-widget-container\">\n\t\t\t\t\t\t\t<div class=\"elementor-divider\">\n\t\t\t<span class=\"elementor-divider-separator\">\n\t\t\t\t\t\t<\/span>\n\t\t<\/div>\n\t\t\t\t\t\t<\/div>\n\t\t\t\t<\/div>\n\t\t\t\t<div class=\"elementor-element elementor-element-b05e6f5 elementor-widget elementor-widget-text-editor\" data-id=\"b05e6f5\" data-element_type=\"widget\" data-e-type=\"widget\" data-widget_type=\"text-editor.default\">\n\t\t\t\t<div class=\"elementor-widget-container\">\n\t\t\t\t\t\t\t\t\t<p>Certains des principes de Jeff Bezos sont bien connus, comme son obsession du client. D'autres, en revanche, ont \u00e9t\u00e9 moins m\u00e9diatis\u00e9s. Six de ces principes sont particuli\u00e8rement remarquables.<\/p>\t\t\t\t\t\t\t\t<\/div>\n\t\t\t\t<\/div>\n\t\t\t\t\t<\/div>\n\t\t<\/div>\n\t\t\t\t<div class=\"elementor-column elementor-col-33 elementor-top-column elementor-element elementor-element-077318c\" data-id=\"077318c\" data-element_type=\"column\" data-e-type=\"column\">\n\t\t\t<div class=\"elementor-widget-wrap elementor-element-populated\">\n\t\t\t\t\t\t<div class=\"elementor-element elementor-element-bc55577 elementor-widget elementor-widget-heading\" data-id=\"bc55577\" data-element_type=\"widget\" data-e-type=\"widget\" data-widget_type=\"heading.default\">\n\t\t\t\t<div class=\"elementor-widget-container\">\n\t\t\t\t\t<h5 class=\"elementor-heading-title elementor-size-default\">L'\u00e9tat d'esprit du milliardaire :<br>Le chemin de la richesse<\/h5>\t\t\t\t<\/div>\n\t\t\t\t<\/div>\n\t\t\t\t<div class=\"elementor-element elementor-element-b93c36e elementor-widget-divider--view-line elementor-widget elementor-widget-divider\" data-id=\"b93c36e\" data-element_type=\"widget\" data-e-type=\"widget\" data-widget_type=\"divider.default\">\n\t\t\t\t<div class=\"elementor-widget-container\">\n\t\t\t\t\t\t\t<div class=\"elementor-divider\">\n\t\t\t<span class=\"elementor-divider-separator\">\n\t\t\t\t\t\t<\/span>\n\t\t<\/div>\n\t\t\t\t\t\t<\/div>\n\t\t\t\t<\/div>\n\t\t\t\t<div class=\"elementor-element elementor-element-756e878 elementor-widget elementor-widget-text-editor\" data-id=\"756e878\" data-element_type=\"widget\" data-e-type=\"widget\" data-widget_type=\"text-editor.default\">\n\t\t\t\t<div class=\"elementor-widget-container\">\n\t\t\t\t\t\t\t\t\t<p>Cet \u00e9tat d'esprit ne se r\u00e9sume pas aux chiffres. Il s'agit \u00e9galement d'envisager un avenir meilleur, de rester fort face \u00e0 l'adversit\u00e9, de penser diff\u00e9remment et d'adopter l'innovation.<\/p>\t\t\t\t\t\t\t\t<\/div>\n\t\t\t\t<\/div>\n\t\t\t\t\t<\/div>\n\t\t<\/div>\n\t\t\t\t<div class=\"elementor-column elementor-col-33 elementor-top-column elementor-element elementor-element-2fdb832\" data-id=\"2fdb832\" data-element_type=\"column\" data-e-type=\"column\">\n\t\t\t<div class=\"elementor-widget-wrap elementor-element-populated\">\n\t\t\t\t\t\t<div class=\"elementor-element elementor-element-c614587 elementor-widget elementor-widget-heading\" data-id=\"c614587\" data-element_type=\"widget\" data-e-type=\"widget\" data-widget_type=\"heading.default\">\n\t\t\t\t<div class=\"elementor-widget-container\">\n\t\t\t\t\t<h5 class=\"elementor-heading-title elementor-size-default\">Mentorat et mise en r\u00e9seau : comment mettre en place un syst\u00e8me de soutien pour r\u00e9ussir<\/h5>\t\t\t\t<\/div>\n\t\t\t\t<\/div>\n\t\t\t\t<div class=\"elementor-element elementor-element-1cdd672 elementor-widget-divider--view-line elementor-widget elementor-widget-divider\" data-id=\"1cdd672\" data-element_type=\"widget\" data-e-type=\"widget\" data-widget_type=\"divider.default\">\n\t\t\t\t<div class=\"elementor-widget-container\">\n\t\t\t\t\t\t\t<div class=\"elementor-divider\">\n\t\t\t<span class=\"elementor-divider-separator\">\n\t\t\t\t\t\t<\/span>\n\t\t<\/div>\n\t\t\t\t\t\t<\/div>\n\t\t\t\t<\/div>\n\t\t\t\t<div class=\"elementor-element elementor-element-023ccb5 elementor-widget elementor-widget-text-editor\" data-id=\"023ccb5\" data-element_type=\"widget\" data-e-type=\"widget\" data-widget_type=\"text-editor.default\">\n\t\t\t\t<div class=\"elementor-widget-container\">\n\t\t\t\t\t\t\t\t\t<p>Dans le monde de la richesse, le r\u00e9seautage et le mentorat sont plus que des atouts : ce sont des \u00e9l\u00e9ments essentiels de la r\u00e9ussite \u00e0 long terme et de l'am\u00e9lioration de soi.<\/p>\t\t\t\t\t\t\t\t<\/div>\n\t\t\t\t<\/div>\n\t\t\t\t\t<\/div>\n\t\t<\/div>\n\t\t\t\t\t<\/div>\n\t\t<\/section>\n\t\t\t\t<section class=\"elementor-section elementor-top-section elementor-element elementor-element-3095d7a elementor-section-boxed elementor-section-height-default elementor-section-height-default\" data-id=\"3095d7a\" data-element_type=\"section\" data-e-type=\"section\" data-settings=\"{&quot;background_background&quot;:&quot;classic&quot;}\">\n\t\t\t\t\t\t<div class=\"elementor-container elementor-column-gap-default\">\n\t\t\t\t\t<div class=\"elementor-column elementor-col-100 elementor-top-column elementor-element elementor-element-f13801d\" data-id=\"f13801d\" data-element_type=\"column\" data-e-type=\"column\">\n\t\t\t<div class=\"elementor-widget-wrap elementor-element-populated\">\n\t\t\t\t\t\t<div class=\"elementor-element elementor-element-7c48e17 elementor-widget elementor-widget-heading\" data-id=\"7c48e17\" data-element_type=\"widget\" data-e-type=\"widget\" data-widget_type=\"heading.default\">\n\t\t\t\t<div class=\"elementor-widget-container\">\n\t\t\t\t\t<h3 class=\"elementor-heading-title elementor-size-default\">Acc\u00e9dez d\u00e8s maintenant \u00e0 votre eBook<\/h3>\t\t\t\t<\/div>\n\t\t\t\t<\/div>\n\t\t\t\t<div class=\"elementor-element elementor-element-880ed20 elementor-widget elementor-widget-text-editor\" data-id=\"880ed20\" data-element_type=\"widget\" data-e-type=\"widget\" data-widget_type=\"text-editor.default\">\n\t\t\t\t<div class=\"elementor-widget-container\">\n\t\t\t\t\t\t\t\t\t<p>Compl\u00e9tez le formulaire ci-dessous et recevez votre lien de t\u00e9l\u00e9chargement personnel par e-mail.<\/p>\t\t\t\t\t\t\t\t<\/div>\n\t\t\t\t<\/div>\n\t\t\t\t\t<\/div>\n\t\t<\/div>\n\t\t\t\t\t<\/div>\n\t\t<\/section>\n\t\t\t\t<section class=\"elementor-section elementor-top-section elementor-element elementor-element-e99fea0 elementor-section-content-top landing-form elementor-section-boxed elementor-section-height-default elementor-section-height-default\" data-id=\"e99fea0\" data-element_type=\"section\" data-e-type=\"section\" data-settings=\"{&quot;background_background&quot;:&quot;classic&quot;}\">\n\t\t\t\t\t\t<div class=\"elementor-container elementor-column-gap-default\">\n\t\t\t\t\t<div class=\"elementor-column elementor-col-50 elementor-top-column elementor-element elementor-element-983d73e\" data-id=\"983d73e\" data-element_type=\"column\" data-e-type=\"column\">\n\t\t\t<div class=\"elementor-widget-wrap elementor-element-populated\">\n\t\t\t\t\t\t<div class=\"elementor-element elementor-element-ee9a724 elementor-widget elementor-widget-image\" data-id=\"ee9a724\" data-element_type=\"widget\" data-e-type=\"widget\" data-widget_type=\"image.default\">\n\t\t\t\t<div class=\"elementor-widget-container\">\n\t\t\t\t\t\t\t\t\t\t\t\t\t\t\t<img fetchpriority=\"high\" decoding=\"async\" width=\"800\" height=\"800\" src=\"https:\/\/altoo.io\/live01\/wp-content\/uploads\/2024\/11\/maintaining-handbook-1024x1024.png\" class=\"attachment-large size-large wp-image-37792\" alt=\"\" srcset=\"https:\/\/altoo.io\/live01\/wp-content\/uploads\/2024\/11\/maintaining-handbook-1024x1024.png 1024w, https:\/\/altoo.io\/live01\/wp-content\/uploads\/2024\/11\/maintaining-handbook-300x300.png 300w, https:\/\/altoo.io\/live01\/wp-content\/uploads\/2024\/11\/maintaining-handbook-150x150.png 150w, https:\/\/altoo.io\/live01\/wp-content\/uploads\/2024\/11\/maintaining-handbook-768x768.png 768w, https:\/\/altoo.io\/live01\/wp-content\/uploads\/2024\/11\/maintaining-handbook-12x12.png 12w, https:\/\/altoo.io\/live01\/wp-content\/uploads\/2024\/11\/maintaining-handbook-600x600.png 600w, https:\/\/altoo.io\/live01\/wp-content\/uploads\/2024\/11\/maintaining-handbook.png 1200w\" sizes=\"(max-width: 800px) 100vw, 800px\" \/>\t\t\t\t\t\t\t\t\t\t\t\t\t\t\t<\/div>\n\t\t\t\t<\/div>\n\t\t\t\t\t<\/div>\n\t\t<\/div>\n\t\t\t\t<div class=\"elementor-column elementor-col-50 elementor-top-column elementor-element elementor-element-b013ec2\" data-id=\"b013ec2\" data-element_type=\"column\" data-e-type=\"column\">\n\t\t\t<div class=\"elementor-widget-wrap elementor-element-populated\">\n\t\t\t\t\t\t<div class=\"elementor-element elementor-element-43850b7 eBook-form elementor-widget elementor-widget-html\" data-id=\"43850b7\" data-element_type=\"widget\" data-e-type=\"widget\" data-widget_type=\"html.default\">\n\t\t\t\t<div class=\"elementor-widget-container\">\n\t\t\t\t\t<iframe src=\"https:\/\/forms.zohopublic.eu\/altooag\/form\/EBookDownload\/formperma\/mqKTYw9i05wSINRCYO-hg98TggL4T4EgM-lVgKoqL9g?ID=2\" style=\"border:none; width: 100%; height: 900px\" title=\"Exemple d&#039;Iframe\"><\/iframe>\t\t\t\t<\/div>\n\t\t\t\t<\/div>\n\t\t\t\t\t<\/div>\n\t\t<\/div>\n\t\t\t\t\t<\/div>\n\t\t<\/section>\n\t\t\t\t<section class=\"elementor-section elementor-top-section elementor-element elementor-element-b10267b eBook-content elementor-section-boxed elementor-section-height-default elementor-section-height-default\" data-id=\"b10267b\" data-element_type=\"section\" data-e-type=\"section\" data-settings=\"{&quot;background_background&quot;:&quot;classic&quot;}\">\n\t\t\t\t\t\t<div class=\"elementor-container elementor-column-gap-default\">\n\t\t\t\t\t<div class=\"elementor-column elementor-col-33 elementor-top-column elementor-element elementor-element-a7f0644\" data-id=\"a7f0644\" data-element_type=\"column\" data-e-type=\"column\">\n\t\t\t<div class=\"elementor-widget-wrap elementor-element-populated\">\n\t\t\t\t\t\t<div class=\"elementor-element elementor-element-265dd74 elementor-widget elementor-widget-image\" data-id=\"265dd74\" data-element_type=\"widget\" data-e-type=\"widget\" data-widget_type=\"image.default\">\n\t\t\t\t<div class=\"elementor-widget-container\">\n\t\t\t\t\t\t\t\t\t\t\t\t\t\t\t<img decoding=\"async\" width=\"800\" height=\"875\" src=\"https:\/\/altoo.io\/live01\/wp-content\/uploads\/2024\/11\/maintaining-editor.png\" class=\"attachment-large size-large wp-image-37793\" alt=\"\" srcset=\"https:\/\/altoo.io\/live01\/wp-content\/uploads\/2024\/11\/maintaining-editor.png 810w, https:\/\/altoo.io\/live01\/wp-content\/uploads\/2024\/11\/maintaining-editor-274x300.png 274w, https:\/\/altoo.io\/live01\/wp-content\/uploads\/2024\/11\/maintaining-editor-768x840.png 768w, https:\/\/altoo.io\/live01\/wp-content\/uploads\/2024\/11\/maintaining-editor-11x12.png 11w, https:\/\/altoo.io\/live01\/wp-content\/uploads\/2024\/11\/maintaining-editor-549x600.png 549w\" sizes=\"(max-width: 800px) 100vw, 800px\" \/>\t\t\t\t\t\t\t\t\t\t\t\t\t\t\t<\/div>\n\t\t\t\t<\/div>\n\t\t\t\t\t<\/div>\n\t\t<\/div>\n\t\t\t\t<div class=\"elementor-column elementor-col-66 elementor-top-column elementor-element elementor-element-8039767\" data-id=\"8039767\" data-element_type=\"column\" data-e-type=\"column\">\n\t\t\t<div class=\"elementor-widget-wrap elementor-element-populated\">\n\t\t\t\t\t\t<div class=\"elementor-element elementor-element-6578a13 elementor-widget elementor-widget-heading\" data-id=\"6578a13\" data-element_type=\"widget\" data-e-type=\"widget\" data-widget_type=\"heading.default\">\n\t\t\t\t<div class=\"elementor-widget-container\">\n\t\t\t\t\t<h3 class=\"elementor-heading-title elementor-size-default\">Le Mot de la R\u00e9daction<\/h3>\t\t\t\t<\/div>\n\t\t\t\t<\/div>\n\t\t\t\t<div class=\"elementor-element elementor-element-4537d03 elementor-widget elementor-widget-text-editor\" data-id=\"4537d03\" data-element_type=\"widget\" data-e-type=\"widget\" data-widget_type=\"text-editor.default\">\n\t\t\t\t<div class=\"elementor-widget-container\">\n\t\t\t\t\t\t\t\t\t<p>Dans le monde d'aujourd'hui, o\u00f9 tout va tr\u00e8s vite, la ma\u00eetrise de l'art de la r\u00e9ussite durable exige plus que des comp\u00e9tences : elle exige une approche strat\u00e9gique des relations, du leadership et de la vision \u00e0 long terme. Notre livre \u00e9lectronique, Maintaining Momentum : The Long Game, offre des perspectives d'experts dans des domaines cl\u00e9s qui permettent aux leaders de d\u00e9velopper une influence et une r\u00e9silience durables.<\/p><p>Les trois articles du livre \u00e9lectronique examinent les strat\u00e9gies essentielles pour obtenir un impact durable. Le r\u00e9seautage explore le pouvoir des connexions strat\u00e9giques, en soulignant comment un r\u00e9seau solide peut alimenter la croissance personnelle et professionnelle. Le mentorat met en \u00e9vidence la valeur transformatrice des conseils et du partage de la sagesse des leaders du secteur, en soulignant comment le mentorat peut acc\u00e9l\u00e9rer la croissance. Enfin, nous explorons l'\u00e9tat d'esprit des milliardaires, en tirant des le\u00e7ons des principes de gestion de Jeff Bezos, pour vous donner un aper\u00e7u de l'\u00e9tat d'esprit et des strat\u00e9gies qui animent certains des hommes d'affaires les plus prosp\u00e8res au monde. Pour des conseils plus approfondis, consultez les autres livres \u00e9lectroniques de la s\u00e9rie ELITE WEALTH.<\/p>\t\t\t\t\t\t\t\t<\/div>\n\t\t\t\t<\/div>\n\t\t\t\t\t<\/div>\n\t\t<\/div>\n\t\t\t\t\t<\/div>\n\t\t<\/section>\n\t\t\t\t<\/div>","protected":false},"excerpt":{"rendered":"<p>Maintaining Momentum The Long Game Master the art of sustained success with expert insights on mentoring, networking, and Jeff Bezos&#8217; management principles. Inside the eBook Accelerate your journey, build lasting influence, and adopt a billionaire mindset through our practical tips. Jeff Bezos and the Management Principles behind Amazon\u00b4 s Transformation Some of Jeff Bezos&#8217; principles [&hellip;]<\/p>\n","protected":false},"author":13,"featured_media":0,"parent":0,"menu_order":0,"comment_status":"closed","ping_status":"closed","template":"elementor_header_footer","meta":{"inline_featured_image":false,"cybocfi_hide_featured_image":"","two_page_speed":{"current_score":{"desktop_score":81,"desktop_tti":"2.9\u00a0","mobile_score":60,"mobile_tti":"12.1\u00a0","date":"22.08.2025 07:26:41 am","status":"completed"}},"footnotes":""},"class_list":["post-37699","page","type-page","status-publish","hentry"],"_links":{"self":[{"href":"https:\/\/altoo.io\/fr\/wp-json\/wp\/v2\/pages\/37699","targetHints":{"allow":["GET"]}}],"collection":[{"href":"https:\/\/altoo.io\/fr\/wp-json\/wp\/v2\/pages"}],"about":[{"href":"https:\/\/altoo.io\/fr\/wp-json\/wp\/v2\/types\/page"}],"author":[{"embeddable":true,"href":"https:\/\/altoo.io\/fr\/wp-json\/wp\/v2\/users\/13"}],"replies":[{"embeddable":true,"href":"https:\/\/altoo.io\/fr\/wp-json\/wp\/v2\/comments?post=37699"}],"version-history":[{"count":146,"href":"https:\/\/altoo.io\/fr\/wp-json\/wp\/v2\/pages\/37699\/revisions"}],"predecessor-version":[{"id":38945,"href":"https:\/\/altoo.io\/fr\/wp-json\/wp\/v2\/pages\/37699\/revisions\/38945"}],"wp:attachment":[{"href":"https:\/\/altoo.io\/fr\/wp-json\/wp\/v2\/media?parent=37699"}],"curies":[{"name":"wp","href":"https:\/\/api.w.org\/{rel}","templated":true}]}}