{"id":293,"date":"2020-07-28T16:17:15","date_gmt":"2020-07-28T16:17:15","guid":{"rendered":"https:\/\/altoo.io\/?page_id=293"},"modified":"2025-10-17T15:44:47","modified_gmt":"2025-10-17T13:44:47","slug":"carrieres","status":"publish","type":"page","link":"https:\/\/altoo.io\/fr\/careers\/","title":{"rendered":"Rejoindre notre \u00e9quipe"},"content":{"rendered":"<div data-elementor-type=\"wp-page\" data-elementor-id=\"293\" class=\"elementor elementor-293\" data-elementor-post-type=\"page\">\n\t\t\t\t\t\t<section class=\"elementor-section elementor-top-section elementor-element elementor-element-6f7ee422 elementor-section-height-min-height pages-hero elementor-section-boxed elementor-section-height-default elementor-section-items-middle\" data-id=\"6f7ee422\" data-element_type=\"section\" data-e-type=\"section\">\n\t\t\t\t\t\t<div class=\"elementor-container elementor-column-gap-default\">\n\t\t\t\t\t<div class=\"elementor-column elementor-col-100 elementor-top-column elementor-element elementor-element-4fb45e1a\" data-id=\"4fb45e1a\" data-element_type=\"column\" data-e-type=\"column\">\n\t\t\t<div class=\"elementor-widget-wrap elementor-element-populated\">\n\t\t\t\t\t\t<div class=\"elementor-element elementor-element-54044490 elementor-widget elementor-widget-heading\" data-id=\"54044490\" data-element_type=\"widget\" data-e-type=\"widget\" data-widget_type=\"heading.default\">\n\t\t\t\t<div class=\"elementor-widget-container\">\n\t\t\t\t\t<h1 class=\"elementor-heading-title elementor-size-default\">Rejoingnez Notre Equipe<\/h1>\t\t\t\t<\/div>\n\t\t\t\t<\/div>\n\t\t\t\t\t<\/div>\n\t\t<\/div>\n\t\t\t\t\t<\/div>\n\t\t<\/section>\n\t\t\t\t<section class=\"elementor-section elementor-top-section elementor-element elementor-element-77145b76 elementor-section-boxed elementor-section-height-default elementor-section-height-default\" data-id=\"77145b76\" data-element_type=\"section\" data-e-type=\"section\">\n\t\t\t\t\t\t<div class=\"elementor-container elementor-column-gap-default\">\n\t\t\t\t\t<div class=\"elementor-column elementor-col-100 elementor-top-column elementor-element elementor-element-2aa763b3\" data-id=\"2aa763b3\" data-element_type=\"column\" data-e-type=\"column\">\n\t\t\t<div class=\"elementor-widget-wrap elementor-element-populated\">\n\t\t\t\t\t\t<div class=\"elementor-element elementor-element-46ccdd9f elementor-widget elementor-widget-heading\" data-id=\"46ccdd9f\" data-element_type=\"widget\" data-e-type=\"widget\" data-widget_type=\"heading.default\">\n\t\t\t\t<div class=\"elementor-widget-container\">\n\t\t\t\t\t<h3 class=\"elementor-heading-title elementor-size-default\">\nPostes \u00e0 pourvoir<\/h3>\t\t\t\t<\/div>\n\t\t\t\t<\/div>\n\t\t\t\t<div class=\"elementor-element elementor-element-59753b1e elementor-widget elementor-widget-text-editor\" data-id=\"59753b1e\" data-element_type=\"widget\" data-e-type=\"widget\" data-widget_type=\"text-editor.default\">\n\t\t\t\t<div class=\"elementor-widget-container\">\n\t\t\t\t\t\t\t\t\t<p class=\"p1\">Altoo a \u00e9t\u00e9 fond\u00e9e en 2017 avec pour mission de cr\u00e9er de la \"Simplicity for Complex Wealth \".<\/p><p class=\"p1\">La plateforme Altoo Wealth consolide tous les actifs d\u00e9tenus aupr\u00e8s des banques et les combine avec des actifs non bancaires tels que l'immobilier, le capital-investissement ou une collection d'\u0153uvres d'art, ce qui permet aux particuliers fortun\u00e9s de suivre et de contr\u00f4ler l'ensemble de leur patrimoine d'une mani\u00e8re simple et intuitive.<\/p><p>La plateforme Altoo a \u00e9t\u00e9 cr\u00e9\u00e9e par une \u00e9quipe d'ing\u00e9nieurs logiciels hautement qualifi\u00e9s, d'experts en exp\u00e9rience client num\u00e9rique et de sp\u00e9cialistes exp\u00e9riment\u00e9s en gestion de patrimoine, en interne dans nos bureaux de Baar et est h\u00e9berg\u00e9e en Suisse.<\/p><p class=\"p1\">Nous nous attachons \u00e0 cr\u00e9er de nouvelles opportunit\u00e9s commerciales en travaillant en \u00e9troite collaboration avec nos clients et leurs conseillers et en combinant notre connaissance approfondie du march\u00e9 avec l'excellence technique pour cr\u00e9er de nouvelles innovations dans ce secteur d'activit\u00e9.<\/p><p>Vous souhaitez rejoindre l'\u00e9quipe d'Altoo ? Nous cherchons \u00e0 pourvoir les postes suivants :<\/p>\t\t\t\t\t\t\t\t<\/div>\n\t\t\t\t<\/div>\n\t\t\t\t\t<\/div>\n\t\t<\/div>\n\t\t\t\t\t<\/div>\n\t\t<\/section>\n\t\t\t\t<section class=\"elementor-section elementor-top-section elementor-element elementor-element-4470a64 elementor-section-boxed elementor-section-height-default elementor-section-height-default\" data-id=\"4470a64\" data-element_type=\"section\" data-e-type=\"section\">\n\t\t\t\t\t\t<div class=\"elementor-container elementor-column-gap-default\">\n\t\t\t\t\t<div class=\"elementor-column elementor-col-50 elementor-top-column elementor-element elementor-element-7c869dd\" data-id=\"7c869dd\" data-element_type=\"column\" data-e-type=\"column\" data-settings=\"{&quot;background_background&quot;:&quot;classic&quot;}\">\n\t\t\t<div class=\"elementor-widget-wrap elementor-element-populated\">\n\t\t\t\t\t\t<div class=\"elementor-element elementor-element-5911082 e-transform elementor-widget elementor-widget-heading\" data-id=\"5911082\" data-element_type=\"widget\" data-e-type=\"widget\" data-settings=\"{&quot;_transform_scale_effect&quot;:{&quot;unit&quot;:&quot;px&quot;,&quot;size&quot;:&quot;&quot;,&quot;sizes&quot;:[]},&quot;_transform_scale_effect_tablet&quot;:{&quot;unit&quot;:&quot;px&quot;,&quot;size&quot;:&quot;&quot;,&quot;sizes&quot;:[]},&quot;_transform_scale_effect_mobile&quot;:{&quot;unit&quot;:&quot;px&quot;,&quot;size&quot;:&quot;&quot;,&quot;sizes&quot;:[]}}\" data-widget_type=\"heading.default\">\n\t\t\t\t<div class=\"elementor-widget-container\">\n\t\t\t\t\t<h3 class=\"elementor-heading-title elementor-size-default\">Wealth Data Processing Specialist (80-100%)<\/h3>\t\t\t\t<\/div>\n\t\t\t\t<\/div>\n\t\t\t\t<div class=\"elementor-element elementor-element-b5a444c elementor-widget elementor-widget-text-editor\" data-id=\"b5a444c\" data-element_type=\"widget\" data-e-type=\"widget\" data-widget_type=\"text-editor.default\">\n\t\t\t\t<div class=\"elementor-widget-container\">\n\t\t\t\t\t\t\t\t\t<p>En rejoignant notre \u00e9quipe, vous jouerez un r\u00f4le d\u00e9terminant dans la transmission de donn\u00e9es pr\u00e9cises et opportunes des banques \u00e0 nos clients finaux.<\/p>\t\t\t\t\t\t\t\t<\/div>\n\t\t\t\t<\/div>\n\t\t\t\t<div class=\"elementor-element elementor-element-e5b0a72 elementor-widget__width-auto elementor-widget elementor-widget-heading\" data-id=\"e5b0a72\" data-element_type=\"widget\" data-e-type=\"widget\" data-widget_type=\"heading.default\">\n\t\t\t\t<div class=\"elementor-widget-container\">\n\t\t\t\t\t<div class=\"elementor-heading-title elementor-size-default\"><a href=\"https:\/\/altoo.io\/fr\/specialiste-du-traitement-des-donnees-patrimoniales\/\">EN SAVOIR PLUS<\/a><\/div>\t\t\t\t<\/div>\n\t\t\t\t<\/div>\n\t\t\t\t\t<\/div>\n\t\t<\/div>\n\t\t\t\t<div class=\"elementor-column elementor-col-50 elementor-top-column elementor-element elementor-element-bfffac1\" data-id=\"bfffac1\" data-element_type=\"column\" data-e-type=\"column\" data-settings=\"{&quot;background_background&quot;:&quot;classic&quot;}\">\n\t\t\t<div class=\"elementor-widget-wrap elementor-element-populated\">\n\t\t\t\t\t\t<div class=\"elementor-element elementor-element-48c94d8 e-transform elementor-widget elementor-widget-heading\" data-id=\"48c94d8\" data-element_type=\"widget\" data-e-type=\"widget\" data-settings=\"{&quot;_transform_scale_effect&quot;:{&quot;unit&quot;:&quot;px&quot;,&quot;size&quot;:&quot;&quot;,&quot;sizes&quot;:[]},&quot;_transform_scale_effect_tablet&quot;:{&quot;unit&quot;:&quot;px&quot;,&quot;size&quot;:&quot;&quot;,&quot;sizes&quot;:[]},&quot;_transform_scale_effect_mobile&quot;:{&quot;unit&quot;:&quot;px&quot;,&quot;size&quot;:&quot;&quot;,&quot;sizes&quot;:[]}}\" data-widget_type=\"heading.default\">\n\t\t\t\t<div class=\"elementor-widget-container\">\n\t\t\t\t\t<h3 class=\"elementor-heading-title elementor-size-default\">Vendeur Exp\u00e9riment\u00e9 (m\/f\/d 100%)<\/h3>\t\t\t\t<\/div>\n\t\t\t\t<\/div>\n\t\t\t\t<div class=\"elementor-element elementor-element-6bd5b13 elementor-widget elementor-widget-text-editor\" data-id=\"6bd5b13\" data-element_type=\"widget\" data-e-type=\"widget\" data-widget_type=\"text-editor.default\">\n\t\t\t\t<div class=\"elementor-widget-container\">\n\t\t\t\t\t\t\t\t\t<p>Rejoignez notre \u00e9quipe et contribuez \u00e0 acc\u00e9l\u00e9rer la croissance de notre base de clients et \u00e0 d\u00e9velopper des relations avec eux.<\/p>\t\t\t\t\t\t\t\t<\/div>\n\t\t\t\t<\/div>\n\t\t\t\t<div class=\"elementor-element elementor-element-77ee8ea elementor-widget__width-auto elementor-widget elementor-widget-heading\" data-id=\"77ee8ea\" data-element_type=\"widget\" data-e-type=\"widget\" data-widget_type=\"heading.default\">\n\t\t\t\t<div class=\"elementor-widget-container\">\n\t\t\t\t\t<div class=\"elementor-heading-title elementor-size-default\"><a href=\"\/fr\/vendeur-experimente\/\">EN SAVOIR PLUS<\/a><\/div>\t\t\t\t<\/div>\n\t\t\t\t<\/div>\n\t\t\t\t\t<\/div>\n\t\t<\/div>\n\t\t\t\t\t<\/div>\n\t\t<\/section>\n\t\t\t\t<\/div>","protected":false},"excerpt":{"rendered":"<p>Join Our Team Open Positions Altoo was founded in 2017 with the mission to create \u2018simplicity for complex wealth.\u2019 The Altoo Wealth Platform consolidates all assets held with banks and combines them with non-bankable assets such as real estate, private equity, or an art collection empowering wealthy private individuals to keep track and control over [&hellip;]<\/p>\n","protected":false},"author":1,"featured_media":0,"parent":0,"menu_order":0,"comment_status":"closed","ping_status":"closed","template":"elementor_header_footer","meta":{"inline_featured_image":false,"cybocfi_hide_featured_image":"","two_page_speed":[],"footnotes":""},"class_list":["post-293","page","type-page","status-publish","hentry"],"_links":{"self":[{"href":"https:\/\/altoo.io\/fr\/wp-json\/wp\/v2\/pages\/293","targetHints":{"allow":["GET"]}}],"collection":[{"href":"https:\/\/altoo.io\/fr\/wp-json\/wp\/v2\/pages"}],"about":[{"href":"https:\/\/altoo.io\/fr\/wp-json\/wp\/v2\/types\/page"}],"author":[{"embeddable":true,"href":"https:\/\/altoo.io\/fr\/wp-json\/wp\/v2\/users\/1"}],"replies":[{"embeddable":true,"href":"https:\/\/altoo.io\/fr\/wp-json\/wp\/v2\/comments?post=293"}],"version-history":[{"count":398,"href":"https:\/\/altoo.io\/fr\/wp-json\/wp\/v2\/pages\/293\/revisions"}],"predecessor-version":[{"id":41506,"href":"https:\/\/altoo.io\/fr\/wp-json\/wp\/v2\/pages\/293\/revisions\/41506"}],"wp:attachment":[{"href":"https:\/\/altoo.io\/fr\/wp-json\/wp\/v2\/media?parent=293"}],"curies":[{"name":"wp","href":"https:\/\/api.w.org\/{rel}","templated":true}]}}