{"id":239,"date":"2020-07-28T15:28:48","date_gmt":"2020-07-28T15:28:48","guid":{"rendered":"https:\/\/altoo.io\/?page_id=239"},"modified":"2025-08-21T16:30:55","modified_gmt":"2025-08-21T14:30:55","slug":"multi-family-office","status":"publish","type":"page","link":"https:\/\/altoo.io\/fr\/multi-family-office\/","title":{"rendered":"Multi Family Office"},"content":{"rendered":"<div data-elementor-type=\"wp-page\" data-elementor-id=\"239\" class=\"elementor elementor-239\" data-elementor-post-type=\"page\">\n\t\t\t\t\t\t<section class=\"elementor-section elementor-top-section elementor-element elementor-element-59829c54 elementor-section-height-min-height pages-hero elementor-section-boxed elementor-section-height-default elementor-section-items-middle\" data-id=\"59829c54\" data-element_type=\"section\" data-e-type=\"section\">\n\t\t\t\t\t\t<div class=\"elementor-container elementor-column-gap-default\">\n\t\t\t\t\t<div class=\"elementor-column elementor-col-100 elementor-top-column elementor-element elementor-element-7909fcdc\" data-id=\"7909fcdc\" data-element_type=\"column\" data-e-type=\"column\">\n\t\t\t<div class=\"elementor-widget-wrap elementor-element-populated\">\n\t\t\t\t\t\t<div class=\"elementor-element elementor-element-492c87a elementor-widget elementor-widget-heading\" data-id=\"492c87a\" data-element_type=\"widget\" data-e-type=\"widget\" data-widget_type=\"heading.default\">\n\t\t\t\t<div class=\"elementor-widget-container\">\n\t\t\t\t\t<h1 class=\"elementor-heading-title elementor-size-default\">Multi Family Office<\/h1>\t\t\t\t<\/div>\n\t\t\t\t<\/div>\n\t\t\t\t\t<\/div>\n\t\t<\/div>\n\t\t\t\t\t<\/div>\n\t\t<\/section>\n\t\t\t\t<section class=\"elementor-section elementor-top-section elementor-element elementor-element-2b454611 elementor-section-boxed elementor-section-height-default elementor-section-height-default\" data-id=\"2b454611\" data-element_type=\"section\" data-e-type=\"section\">\n\t\t\t\t\t\t<div class=\"elementor-container elementor-column-gap-default\">\n\t\t\t\t\t<div class=\"elementor-column elementor-col-100 elementor-top-column elementor-element elementor-element-6b7049c4\" data-id=\"6b7049c4\" data-element_type=\"column\" data-e-type=\"column\">\n\t\t\t<div class=\"elementor-widget-wrap elementor-element-populated\">\n\t\t\t\t\t\t<div class=\"elementor-element elementor-element-d6ac2a5 elementor-widget elementor-widget-heading\" data-id=\"d6ac2a5\" data-element_type=\"widget\" data-e-type=\"widget\" data-widget_type=\"heading.default\">\n\t\t\t\t<div class=\"elementor-widget-container\">\n\t\t\t\t\t<h4 class=\"elementor-heading-title elementor-size-default\">Cr\u00e9er des mod\u00e8les op\u00e9rationnels efficaces gr\u00e2ce \u00e0 une technologie rationalis\u00e9e pour les multi family offices<\/h4>\t\t\t\t<\/div>\n\t\t\t\t<\/div>\n\t\t\t\t<div class=\"elementor-element elementor-element-c7bb29e elementor-widget elementor-widget-text-editor\" data-id=\"c7bb29e\" data-element_type=\"widget\" data-e-type=\"widget\" data-widget_type=\"text-editor.default\">\n\t\t\t\t<div class=\"elementor-widget-container\">\n\t\t\t\t\t\t\t\t\t<p>La plateforme Altoo Wealth pour multi family offices a \u00e9t\u00e9 cr\u00e9\u00e9e pour r\u00e9pondre aux besoins uniques des multi family offices qui g\u00e8rent les attentes de familles sophistiqu\u00e9es et multig\u00e9n\u00e9rationnelles, o\u00f9 chaque partie prenante peut avoir des pr\u00e9f\u00e9rences tr\u00e8s diff\u00e9rentes.<\/p><p>Notre technologie permet aux offices multi-familiaux de servir efficacement des clients multi-g\u00e9n\u00e9rationnels, les aide \u00e0 agr\u00e9ger des donn\u00e9es provenant de sources multiples et \u00e0 offrir des informations \u00e0 la demande en toute s\u00e9curit\u00e9.<\/p><p>Compte tenu de la nature complexe du profil d'investissement des familles fortun\u00e9es, qui comprend un pourcentage croissant d'actifs immobiliers, de capital-investissement direct et de fonds sp\u00e9culatifs, les multi family offices sont sous pression pour adopter un mod\u00e8le op\u00e9rationnel avec une technologie et des processus rationalis\u00e9s. En s'associant \u00e0 Altoo, ils b\u00e9n\u00e9ficieront d'une plateforme technologique de premier ordre pour d\u00e9livrer efficacement et pr\u00e9cis\u00e9ment des r\u00e9sultats sup\u00e9rieurs \u00e0 leurs clients sur le long terme.<\/p><p>Notre soci\u00e9t\u00e9 a \u00e9t\u00e9 cit\u00e9e parmi<a href=\"https:\/\/www.forbes.com\/sites\/francoisbotha\/2022\/11\/29\/the-2022-family-office-software-roundup\/?sh=66d48b21b1fc\" target=\"_blank\" rel=\"noopener\"> Les meilleurs fournisseurs de logiciels de gestion de Family Office selon Forbes pour la troisi\u00e8me ann\u00e9e cons\u00e9cutive<\/a>. Ancr\u00e9e dans la tradition bancaire suisse, Altoo se charge de la consolidation et de la gestion des donn\u00e9es patrimoniales pour les entreprises individuelles et multifamiliales, lib\u00e9rant ainsi des ressources et aidant \u00e0 prendre des d\u00e9cisions strat\u00e9giques bas\u00e9es sur des rapports en temps r\u00e9el.<\/p>\t\t\t\t\t\t\t\t<\/div>\n\t\t\t\t<\/div>\n\t\t\t\t<div class=\"elementor-element elementor-element-6e8dd79 elementor-widget elementor-widget-heading\" data-id=\"6e8dd79\" data-element_type=\"widget\" data-e-type=\"widget\" data-widget_type=\"heading.default\">\n\t\t\t\t<div class=\"elementor-widget-container\">\n\t\t\t\t\t<h4 class=\"elementor-heading-title elementor-size-default\">Des donn\u00e9es provenant d'une source unique<\/h4>\t\t\t\t<\/div>\n\t\t\t\t<\/div>\n\t\t\t\t<div class=\"elementor-element elementor-element-c97e2b7 elementor-widget elementor-widget-text-editor\" data-id=\"c97e2b7\" data-element_type=\"widget\" data-e-type=\"widget\" data-widget_type=\"text-editor.default\">\n\t\t\t\t<div class=\"elementor-widget-container\">\n\t\t\t\t\t\t\t\t\t<p>La structure de la client\u00e8le des multi family offices est assez complexe et il peut \u00eatre difficile de suivre la multitude de relations qui s'\u00e9tendent sur plusieurs g\u00e9n\u00e9rations. Pour y rem\u00e9dier, nous proposons une gamme de solutions d'agr\u00e9gation de donn\u00e9es afin que le multi family office sp\u00e9cialis\u00e9 puisse b\u00e9n\u00e9ficier d'une source unique de donn\u00e9es. Le r\u00e9sultat est un syst\u00e8me de gestion avanc\u00e9 avec des rapports int\u00e9gr\u00e9s, des analyses puissantes et des tableaux de bord qui fournissent une vue compl\u00e8te de la richesse g\u00e9r\u00e9e.<\/p>\t\t\t\t\t\t\t\t<\/div>\n\t\t\t\t<\/div>\n\t\t\t\t<div class=\"elementor-element elementor-element-7924842 elementor-widget elementor-widget-heading\" data-id=\"7924842\" data-element_type=\"widget\" data-e-type=\"widget\" data-widget_type=\"heading.default\">\n\t\t\t\t<div class=\"elementor-widget-container\">\n\t\t\t\t\t<h4 class=\"elementor-heading-title elementor-size-default\">Collaboration facile avec les Multi Family Offices<\/h4>\t\t\t\t<\/div>\n\t\t\t\t<\/div>\n\t\t\t\t<div class=\"elementor-element elementor-element-19b2835 elementor-widget elementor-widget-text-editor\" data-id=\"19b2835\" data-element_type=\"widget\" data-e-type=\"widget\" data-widget_type=\"text-editor.default\">\n\t\t\t\t<div class=\"elementor-widget-container\">\n\t\t\t\t\t\t\t\t\t<p>Travaillant avec des family offices en Suisse et \u00e0 l'\u00e9tranger, Altoo a vu de pr\u00e8s les raisons d'utiliser des structures de partenariat et a d\u00e9velopp\u00e9 des solutions pour r\u00e9pondre aux d\u00e9fis qu'elles posent.<br \/>Notre outil de collaboration vous permet de cr\u00e9er un \u00e9cosyst\u00e8me ferm\u00e9 d'utilisateurs pour partager en toute s\u00e9curit\u00e9 des messages et des documents au sein de votre r\u00e9seau. En outre, le family office peut progressivement impliquer d'autres membres de la famille sur la plateforme et pr\u00e9parer une transition en douceur des actifs si n\u00e9cessaire.<\/p>\t\t\t\t\t\t\t\t<\/div>\n\t\t\t\t<\/div>\n\t\t\t\t<div class=\"elementor-element elementor-element-445e07e elementor-widget elementor-widget-heading\" data-id=\"445e07e\" data-element_type=\"widget\" data-e-type=\"widget\" data-widget_type=\"heading.default\">\n\t\t\t\t<div class=\"elementor-widget-container\">\n\t\t\t\t\t<h4 class=\"elementor-heading-title elementor-size-default\">Accessible \u00e0 tout moment et en tout lieu<\/h4>\t\t\t\t<\/div>\n\t\t\t\t<\/div>\n\t\t\t\t<div class=\"elementor-element elementor-element-507682cb elementor-widget elementor-widget-text-editor\" data-id=\"507682cb\" data-element_type=\"widget\" data-e-type=\"widget\" data-widget_type=\"text-editor.default\">\n\t\t\t\t<div class=\"elementor-widget-container\">\n\t\t\t\t\t\t\t\t\t<p>Con\u00e7ue pour votre confort et votre facilit\u00e9 d'utilisation, notre application mobile vous permet d'acc\u00e9der aux parties choisies du patrimoine en gestion, de communiquer en toute s\u00e9curit\u00e9 avec votre r\u00e9seau et de recevoir des alertes sur le suivi des investissements.<\/p>\t\t\t\t\t\t\t\t<\/div>\n\t\t\t\t<\/div>\n\t\t\t\t<div class=\"elementor-element elementor-element-18c92bd elementor-widget elementor-widget-heading\" data-id=\"18c92bd\" data-element_type=\"widget\" data-e-type=\"widget\" data-widget_type=\"heading.default\">\n\t\t\t\t<div class=\"elementor-widget-container\">\n\t\t\t\t\t<h4 class=\"elementor-heading-title elementor-size-default\">D\u00e9couvrez quelques-uns des avantages de la plateforme Altoo Wealth pour Multi Family Office<\/h4>\t\t\t\t<\/div>\n\t\t\t\t<\/div>\n\t\t\t\t<div class=\"elementor-element elementor-element-01efee5 elementor-widget elementor-widget-text-editor\" data-id=\"01efee5\" data-element_type=\"widget\" data-e-type=\"widget\" data-widget_type=\"text-editor.default\">\n\t\t\t\t<div class=\"elementor-widget-container\">\n\t\t\t\t\t\t\t\t\t<ul><li style=\"font-weight: 400;\" aria-level=\"1\"><span style=\"font-weight: 400;\">Un abris digital s\u00e9curis\u00e9 pour l'ensemble de votre patrimoine, offrant une vue d'ensemble de tous vos actifs sur un tableau de bord intuitif et facile \u00e0 utiliser.<\/span><\/li><li style=\"font-weight: 400;\" aria-level=\"1\"><span style=\"font-weight: 400;\">Transparence en temps r\u00e9el de tous les actifs, avec un acc\u00e8s \u00e0 la demande aux actifs bancables et non bancables, y compris les investissements alternatifs tels que les NFT et les crypto-monnaies.<\/span><\/li><li style=\"font-weight: 400;\" aria-level=\"1\"><span style=\"font-weight: 400;\">G\u00e9n\u00e9ration imm\u00e9diate des rapports.<\/span><\/li><li style=\"font-weight: 400;\" aria-level=\"1\" class=\"translation-block\">Les solutions automatis\u00e9es d'\u00e9tablissement de rapports sur les actifs et les rapports consolid\u00e9s am\u00e9liorent la collaboration avec l'\u00e9quipe du family office et les diff\u00e9rentes parties prenantes.<\/li><li style=\"font-weight: 400;\" aria-level=\"1\"><span style=\"font-weight: 400;\">Permet de mieux comprendre le r\u00f4le et la performance de chaque actif au sein de l'ensemble de votre \u00e9cosyst\u00e8me d'investissement gr\u00e2ce \u00e0 des donn\u00e9es de portefeuille intelligentes.<\/span><\/li><li style=\"font-weight: 400;\" aria-level=\"1\"><span style=\"font-weight: 400;\">S\u00e9curit\u00e9 renforc\u00e9e, y compris l'authentification \u00e0 trois facteurs, garantit un domicile s\u00e9curis\u00e9 pour un suivi ais\u00e9 de vos biens.<\/span><\/li><li style=\"font-weight: 400;\" aria-level=\"1\"><span style=\"font-weight: 400;\">Stockage et partage de documents s\u00e9curis\u00e9s et intuitifs, y compris la collaboration s\u00e9curis\u00e9e avec des parties prenantes externes.<\/span><\/li><li style=\"font-weight: 400;\" aria-level=\"1\"><span style=\"font-weight: 400;\">Planification financi\u00e8re n'a plus rien d'al\u00e9atoire - prenez des d\u00e9cisions financi\u00e8res plus pr\u00e9cises sur la base d'informations en temps r\u00e9el.<\/span><\/li><li style=\"font-weight: 400;\" aria-level=\"1\"><span style=\"font-weight: 400;\">Les donn\u00e9es consolid\u00e9es permettent de rationaliser la planification des successions.<\/span><\/li><li style=\"font-weight: 400;\" aria-level=\"1\"><span style=\"font-weight: 400;\">R\u00e9duction du risque de perte de documents importants et de donn\u00e9es sensibles.<\/span><\/li><li style=\"font-weight: 400;\" aria-level=\"1\"><span style=\"font-weight: 400;\"><span style=\"font-weight: 400;\">Acc\u00e8s s\u00e9curis\u00e9 au syst\u00e8me \u00e0 distance.<\/span><\/span><\/li><\/ul>\t\t\t\t\t\t\t\t<\/div>\n\t\t\t\t<\/div>\n\t\t\t\t<div class=\"elementor-element elementor-element-f912fc9 elementor-widget elementor-widget-heading\" data-id=\"f912fc9\" data-element_type=\"widget\" data-e-type=\"widget\" data-widget_type=\"heading.default\">\n\t\t\t\t<div class=\"elementor-widget-container\">\n\t\t\t\t\t<h4 class=\"elementor-heading-title elementor-size-default\">Un service client d\u00e9di\u00e9<\/h4>\t\t\t\t<\/div>\n\t\t\t\t<\/div>\n\t\t\t\t<div class=\"elementor-element elementor-element-8728189 elementor-widget elementor-widget-text-editor\" data-id=\"8728189\" data-element_type=\"widget\" data-e-type=\"widget\" data-widget_type=\"text-editor.default\">\n\t\t\t\t<div class=\"elementor-widget-container\">\n\t\t\t\t\t\t\t\t\t<p>Outre les avantages tangibles (tels que la centralisation de la situation financi\u00e8re globale du family office, la r\u00e9duction des processus manuels impr\u00e9cis et les capacit\u00e9s de reporting automatis\u00e9), nos clients nous disent qu'ils appr\u00e9cient la tranquillit\u00e9 d'esprit qui d\u00e9coule de leur collaboration avec nous. Notre approche est proactive et personnelle. Chaque relation client a un curateur d\u00e9di\u00e9 qui vous aide \u00e0 tirer le meilleur parti de nos solutions technologiques.<\/p>\t\t\t\t\t\t\t\t<\/div>\n\t\t\t\t<\/div>\n\t\t\t\t\t<\/div>\n\t\t<\/div>\n\t\t\t\t\t<\/div>\n\t\t<\/section>\n\t\t\t\t<section class=\"elementor-section elementor-top-section elementor-element elementor-element-400beb58 elementor-section-boxed elementor-section-height-default elementor-section-height-default\" data-id=\"400beb58\" data-element_type=\"section\" data-e-type=\"section\">\n\t\t\t\t\t\t<div class=\"elementor-container elementor-column-gap-default\">\n\t\t\t\t\t<div class=\"elementor-column elementor-col-100 elementor-top-column elementor-element elementor-element-66bd28e3\" data-id=\"66bd28e3\" data-element_type=\"column\" data-e-type=\"column\">\n\t\t\t<div class=\"elementor-widget-wrap elementor-element-populated\">\n\t\t\t\t\t\t<div class=\"elementor-element elementor-element-59906bfb elementor-widget elementor-widget-heading\" data-id=\"59906bfb\" data-element_type=\"widget\" data-e-type=\"widget\" data-widget_type=\"heading.default\">\n\t\t\t\t<div class=\"elementor-widget-container\">\n\t\t\t\t\t<h3 class=\"elementor-heading-title elementor-size-default\">Besoin de plus d'informations ? Poursuivez votre exploration ci-dessous.  <\/h3>\t\t\t\t<\/div>\n\t\t\t\t<\/div>\n\t\t\t\t<div class=\"elementor-element elementor-element-4c2dec5d elementor-widget elementor-widget-heading\" data-id=\"4c2dec5d\" data-element_type=\"widget\" data-e-type=\"widget\" data-widget_type=\"heading.default\">\n\t\t\t\t<div class=\"elementor-widget-container\">\n\t\t\t\t\t<h4 class=\"elementor-heading-title elementor-size-default\">Les r\u00e9ponses \u00e0 vos questions les plus fr\u00e9quentes sur les technologies de gestion de patrimoine.\u00a0\u00a0<\/h4>\t\t\t\t<\/div>\n\t\t\t\t<\/div>\n\t\t\t\t<div class=\"elementor-element elementor-element-66b94600 elementor-widget elementor-widget-text-editor\" data-id=\"66b94600\" data-element_type=\"widget\" data-e-type=\"widget\" data-widget_type=\"text-editor.default\">\n\t\t\t\t<div class=\"elementor-widget-container\">\n\t\t\t\t\t\t\t\t\t<h5>Pourquoi une plateforme technologique de gestion de patrimoine est-elle n\u00e9cessaire ?<\/h5><p class=\"translation-block\">Avec n'importe quel entreprise Il existe une demande pour une plus grande transparence et une attente croissante pour de meilleures donn\u00e9es en temps r\u00e9el afin de permettre une prise de d\u00e9cision plus rapide. Les single family offices d\u00e9couvrent que les nouvelles technologies peuvent aider \u00e0 lib\u00e9rer le personnel pour qu'il se concentre sur les activit\u00e9s qui contribuent \u00e0 la mise en \u0153uvre de la strat\u00e9gie \u00e0 long terme.<\/p><p>Le co\u00fbt et la difficult\u00e9 de l'int\u00e9gration des technologies de gestion de patrimoine ont traditionnellement rendu les family offices r\u00e9ticents \u00e0 investir dans la technologie.<br \/>Avec Altoo, le family office peut d\u00e9sormais consolider facilement et en toute s\u00e9curit\u00e9 tous les actifs qu'il g\u00e8re, \u00e0 tout moment et en tout lieu. Cela lui permet d'\u00e9tablir de meilleures relations avec ses clients.<\/p>\t\t\t\t\t\t\t\t<\/div>\n\t\t\t\t<\/div>\n\t\t\t\t<div class=\"elementor-element elementor-element-1686b84b elementor-widget elementor-widget-text-editor\" data-id=\"1686b84b\" data-element_type=\"widget\" data-e-type=\"widget\" data-widget_type=\"text-editor.default\">\n\t\t\t\t<div class=\"elementor-widget-container\">\n\t\t\t\t\t\t\t\t\t<h5>Quels sont les avantages \u00e0 choisir la plateforme de gestion de patrimoine pour les Multi Family Offices d'Altoo ?<\/h5><p>En choisissant notre plateforme pour single family offices, vous b\u00e9n\u00e9ficiez de cinq avantages distinctifs par rapport \u00e0 d'autres solutions.\u00a0\u00a0<\/p><p><span style=\"color: #ffffff;\"><strong>Collaboration<\/strong>:<\/span> La plateforme permet de partager l'acc\u00e8s avec les parties prenantes qui travaillent pour les propri\u00e9taires de patrimoine. Cela peut am\u00e9liorer la collaboration, la transparence et l'efficacit\u00e9.<br \/><span style=\"color: #ffffff;\"><strong>S\u00e9curit\u00e9<\/strong>:<\/span> La plateforme utilise des mesures de s\u00e9curit\u00e9 avanc\u00e9es pour prot\u00e9ger les donn\u00e9es financi\u00e8res sensibles de nos clients.\u00a0<br \/><span style=\"color: #ffffff;\"><strong>Facilit\u00e9 d'utilisation<\/strong>:<\/span> La plateforme s'attache \u00e0 fournir une interface conviviale qui permet \u00e0 nos clients de g\u00e9rer et de comprendre facilement leurs actifs.<br \/><strong><span style=\"color: #ffffff;\">Perspectives et analyse :<\/span><\/strong> Nous fournissons des outils d'analyse et de r\u00e9flexion qui peuvent aider nos clients \u00e0 prendre des d\u00e9cisions \u00e9clair\u00e9es concernant leurs investissements.<\/p>\t\t\t\t\t\t\t\t<\/div>\n\t\t\t\t<\/div>\n\t\t\t\t<div class=\"elementor-element elementor-element-49cdf3fa elementor-widget elementor-widget-text-editor\" data-id=\"49cdf3fa\" data-element_type=\"widget\" data-e-type=\"widget\" data-widget_type=\"text-editor.default\">\n\t\t\t\t<div class=\"elementor-widget-container\">\n\t\t\t\t\t\t\t\t\t<h5>La plateforme Altoo Wealth Management va-t-elle prendre en charge le travail du multi family office ?<\/h5><p>Notre soci\u00e9t\u00e9 est compl\u00e9mentaire de ces entreprises. Nous les aidons \u00e0 travailler en \u00e9troite collaboration avec leurs clients dans le cadre d'une relation plus transparente et plus confiante, ce qui est b\u00e9n\u00e9fique pour les deux parties.<\/p>\t\t\t\t\t\t\t\t<\/div>\n\t\t\t\t<\/div>\n\t\t\t\t<div class=\"elementor-element elementor-element-74369b33 elementor-widget elementor-widget-text-editor\" data-id=\"74369b33\" data-element_type=\"widget\" data-e-type=\"widget\" data-widget_type=\"text-editor.default\">\n\t\t\t\t<div class=\"elementor-widget-container\">\n\t\t\t\t\t\t\t\t\t<h5>Pouvez-vous me donner un exemple de la fa\u00e7on dont Altoo a r\u00e9solu le probl\u00e8me d'un client et est devenu un partenaire technologique utile ?<\/h5><p>Nos clients sont \u00e0 la recherche d'une solution technologique de gestion de patrimoine qui consolide tous les portefeuilles g\u00e9r\u00e9s et offre des services innovants aux clients. Ils sont \u00e9galement \u00e0 la recherche d'une technologie avanc\u00e9e et intuitive pour am\u00e9liorer le reporting et la communication avec les clients.<\/p><p>Ce qu'Altoo vous propose, c'est la simplicit\u00e9 pour un patrimoine complexe, sous la forme de:<\/p><ol><li>Rapport consolid\u00e9 automatiquement pour toute p\u00e9riode requise,<\/li><li>Un portail client facile \u00e0 utiliser et s\u00e9curis\u00e9 avec un acc\u00e8s aux rapports pour les clients,<\/li><li>\u00c9limination de l'utilisation non s\u00e9curis\u00e9e du courrier \u00e9lectronique et des feuilles de calcul avec les clients et les tiers.<\/li><\/ol>\t\t\t\t\t\t\t\t<\/div>\n\t\t\t\t<\/div>\n\t\t\t\t\t<\/div>\n\t\t<\/div>\n\t\t\t\t\t<\/div>\n\t\t<\/section>\n\t\t\t\t<\/div>","protected":false},"excerpt":{"rendered":"<p>Multi Family Office Creating efficient operating models with streamlined technology The Altoo Wealth Platform was created to satisfy the unique needs of multi family offices managing the expectations of sophisticated, multi-generational families, where each stakeholder may have vastly different preferences. Our technology enables the multi-family offices to efficiently serve multi-generational clients, helps them aggregate data [&hellip;]<\/p>\n","protected":false},"author":1,"featured_media":0,"parent":0,"menu_order":0,"comment_status":"closed","ping_status":"closed","template":"elementor_header_footer","meta":{"inline_featured_image":false,"cybocfi_hide_featured_image":"","two_page_speed":{"current_score":{"desktop_score":86,"desktop_tti":"2.2\u00a0","mobile_score":93,"mobile_tti":"9.5\u00a0","date":"21.08.2025 04:31:41 pm","status":"completed"}},"footnotes":""},"class_list":["post-239","page","type-page","status-publish","hentry"],"_links":{"self":[{"href":"https:\/\/altoo.io\/fr\/wp-json\/wp\/v2\/pages\/239","targetHints":{"allow":["GET"]}}],"collection":[{"href":"https:\/\/altoo.io\/fr\/wp-json\/wp\/v2\/pages"}],"about":[{"href":"https:\/\/altoo.io\/fr\/wp-json\/wp\/v2\/types\/page"}],"author":[{"embeddable":true,"href":"https:\/\/altoo.io\/fr\/wp-json\/wp\/v2\/users\/1"}],"replies":[{"embeddable":true,"href":"https:\/\/altoo.io\/fr\/wp-json\/wp\/v2\/comments?post=239"}],"version-history":[{"count":202,"href":"https:\/\/altoo.io\/fr\/wp-json\/wp\/v2\/pages\/239\/revisions"}],"predecessor-version":[{"id":29355,"href":"https:\/\/altoo.io\/fr\/wp-json\/wp\/v2\/pages\/239\/revisions\/29355"}],"wp:attachment":[{"href":"https:\/\/altoo.io\/fr\/wp-json\/wp\/v2\/media?parent=239"}],"curies":[{"name":"wp","href":"https:\/\/api.w.org\/{rel}","templated":true}]}}