{"id":18,"date":"2020-07-27T10:30:09","date_gmt":"2020-07-27T10:30:09","guid":{"rendered":"https:\/\/altoo.io\/?page_id=18"},"modified":"2025-08-21T15:11:26","modified_gmt":"2025-08-21T13:11:26","slug":"nous-contacter","status":"publish","type":"page","link":"https:\/\/altoo.io\/fr\/contact-us\/","title":{"rendered":"Contact"},"content":{"rendered":"<div data-elementor-type=\"wp-page\" data-elementor-id=\"18\" class=\"elementor elementor-18\" data-elementor-post-type=\"page\">\n\t\t\t\t\t\t<section class=\"elementor-section elementor-top-section elementor-element elementor-element-7f216f8 elementor-section-height-min-height pages-hero elementor-section-boxed elementor-section-height-default elementor-section-items-middle\" data-id=\"7f216f8\" data-element_type=\"section\" data-e-type=\"section\">\n\t\t\t\t\t\t<div class=\"elementor-container elementor-column-gap-default\">\n\t\t\t\t\t<div class=\"elementor-column elementor-col-100 elementor-top-column elementor-element elementor-element-cb8799a\" data-id=\"cb8799a\" data-element_type=\"column\" data-e-type=\"column\">\n\t\t\t<div class=\"elementor-widget-wrap elementor-element-populated\">\n\t\t\t\t\t\t<div class=\"elementor-element elementor-element-4596aae6 elementor-widget elementor-widget-heading\" data-id=\"4596aae6\" data-element_type=\"widget\" data-e-type=\"widget\" data-widget_type=\"heading.default\">\n\t\t\t\t<div class=\"elementor-widget-container\">\n\t\t\t\t\t<h1 class=\"elementor-heading-title elementor-size-default\">Contactez Altoo<\/h1>\t\t\t\t<\/div>\n\t\t\t\t<\/div>\n\t\t\t\t\t<\/div>\n\t\t<\/div>\n\t\t\t\t\t<\/div>\n\t\t<\/section>\n\t\t\t\t<section class=\"elementor-section elementor-top-section elementor-element elementor-element-20fb826d elementor-section-boxed elementor-section-height-default elementor-section-height-default\" data-id=\"20fb826d\" data-element_type=\"section\" data-e-type=\"section\">\n\t\t\t\t\t\t<div class=\"elementor-container elementor-column-gap-default\">\n\t\t\t\t\t<div class=\"elementor-column elementor-col-100 elementor-top-column elementor-element elementor-element-66d347c2\" data-id=\"66d347c2\" data-element_type=\"column\" data-e-type=\"column\">\n\t\t\t<div class=\"elementor-widget-wrap elementor-element-populated\">\n\t\t\t\t\t\t<div class=\"elementor-element elementor-element-5f9ffebf elementor-widget elementor-widget-text-editor\" data-id=\"5f9ffebf\" data-element_type=\"widget\" data-e-type=\"widget\" data-widget_type=\"text-editor.default\">\n\t\t\t\t<div class=\"elementor-widget-container\">\n\t\t\t\t\t\t\t\t\t<p>La Plateforme Altoo agr\u00e8ge des donn\u00e9es patrimoniales provenant de sources multiples afin de fournir des analyses, des performances et des rapports complets sur le patrimoine. Il s'agit d'une plateforme SaaS moderne et sophistiqu\u00e9e, hautement s\u00e9curis\u00e9e, 100% d\u00e9velopp\u00e9e et h\u00e9berg\u00e9e en Suisse.<\/p><p>La plateforme Altoo Wealth vous int\u00e9resse ? N'h\u00e9sitez pas \u00e0 nous contacter. Nous serons ravis de partager avec vous plus d'informations sur notre vision et notre technologie.<\/p>\t\t\t\t\t\t\t\t<\/div>\n\t\t\t\t<\/div>\n\t\t\t\t<div class=\"elementor-element elementor-element-d124141 elementor-widget elementor-widget-html\" data-id=\"d124141\" data-element_type=\"widget\" data-e-type=\"widget\" data-widget_type=\"html.default\">\n\t\t\t\t<div class=\"elementor-widget-container\">\n\t\t\t\t\t<iframe src=\"https:\/\/forms.zohopublic.eu\/altooag\/form\/ALTOOWEALTHPLATFORMDEMO\/formperma\/46kZj7XeL7jqpUkFK_Z1S7VoR3bPIzuYHIUdWtBOOZk?zf_rszfm=1\" style=\"border:none; width: 100%; height: 1560px\" title=\"Exemple d&#039;Iframe\"><\/iframe>\t\t\t\t<\/div>\n\t\t\t\t<\/div>\n\t\t\t\t\t<\/div>\n\t\t<\/div>\n\t\t\t\t\t<\/div>\n\t\t<\/section>\n\t\t\t\t<\/div>","protected":false},"excerpt":{"rendered":"<p>Get in touch with Altoo The Altoo Platform aggregates wealth data from multiple sources to deliver comprehensive wealth analysis, performance and reporting. It is a modern and sophisticated, highly secure, SaaS platform, 100% Swiss developed and hosted. Are you interested in Altoo? Talk to us \u2013 we look forward to sharing more information about our [&hellip;]<\/p>\n","protected":false},"author":1,"featured_media":0,"parent":0,"menu_order":0,"comment_status":"closed","ping_status":"closed","template":"elementor_header_footer","meta":{"inline_featured_image":false,"cybocfi_hide_featured_image":"","two_page_speed":{"current_score":{"desktop_score":49,"desktop_tti":"3.7\u00a0","mobile_score":66,"mobile_tti":"13.3\u00a0","date":"21.08.2025 03:12:33 pm","status":"completed"}},"footnotes":""},"class_list":["post-18","page","type-page","status-publish","hentry"],"_links":{"self":[{"href":"https:\/\/altoo.io\/fr\/wp-json\/wp\/v2\/pages\/18","targetHints":{"allow":["GET"]}}],"collection":[{"href":"https:\/\/altoo.io\/fr\/wp-json\/wp\/v2\/pages"}],"about":[{"href":"https:\/\/altoo.io\/fr\/wp-json\/wp\/v2\/types\/page"}],"author":[{"embeddable":true,"href":"https:\/\/altoo.io\/fr\/wp-json\/wp\/v2\/users\/1"}],"replies":[{"embeddable":true,"href":"https:\/\/altoo.io\/fr\/wp-json\/wp\/v2\/comments?post=18"}],"version-history":[{"count":88,"href":"https:\/\/altoo.io\/fr\/wp-json\/wp\/v2\/pages\/18\/revisions"}],"predecessor-version":[{"id":31665,"href":"https:\/\/altoo.io\/fr\/wp-json\/wp\/v2\/pages\/18\/revisions\/31665"}],"wp:attachment":[{"href":"https:\/\/altoo.io\/fr\/wp-json\/wp\/v2\/media?parent=18"}],"curies":[{"name":"wp","href":"https:\/\/api.w.org\/{rel}","templated":true}]}}