{"id":7062,"date":"2023-05-23T16:46:14","date_gmt":"2023-05-23T16:46:14","guid":{"rendered":"https:\/\/staging.altoo.io\/?page_id=7062"},"modified":"2025-08-21T15:11:25","modified_gmt":"2025-08-21T13:11:25","slug":"uber-einblicke","status":"publish","type":"page","link":"https:\/\/altoo.io\/de\/about-insights\/","title":{"rendered":"\u00dcber Insights"},"content":{"rendered":"<div data-elementor-type=\"wp-page\" data-elementor-id=\"7062\" class=\"elementor elementor-7062\" data-elementor-post-type=\"page\">\n\t\t\t\t\t\t<section class=\"elementor-section elementor-top-section elementor-element elementor-element-3b45071d elementor-section-height-min-height pages-hero elementor-section-boxed elementor-section-height-default elementor-section-items-middle\" data-id=\"3b45071d\" data-element_type=\"section\" data-e-type=\"section\">\n\t\t\t\t\t\t<div class=\"elementor-container elementor-column-gap-default\">\n\t\t\t\t\t<div class=\"elementor-column elementor-col-100 elementor-top-column elementor-element elementor-element-6c1bbc62\" data-id=\"6c1bbc62\" data-element_type=\"column\" data-e-type=\"column\">\n\t\t\t<div class=\"elementor-widget-wrap elementor-element-populated\">\n\t\t\t\t\t\t<div class=\"elementor-element elementor-element-5cdefa70 elementor-widget elementor-widget-heading\" data-id=\"5cdefa70\" data-element_type=\"widget\" data-e-type=\"widget\" data-widget_type=\"heading.default\">\n\t\t\t\t<div class=\"elementor-widget-container\">\n\t\t\t\t\t<h1 class=\"elementor-heading-title elementor-size-default\">\u00dcber Insights<\/h1>\t\t\t\t<\/div>\n\t\t\t\t<\/div>\n\t\t\t\t\t<\/div>\n\t\t<\/div>\n\t\t\t\t\t<\/div>\n\t\t<\/section>\n\t\t\t\t<section class=\"elementor-section elementor-top-section elementor-element elementor-element-45763a6 elementor-section-boxed elementor-section-height-default elementor-section-height-default\" data-id=\"45763a6\" data-element_type=\"section\" data-e-type=\"section\">\n\t\t\t\t\t\t<div class=\"elementor-container elementor-column-gap-default\">\n\t\t\t\t\t<div class=\"elementor-column elementor-col-100 elementor-top-column elementor-element elementor-element-28d710d\" data-id=\"28d710d\" data-element_type=\"column\" data-e-type=\"column\">\n\t\t\t<div class=\"elementor-widget-wrap elementor-element-populated\">\n\t\t\t\t\t\t<div class=\"elementor-element elementor-element-604ab61 elementor-widget elementor-widget-text-editor\" data-id=\"604ab61\" data-element_type=\"widget\" data-e-type=\"widget\" data-widget_type=\"text-editor.default\">\n\t\t\t\t<div class=\"elementor-widget-container\">\n\t\t\t\t\t\t\t\t\t<p>Insights ist der moderne Leitfaden f\u00fcr ein wohlhabenderes, besser informiertes und stilvolleres Leben. Hier finden Sie alles, was verm\u00f6gende Privatpersonen, Family Offices, Trusts und Stiftungen \u00fcber Verm\u00f6gensverwaltung wissen m\u00fcssen - von den neuesten Marktinformationen bis hin zu philanthropischen Trends, Sport und vielem mehr.<\/p><p>Wir halten unsere Leser mit Artikeln, Altoo-Fallstudien und Informationen \u00fcber die weltbekannte Altoo Wealth Platform auf dem Laufenden, die dem modernen Menschen hilft, sein Verm\u00f6gen zu verwalten.<\/p><h3>Altoo Insights Newsletter<\/h3><p>Der Altoo-Newsletter, der die Abonnenten \u00fcber die neuesten Inhalte der weltweit bekannten Verm\u00f6gensplattform Altoo und andere relevante Themen jenseits der Wirtschaftsm\u00e4rkte informiert.<\/p><p>Abo <a href=\"https:\/\/altoo.io\/de\/subscription\/\">hier<\/a><\/p><p>Sie k\u00f6nnen sich jederzeit von allen Marken-E-Mails abmelden.<\/p><h3>Altoo Soziale Medien<\/h3><p>Kopf nach <a href=\"https:\/\/www.youtube.com\/@altooag6868\" target=\"_blank\" rel=\"noopener\">Altoo's Youtube Kanal<\/a> und schauen Sie sich die Anleitungsvideos an, die die einzigartigen Funktionen der Altoo Wealth Platform erkl\u00e4ren und die neuesten Unternehmensnachrichten enthalten.<\/p><p><span style=\"font-family: var( --e-global-typography-text-font-family ), Sans-serif; font-size: var( --e-global-typography-text-font-size );\"><a href=\"https:\/\/www.instagram.com\/altoowealth\/\" target=\"_blank\" rel=\"noopener\">Altoo's Instagram-Kanal<\/a> trifft sich mit seinen Anh\u00e4ngern, um die Plattform Altoo Wealth vorzustellen und das Wissen, die F\u00e4higkeiten und die Beratung \u00fcber Verm\u00f6gen f\u00fcr Privatpersonen und andere Unternehmen zu pr\u00e4sentieren.<\/span><\/p><p>Folgen Sie unserem LinkedIn-Kanal <a href=\"https:\/\/www.linkedin.com\/company\/altoo-ag\/\" target=\"_blank\" rel=\"noopener\">hier<\/a><\/p><h3>Kontakt<\/h3><p>F\u00fcr alle Presseanfragen wenden Sie sich bitte per E-Mail an <a href=\"mailto:insights@altoo.io\">press@altoo.io <\/a><\/p><p>Die B\u00fcros von Altoo befinden sich an der Zugerstrasse 77, 6340 Baar, Schweiz<\/p><h3>Bildnachweis<\/h3><p>Das Altoo Insights Content Team verwendet Adobe Stock f\u00fcr Bilder, Fotos, Grafiken, Illustrationen und Vorlagen. Diese Formate begleiten unsere Inhalte und werden ausschlie\u00dflich f\u00fcr redaktionelle Zwecke verwendet. Falls wir eine andere Quelle verwenden, werden diese Quelle und zus\u00e4tzliche Informationen in Bezug auf den Namen des Urhebers, den Titel des Bildes, das Ursprungsjahr, die Art des Mediums und den Ort, von dem wir auf das Bild zugegriffen haben (z. B. eine Website-URL), im APA-Stilformat angegeben.<\/p><p>Wir bem\u00fchen uns, immer die korrekte Originalquelle jedes von uns verwendeten Bildes anzugeben. Wenn Sie der Meinung sind, dass eine Quellenangabe nicht korrekt ist, kontaktieren Sie uns bitte unter <a href=\"mailto:insights@altoo.io\">press@altoo.io<\/a><\/p>\t\t\t\t\t\t\t\t<\/div>\n\t\t\t\t<\/div>\n\t\t\t\t\t<\/div>\n\t\t<\/div>\n\t\t\t\t\t<\/div>\n\t\t<\/section>\n\t\t\t\t<\/div>","protected":false},"excerpt":{"rendered":"<p>About Insights Insights is the modern guide to living a wealthier, more informed and more stylish life. Featuring everything a wealthy individual, family office or trust and foundation needs to know about wealth management &#8211; from the latest market updates to emerging investment opportunities, philanthropic trends to sports and much more. Think of us as [&hellip;]<\/p>\n","protected":false},"author":13,"featured_media":0,"parent":0,"menu_order":0,"comment_status":"closed","ping_status":"closed","template":"elementor_header_footer","meta":{"inline_featured_image":false,"cybocfi_hide_featured_image":"","two_page_speed":{"current_score":{"desktop_score":89,"desktop_tti":"2.0\u00a0","mobile_score":68,"mobile_tti":"10.1\u00a0","date":"03.07.2025 07:11:00 pm","status":"error_no_score"}},"footnotes":""},"class_list":["post-7062","page","type-page","status-publish","hentry"],"_links":{"self":[{"href":"https:\/\/altoo.io\/de\/wp-json\/wp\/v2\/pages\/7062","targetHints":{"allow":["GET"]}}],"collection":[{"href":"https:\/\/altoo.io\/de\/wp-json\/wp\/v2\/pages"}],"about":[{"href":"https:\/\/altoo.io\/de\/wp-json\/wp\/v2\/types\/page"}],"author":[{"embeddable":true,"href":"https:\/\/altoo.io\/de\/wp-json\/wp\/v2\/users\/13"}],"replies":[{"embeddable":true,"href":"https:\/\/altoo.io\/de\/wp-json\/wp\/v2\/comments?post=7062"}],"version-history":[{"count":71,"href":"https:\/\/altoo.io\/de\/wp-json\/wp\/v2\/pages\/7062\/revisions"}],"predecessor-version":[{"id":35007,"href":"https:\/\/altoo.io\/de\/wp-json\/wp\/v2\/pages\/7062\/revisions\/35007"}],"wp:attachment":[{"href":"https:\/\/altoo.io\/de\/wp-json\/wp\/v2\/media?parent=7062"}],"curies":[{"name":"wp","href":"https:\/\/api.w.org\/{rel}","templated":true}]}}