{"id":40735,"date":"2025-05-25T10:53:54","date_gmt":"2025-05-25T08:53:54","guid":{"rendered":"https:\/\/altoo.io\/?page_id=40735"},"modified":"2025-08-22T08:02:57","modified_gmt":"2025-08-22T06:02:57","slug":"ihr-family-office-auf-kuhne-neue-wege-fuhren","status":"publish","type":"page","link":"https:\/\/altoo.io\/de\/lead-your-family-office-to-bold-new-paths\/","title":{"rendered":"Weisen Sie Ihrem Family Office den Weg in eine mutige Zukunft"},"content":{"rendered":"<div data-elementor-type=\"wp-page\" data-elementor-id=\"40735\" class=\"elementor elementor-40735\" data-elementor-post-type=\"page\">\n\t\t\t\t\t\t<section class=\"elementor-section elementor-top-section elementor-element elementor-element-6cfc76d front-hero elementor-section-boxed elementor-section-height-default elementor-section-height-default\" data-id=\"6cfc76d\" data-element_type=\"section\" data-e-type=\"section\" data-settings=\"{&quot;background_background&quot;:&quot;classic&quot;}\">\n\t\t\t\t\t\t<div class=\"elementor-container elementor-column-gap-default\">\n\t\t\t\t\t<div class=\"elementor-column elementor-col-50 elementor-top-column elementor-element elementor-element-fc76d90\" data-id=\"fc76d90\" data-element_type=\"column\" data-e-type=\"column\">\n\t\t\t<div class=\"elementor-widget-wrap elementor-element-populated\">\n\t\t\t\t\t\t<div class=\"elementor-element elementor-element-3541454 elementor-widget elementor-widget-heading\" data-id=\"3541454\" data-element_type=\"widget\" data-e-type=\"widget\" data-widget_type=\"heading.default\">\n\t\t\t\t<div class=\"elementor-widget-container\">\n\t\t\t\t\t<h2 class=\"elementor-heading-title elementor-size-default\">Weisen Sie Ihrem Family Office den Weg in eine mutige Zukunft<\/h2>\t\t\t\t<\/div>\n\t\t\t\t<\/div>\n\t\t\t\t<div class=\"elementor-element elementor-element-88538a8 elementor-widget elementor-widget-text-editor\" data-id=\"88538a8\" data-element_type=\"widget\" data-e-type=\"widget\" data-widget_type=\"text-editor.default\">\n\t\t\t\t<div class=\"elementor-widget-container\">\n\t\t\t\t\t\t\t\t\t<div class=\"flex-shrink-0 flex flex-col relative items-end\"><div class=\"pt-0\"><div class=\"gizmo-bot-avatar flex h-8 w-8 items-center justify-center overflow-hidden rounded-full\"><div class=\"relative p-1 rounded-sm flex items-center justify-center bg-token-main-surface-primary text-token-text-primary h-8 w-8\"><span style=\"font-weight: 400;\">Erfahren Sie, wie Trends und digitale Innovationen Family Offices ab 2025 neu gestalten.<\/span><\/div><\/div><\/div><\/div>\t\t\t\t\t\t\t\t<\/div>\n\t\t\t\t<\/div>\n\t\t\t\t\t<\/div>\n\t\t<\/div>\n\t\t\t\t<div class=\"elementor-column elementor-col-50 elementor-top-column elementor-element elementor-element-70e3f08\" data-id=\"70e3f08\" data-element_type=\"column\" data-e-type=\"column\">\n\t\t\t<div class=\"elementor-widget-wrap elementor-element-populated\">\n\t\t\t\t\t\t<div class=\"elementor-element elementor-element-992cba5 elementor-widget elementor-widget-image\" data-id=\"992cba5\" data-element_type=\"widget\" data-e-type=\"widget\" data-widget_type=\"image.default\">\n\t\t\t\t<div class=\"elementor-widget-container\">\n\t\t\t\t\t\t\t\t\t\t\t\t\t\t\t<img decoding=\"async\" src=\"https:\/\/altoo.io\/live01\/wp-content\/uploads\/elementor\/thumbs\/Lead-Your-Family-Office-to-Bold-New-Paths-r6c1m60e0i7l77nmbsl73t264e7ycp9x45e5edxcpm.jpg\" title=\"Weisen Sie Ihrem Family Office den Weg in eine mutige Zukunft\" alt=\"Weisen Sie Ihrem Family Office den Weg in eine mutige Zukunft\" loading=\"lazy\" \/>\t\t\t\t\t\t\t\t\t\t\t\t\t\t\t<\/div>\n\t\t\t\t<\/div>\n\t\t\t\t\t<\/div>\n\t\t<\/div>\n\t\t\t\t\t<\/div>\n\t\t<\/section>\n\t\t\t\t<section class=\"elementor-section elementor-top-section elementor-element elementor-element-1cf9f53 eBook-content elementor-section-boxed elementor-section-height-default elementor-section-height-default\" data-id=\"1cf9f53\" data-element_type=\"section\" data-e-type=\"section\" data-settings=\"{&quot;background_background&quot;:&quot;classic&quot;}\">\n\t\t\t\t\t\t<div class=\"elementor-container elementor-column-gap-default\">\n\t\t\t\t\t<div class=\"elementor-column elementor-col-100 elementor-top-column elementor-element elementor-element-1a61a5c\" data-id=\"1a61a5c\" data-element_type=\"column\" data-e-type=\"column\">\n\t\t\t<div class=\"elementor-widget-wrap elementor-element-populated\">\n\t\t\t\t\t\t<div class=\"elementor-element elementor-element-330598c elementor-widget elementor-widget-heading\" data-id=\"330598c\" data-element_type=\"widget\" data-e-type=\"widget\" data-widget_type=\"heading.default\">\n\t\t\t\t<div class=\"elementor-widget-container\">\n\t\t\t\t\t<h3 class=\"elementor-heading-title elementor-size-default\">Im eBook<\/h3>\t\t\t\t<\/div>\n\t\t\t\t<\/div>\n\t\t\t\t<div class=\"elementor-element elementor-element-38ce99c elementor-widget elementor-widget-text-editor\" data-id=\"38ce99c\" data-element_type=\"widget\" data-e-type=\"widget\" data-widget_type=\"text-editor.default\">\n\t\t\t\t<div class=\"elementor-widget-container\">\n\t\t\t\t\t\t\t\t\t<p><span style=\"font-weight: 400;\">Sichern Sie sich die Erkenntnisse, um Ihr Family Office mutig durch globale Ver\u00e4nderungen und digitale Chancen in eine erfolgreiche Zukunft zu f\u00fchren.<\/span><\/p>\t\t\t\t\t\t\t\t<\/div>\n\t\t\t\t<\/div>\n\t\t\t\t\t<\/div>\n\t\t<\/div>\n\t\t\t\t\t<\/div>\n\t\t<\/section>\n\t\t\t\t<section class=\"elementor-section elementor-top-section elementor-element elementor-element-f43c52c eBook-content elementor-section-boxed elementor-section-height-default elementor-section-height-default\" data-id=\"f43c52c\" data-element_type=\"section\" data-e-type=\"section\" data-settings=\"{&quot;background_background&quot;:&quot;classic&quot;}\">\n\t\t\t\t\t\t<div class=\"elementor-container elementor-column-gap-default\">\n\t\t\t\t\t<div class=\"elementor-column elementor-col-50 elementor-top-column elementor-element elementor-element-a67d09f\" data-id=\"a67d09f\" data-element_type=\"column\" data-e-type=\"column\">\n\t\t\t<div class=\"elementor-widget-wrap elementor-element-populated\">\n\t\t\t\t\t\t<div class=\"elementor-element elementor-element-f9e4e22 elementor-widget elementor-widget-heading\" data-id=\"f9e4e22\" data-element_type=\"widget\" data-e-type=\"widget\" data-widget_type=\"heading.default\">\n\t\t\t\t<div class=\"elementor-widget-container\">\n\t\t\t\t\t<h5 class=\"elementor-heading-title elementor-size-default\">Die Welt in Zahlen: Wirtschaftstrends f\u00fcr 2025<\/h5>\t\t\t\t<\/div>\n\t\t\t\t<\/div>\n\t\t\t\t<div class=\"elementor-element elementor-element-65a36f4 elementor-widget-divider--view-line elementor-widget elementor-widget-divider\" data-id=\"65a36f4\" data-element_type=\"widget\" data-e-type=\"widget\" data-widget_type=\"divider.default\">\n\t\t\t\t<div class=\"elementor-widget-container\">\n\t\t\t\t\t\t\t<div class=\"elementor-divider\">\n\t\t\t<span class=\"elementor-divider-separator\">\n\t\t\t\t\t\t<\/span>\n\t\t<\/div>\n\t\t\t\t\t\t<\/div>\n\t\t\t\t<\/div>\n\t\t\t\t<div class=\"elementor-element elementor-element-b05e6f5 elementor-widget elementor-widget-text-editor\" data-id=\"b05e6f5\" data-element_type=\"widget\" data-e-type=\"widget\" data-widget_type=\"text-editor.default\">\n\t\t\t\t<div class=\"elementor-widget-container\">\n\t\t\t\t\t\t\t\t\t<p><span style=\"font-weight: 400;\">Steuern Sie sicher durch die zentralen wirtschaftlichen und politischen Ver\u00e4nderungen des Jahres 2025 \u2013 von der Energiewende \u00fcber KI-Regulierung bis zur Neuausrichtung des globalen Handels.<\/span><\/p>\t\t\t\t\t\t\t\t<\/div>\n\t\t\t\t<\/div>\n\t\t\t\t\t<\/div>\n\t\t<\/div>\n\t\t\t\t<div class=\"elementor-column elementor-col-50 elementor-top-column elementor-element elementor-element-077318c\" data-id=\"077318c\" data-element_type=\"column\" data-e-type=\"column\">\n\t\t\t<div class=\"elementor-widget-wrap elementor-element-populated\">\n\t\t\t\t\t\t<div class=\"elementor-element elementor-element-bc55577 elementor-widget elementor-widget-heading\" data-id=\"bc55577\" data-element_type=\"widget\" data-e-type=\"widget\" data-widget_type=\"heading.default\">\n\t\t\t\t<div class=\"elementor-widget-container\">\n\t\t\t\t\t<h5 class=\"elementor-heading-title elementor-size-default\">Digitale Verm\u00f6genswerte und Web3-Grundlagen: Was Family Officers wissen sollten<\/h5>\t\t\t\t<\/div>\n\t\t\t\t<\/div>\n\t\t\t\t<div class=\"elementor-element elementor-element-b93c36e elementor-widget-divider--view-line elementor-widget elementor-widget-divider\" data-id=\"b93c36e\" data-element_type=\"widget\" data-e-type=\"widget\" data-widget_type=\"divider.default\">\n\t\t\t\t<div class=\"elementor-widget-container\">\n\t\t\t\t\t\t\t<div class=\"elementor-divider\">\n\t\t\t<span class=\"elementor-divider-separator\">\n\t\t\t\t\t\t<\/span>\n\t\t<\/div>\n\t\t\t\t\t\t<\/div>\n\t\t\t\t<\/div>\n\t\t\t\t<div class=\"elementor-element elementor-element-756e878 elementor-widget elementor-widget-text-editor\" data-id=\"756e878\" data-element_type=\"widget\" data-e-type=\"widget\" data-widget_type=\"text-editor.default\">\n\t\t\t\t<div class=\"elementor-widget-container\">\n\t\t\t\t\t\t\t\t\t<p><span style=\"font-weight: 400;\">Machen Sie sich fit f\u00fcr die Zukunft: Verstehen Sie digitale Verm\u00f6genswerte und Web3-Technologien, die von der n\u00e4chsten Generation als neue Investmentchancen vorangetrieben werden.<\/span><\/p>\t\t\t\t\t\t\t\t<\/div>\n\t\t\t\t<\/div>\n\t\t\t\t\t<\/div>\n\t\t<\/div>\n\t\t\t\t\t<\/div>\n\t\t<\/section>\n\t\t\t\t<section class=\"elementor-section elementor-top-section elementor-element elementor-element-3095d7a elementor-section-boxed elementor-section-height-default elementor-section-height-default\" data-id=\"3095d7a\" data-element_type=\"section\" data-e-type=\"section\" data-settings=\"{&quot;background_background&quot;:&quot;classic&quot;}\">\n\t\t\t\t\t\t<div class=\"elementor-container elementor-column-gap-default\">\n\t\t\t\t\t<div class=\"elementor-column elementor-col-100 elementor-top-column elementor-element elementor-element-f13801d\" data-id=\"f13801d\" data-element_type=\"column\" data-e-type=\"column\">\n\t\t\t<div class=\"elementor-widget-wrap elementor-element-populated\">\n\t\t\t\t\t\t<div class=\"elementor-element elementor-element-7c48e17 elementor-widget elementor-widget-heading\" data-id=\"7c48e17\" data-element_type=\"widget\" data-e-type=\"widget\" data-widget_type=\"heading.default\">\n\t\t\t\t<div class=\"elementor-widget-container\">\n\t\t\t\t\t<h3 class=\"elementor-heading-title elementor-size-default\">Jetzt Ihr exklusives eBook herunterladen<\/h3>\t\t\t\t<\/div>\n\t\t\t\t<\/div>\n\t\t\t\t<div class=\"elementor-element elementor-element-880ed20 elementor-widget elementor-widget-text-editor\" data-id=\"880ed20\" data-element_type=\"widget\" data-e-type=\"widget\" data-widget_type=\"text-editor.default\">\n\t\t\t\t<div class=\"elementor-widget-container\">\n\t\t\t\t\t\t\t\t\t<p>F\u00fcllen Sie das Formular aus, um Ihren pers\u00f6nlichen Download-Link per E-Mail zu erhalten.<\/p>\t\t\t\t\t\t\t\t<\/div>\n\t\t\t\t<\/div>\n\t\t\t\t\t<\/div>\n\t\t<\/div>\n\t\t\t\t\t<\/div>\n\t\t<\/section>\n\t\t\t\t<section class=\"elementor-section elementor-top-section elementor-element elementor-element-e99fea0 elementor-section-content-top landing-form elementor-section-boxed elementor-section-height-default elementor-section-height-default\" data-id=\"e99fea0\" data-element_type=\"section\" data-e-type=\"section\" data-settings=\"{&quot;background_background&quot;:&quot;classic&quot;}\">\n\t\t\t\t\t\t<div class=\"elementor-container elementor-column-gap-default\">\n\t\t\t\t\t<div class=\"elementor-column elementor-col-50 elementor-top-column elementor-element elementor-element-983d73e\" data-id=\"983d73e\" data-element_type=\"column\" data-e-type=\"column\">\n\t\t\t<div class=\"elementor-widget-wrap elementor-element-populated\">\n\t\t\t\t\t\t<div class=\"elementor-element elementor-element-ee9a724 elementor-widget elementor-widget-image\" data-id=\"ee9a724\" data-element_type=\"widget\" data-e-type=\"widget\" data-widget_type=\"image.default\">\n\t\t\t\t<div class=\"elementor-widget-container\">\n\t\t\t\t\t\t\t\t\t\t\t\t\t\t\t<img fetchpriority=\"high\" decoding=\"async\" width=\"800\" height=\"800\" src=\"https:\/\/altoo.io\/live01\/wp-content\/uploads\/2025\/05\/lead-form-1024x1024.jpg\" class=\"attachment-large size-large wp-image-40755\" alt=\"\" srcset=\"https:\/\/altoo.io\/live01\/wp-content\/uploads\/2025\/05\/lead-form-1024x1024.jpg 1024w, https:\/\/altoo.io\/live01\/wp-content\/uploads\/2025\/05\/lead-form-300x300.jpg 300w, https:\/\/altoo.io\/live01\/wp-content\/uploads\/2025\/05\/lead-form-150x150.jpg 150w, https:\/\/altoo.io\/live01\/wp-content\/uploads\/2025\/05\/lead-form-768x768.jpg 768w, https:\/\/altoo.io\/live01\/wp-content\/uploads\/2025\/05\/lead-form-12x12.jpg 12w, https:\/\/altoo.io\/live01\/wp-content\/uploads\/2025\/05\/lead-form-600x600.jpg 600w, https:\/\/altoo.io\/live01\/wp-content\/uploads\/2025\/05\/lead-form.jpg 1200w\" sizes=\"(max-width: 800px) 100vw, 800px\" \/>\t\t\t\t\t\t\t\t\t\t\t\t\t\t\t<\/div>\n\t\t\t\t<\/div>\n\t\t\t\t\t<\/div>\n\t\t<\/div>\n\t\t\t\t<div class=\"elementor-column elementor-col-50 elementor-top-column elementor-element elementor-element-b013ec2\" data-id=\"b013ec2\" data-element_type=\"column\" data-e-type=\"column\">\n\t\t\t<div class=\"elementor-widget-wrap elementor-element-populated\">\n\t\t\t\t\t\t<div class=\"elementor-element elementor-element-43850b7 eBook-form elementor-widget elementor-widget-html\" data-id=\"43850b7\" data-element_type=\"widget\" data-e-type=\"widget\" data-widget_type=\"html.default\">\n\t\t\t\t<div class=\"elementor-widget-container\">\n\t\t\t\t\t<iframe src=\"https:\/\/forms.zohopublic.eu\/altooag\/form\/EBookDownload\/formperma\/mqKTYw9i05wSINRCYO-hg98TggL4T4EgM-lVgKoqL9g?ID=12\" style=\"border:none; width: 100%; height: 900px\" title=\"Iframe Beispiel\"><\/iframe>\t\t\t\t<\/div>\n\t\t\t\t<\/div>\n\t\t\t\t\t<\/div>\n\t\t<\/div>\n\t\t\t\t\t<\/div>\n\t\t<\/section>\n\t\t\t\t<section class=\"elementor-section elementor-top-section elementor-element elementor-element-b10267b eBook-content elementor-section-boxed elementor-section-height-default elementor-section-height-default\" data-id=\"b10267b\" data-element_type=\"section\" data-e-type=\"section\" data-settings=\"{&quot;background_background&quot;:&quot;classic&quot;}\">\n\t\t\t\t\t\t<div class=\"elementor-container elementor-column-gap-default\">\n\t\t\t\t\t<div class=\"elementor-column elementor-col-33 elementor-top-column elementor-element elementor-element-a7f0644\" data-id=\"a7f0644\" data-element_type=\"column\" data-e-type=\"column\">\n\t\t\t<div class=\"elementor-widget-wrap elementor-element-populated\">\n\t\t\t\t\t\t<div class=\"elementor-element elementor-element-265dd74 elementor-widget elementor-widget-image\" data-id=\"265dd74\" data-element_type=\"widget\" data-e-type=\"widget\" data-widget_type=\"image.default\">\n\t\t\t\t<div class=\"elementor-widget-container\">\n\t\t\t\t\t\t\t\t\t\t\t\t\t\t\t<img decoding=\"async\" width=\"800\" height=\"875\" src=\"https:\/\/altoo.io\/live01\/wp-content\/uploads\/2024\/11\/laying-editor.png\" class=\"attachment-large size-large wp-image-37799\" alt=\"\" srcset=\"https:\/\/altoo.io\/live01\/wp-content\/uploads\/2024\/11\/laying-editor.png 810w, https:\/\/altoo.io\/live01\/wp-content\/uploads\/2024\/11\/laying-editor-274x300.png 274w, https:\/\/altoo.io\/live01\/wp-content\/uploads\/2024\/11\/laying-editor-768x840.png 768w, https:\/\/altoo.io\/live01\/wp-content\/uploads\/2024\/11\/laying-editor-11x12.png 11w, https:\/\/altoo.io\/live01\/wp-content\/uploads\/2024\/11\/laying-editor-549x600.png 549w\" sizes=\"(max-width: 800px) 100vw, 800px\" \/>\t\t\t\t\t\t\t\t\t\t\t\t\t\t\t<\/div>\n\t\t\t\t<\/div>\n\t\t\t\t\t<\/div>\n\t\t<\/div>\n\t\t\t\t<div class=\"elementor-column elementor-col-66 elementor-top-column elementor-element elementor-element-8039767\" data-id=\"8039767\" data-element_type=\"column\" data-e-type=\"column\">\n\t\t\t<div class=\"elementor-widget-wrap elementor-element-populated\">\n\t\t\t\t\t\t<div class=\"elementor-element elementor-element-6578a13 elementor-widget elementor-widget-heading\" data-id=\"6578a13\" data-element_type=\"widget\" data-e-type=\"widget\" data-widget_type=\"heading.default\">\n\t\t\t\t<div class=\"elementor-widget-container\">\n\t\t\t\t\t<h3 class=\"elementor-heading-title elementor-size-default\">Editorial<\/h3>\t\t\t\t<\/div>\n\t\t\t\t<\/div>\n\t\t\t\t<div class=\"elementor-element elementor-element-4537d03 elementor-widget elementor-widget-text-editor\" data-id=\"4537d03\" data-element_type=\"widget\" data-e-type=\"widget\" data-widget_type=\"text-editor.default\">\n\t\t\t\t<div class=\"elementor-widget-container\">\n\t\t\t\t\t\t\t\t\t<p><span style=\"font-weight: 400;\">Family-Offices stehen heute vor schnellen Ver\u00e4nderungen \u2013 von neuen politischen Rahmenbedingungen bis hin zu bahnbrechenden digitalen Technologien. Um Verm\u00f6gensstrategien f\u00fcr 2025 und dar\u00fcber hinaus erfolgreich anzupassen, m\u00fcssen sie aktuelle globale Trends genau verfolgen.<\/span><\/p><p><span style=\"font-weight: 400;\">Fortschritte in K\u00fcnstlicher Intelligenz und Web3 bieten Chancen und Herausforderungen f\u00fcr die Verm\u00f6gensverwaltung. Obwohl 73 % der Family Offices noch nicht in digitale Verm\u00f6genswerte investiert haben, erwarten j\u00fcngere Generationen zunehmend fachkundige Beratung in diesem Bereich.<\/span><\/p><p><span style=\"font-weight: 400;\">Dieser Leitfaden vermittelt das Wissen, um die Verm\u00f6genslandschaft von morgen sicher zu meistern. Von globalen Wirtschaftstrends bis zu digitalen Verm\u00f6genswerten und Web3 unterst\u00fctzt er Family Officers dabei, in unsicheren Zeiten selbstbewusst zu f\u00fchren. Die heute erkannten Trends pr\u00e4gen die Investitions- und Strategieentscheidungen erfolgreicher Family Offices von morgen.<\/span><\/p><p><span style=\"font-weight: 400;\">Weitere Teile der ELITE-WEALTH-Kollektion bieten Family Offices umfassende Leitf\u00e4den zum Aufbau solider Grundlagen und zur Orientierung an zuk\u00fcnftigen Trends im Management.<\/span><\/p>\t\t\t\t\t\t\t\t<\/div>\n\t\t\t\t<\/div>\n\t\t\t\t\t<\/div>\n\t\t<\/div>\n\t\t\t\t\t<\/div>\n\t\t<\/section>\n\t\t\t\t<\/div>","protected":false},"excerpt":{"rendered":"<p>Lead Your Family Office to Bold New Paths Discover how to navigate emerging trends and digital opportunities that will reshape family office success in 2025 and beyond. Inside the eBook Gain the insights needed to guide your family office through global economic shifts and emerging digital asset opportunities with confidence. The World in Numbers: Business [&hellip;]<\/p>\n","protected":false},"author":13,"featured_media":0,"parent":0,"menu_order":0,"comment_status":"closed","ping_status":"closed","template":"elementor_header_footer","meta":{"inline_featured_image":false,"cybocfi_hide_featured_image":"","two_page_speed":{"current_score":{"desktop_score":84,"desktop_tti":"2.8\u00a0","mobile_score":66,"mobile_tti":"9.0\u00a0","date":"07.07.2025 09:12:22 pm","status":"error_no_score"}},"footnotes":""},"class_list":["post-40735","page","type-page","status-publish","hentry"],"_links":{"self":[{"href":"https:\/\/altoo.io\/de\/wp-json\/wp\/v2\/pages\/40735","targetHints":{"allow":["GET"]}}],"collection":[{"href":"https:\/\/altoo.io\/de\/wp-json\/wp\/v2\/pages"}],"about":[{"href":"https:\/\/altoo.io\/de\/wp-json\/wp\/v2\/types\/page"}],"author":[{"embeddable":true,"href":"https:\/\/altoo.io\/de\/wp-json\/wp\/v2\/users\/13"}],"replies":[{"embeddable":true,"href":"https:\/\/altoo.io\/de\/wp-json\/wp\/v2\/comments?post=40735"}],"version-history":[{"count":20,"href":"https:\/\/altoo.io\/de\/wp-json\/wp\/v2\/pages\/40735\/revisions"}],"predecessor-version":[{"id":41199,"href":"https:\/\/altoo.io\/de\/wp-json\/wp\/v2\/pages\/40735\/revisions\/41199"}],"wp:attachment":[{"href":"https:\/\/altoo.io\/de\/wp-json\/wp\/v2\/media?parent=40735"}],"curies":[{"name":"wp","href":"https:\/\/api.w.org\/{rel}","templated":true}]}}