{"id":37702,"date":"2024-11-04T11:23:02","date_gmt":"2024-11-04T10:23:02","guid":{"rendered":"https:\/\/altoo.io\/?page_id=37702"},"modified":"2025-08-21T19:12:38","modified_gmt":"2025-08-21T17:12:38","slug":"laying-the-foundations-attitude-action","status":"publish","type":"page","link":"https:\/\/altoo.io\/de\/laying-the-foundations-attitude-action\/","title":{"rendered":"Die Grundlagen legen Einstellung und Handeln"},"content":{"rendered":"<div data-elementor-type=\"wp-page\" data-elementor-id=\"37702\" class=\"elementor elementor-37702\" data-elementor-post-type=\"page\">\n\t\t\t\t\t\t<section class=\"elementor-section elementor-top-section elementor-element elementor-element-6cfc76d front-hero elementor-section-boxed elementor-section-height-default elementor-section-height-default\" data-id=\"6cfc76d\" data-element_type=\"section\" data-e-type=\"section\" data-settings=\"{&quot;background_background&quot;:&quot;classic&quot;}\">\n\t\t\t\t\t\t<div class=\"elementor-container elementor-column-gap-default\">\n\t\t\t\t\t<div class=\"elementor-column elementor-col-50 elementor-top-column elementor-element elementor-element-fc76d90\" data-id=\"fc76d90\" data-element_type=\"column\" data-e-type=\"column\">\n\t\t\t<div class=\"elementor-widget-wrap elementor-element-populated\">\n\t\t\t\t\t\t<div class=\"elementor-element elementor-element-3541454 elementor-widget elementor-widget-heading\" data-id=\"3541454\" data-element_type=\"widget\" data-e-type=\"widget\" data-widget_type=\"heading.default\">\n\t\t\t\t<div class=\"elementor-widget-container\">\n\t\t\t\t\t<h2 class=\"elementor-heading-title elementor-size-default\">Grundlagen schaffen<\/h2>\t\t\t\t<\/div>\n\t\t\t\t<\/div>\n\t\t\t\t<div class=\"elementor-element elementor-element-2825451 elementor-widget elementor-widget-heading\" data-id=\"2825451\" data-element_type=\"widget\" data-e-type=\"widget\" data-widget_type=\"heading.default\">\n\t\t\t\t<div class=\"elementor-widget-container\">\n\t\t\t\t\t<h5 class=\"elementor-heading-title elementor-size-default\">Einstellung und Handlungen<\/h5>\t\t\t\t<\/div>\n\t\t\t\t<\/div>\n\t\t\t\t<div class=\"elementor-element elementor-element-88538a8 elementor-widget elementor-widget-text-editor\" data-id=\"88538a8\" data-element_type=\"widget\" data-e-type=\"widget\" data-widget_type=\"text-editor.default\">\n\t\t\t\t<div class=\"elementor-widget-container\">\n\t\t\t\t\t\t\t\t\t<div class=\"flex-shrink-0 flex flex-col relative items-end\"><div><div class=\"pt-0\"><div class=\"gizmo-bot-avatar flex h-8 w-8 items-center justify-center overflow-hidden rounded-full\"><div class=\"relative p-1 rounded-sm flex items-center justify-center bg-token-main-surface-primary text-token-text-primary h-8 w-8\"><span style=\"color: #88afd7;\">Entdecken Sie, wie ultra-verm\u00f6gende Menschen ihren Erfolg durch ihre Denkweise und strategische Risikobereitschaft gestalten.<\/span><\/div><\/div><\/div><\/div><\/div>\t\t\t\t\t\t\t\t<\/div>\n\t\t\t\t<\/div>\n\t\t\t\t\t<\/div>\n\t\t<\/div>\n\t\t\t\t<div class=\"elementor-column elementor-col-50 elementor-top-column elementor-element elementor-element-70e3f08\" data-id=\"70e3f08\" data-element_type=\"column\" data-e-type=\"column\">\n\t\t\t<div class=\"elementor-widget-wrap elementor-element-populated\">\n\t\t\t\t\t\t<div class=\"elementor-element elementor-element-992cba5 elementor-widget elementor-widget-image\" data-id=\"992cba5\" data-element_type=\"widget\" data-e-type=\"widget\" data-widget_type=\"image.default\">\n\t\t\t\t<div class=\"elementor-widget-container\">\n\t\t\t\t\t\t\t\t\t\t\t\t\t\t\t<img decoding=\"async\" src=\"https:\/\/altoo.io\/live01\/wp-content\/uploads\/elementor\/thumbs\/elite-wealth-02-qwiorsmrdgobz84duq5kehkx6jb9671l49ayfni9i2.jpg\" title=\"\" alt=\"Die Grundlagen schaffen: Einstellung und Handlungen\" loading=\"lazy\" \/>\t\t\t\t\t\t\t\t\t\t\t\t\t\t\t<\/div>\n\t\t\t\t<\/div>\n\t\t\t\t\t<\/div>\n\t\t<\/div>\n\t\t\t\t\t<\/div>\n\t\t<\/section>\n\t\t\t\t<section class=\"elementor-section elementor-top-section elementor-element elementor-element-1cf9f53 eBook-content elementor-section-boxed elementor-section-height-default elementor-section-height-default\" data-id=\"1cf9f53\" data-element_type=\"section\" data-e-type=\"section\" data-settings=\"{&quot;background_background&quot;:&quot;classic&quot;}\">\n\t\t\t\t\t\t<div class=\"elementor-container elementor-column-gap-default\">\n\t\t\t\t\t<div class=\"elementor-column elementor-col-100 elementor-top-column elementor-element elementor-element-1a61a5c\" data-id=\"1a61a5c\" data-element_type=\"column\" data-e-type=\"column\">\n\t\t\t<div class=\"elementor-widget-wrap elementor-element-populated\">\n\t\t\t\t\t\t<div class=\"elementor-element elementor-element-330598c elementor-widget elementor-widget-heading\" data-id=\"330598c\" data-element_type=\"widget\" data-e-type=\"widget\" data-widget_type=\"heading.default\">\n\t\t\t\t<div class=\"elementor-widget-container\">\n\t\t\t\t\t<h3 class=\"elementor-heading-title elementor-size-default\">Im eBook<\/h3>\t\t\t\t<\/div>\n\t\t\t\t<\/div>\n\t\t\t\t<div class=\"elementor-element elementor-element-38ce99c elementor-widget elementor-widget-text-editor\" data-id=\"38ce99c\" data-element_type=\"widget\" data-e-type=\"widget\" data-widget_type=\"text-editor.default\">\n\t\t\t\t<div class=\"elementor-widget-container\">\n\t\t\t\t\t\t\t\t\t<p>Erwerben Sie praktische Erkenntnisse, um eine solide Grundlage f\u00fcr Ihren Weg zu Wohlstand und Einfluss zu legen.<\/p>\t\t\t\t\t\t\t\t<\/div>\n\t\t\t\t<\/div>\n\t\t\t\t\t<\/div>\n\t\t<\/div>\n\t\t\t\t\t<\/div>\n\t\t<\/section>\n\t\t\t\t<section class=\"elementor-section elementor-top-section elementor-element elementor-element-f43c52c eBook-content elementor-section-boxed elementor-section-height-default elementor-section-height-default\" data-id=\"f43c52c\" data-element_type=\"section\" data-e-type=\"section\" data-settings=\"{&quot;background_background&quot;:&quot;classic&quot;}\">\n\t\t\t\t\t\t<div class=\"elementor-container elementor-column-gap-default\">\n\t\t\t\t\t<div class=\"elementor-column elementor-col-33 elementor-top-column elementor-element elementor-element-a67d09f\" data-id=\"a67d09f\" data-element_type=\"column\" data-e-type=\"column\">\n\t\t\t<div class=\"elementor-widget-wrap elementor-element-populated\">\n\t\t\t\t\t\t<div class=\"elementor-element elementor-element-f9e4e22 elementor-widget elementor-widget-heading\" data-id=\"f9e4e22\" data-element_type=\"widget\" data-e-type=\"widget\" data-widget_type=\"heading.default\">\n\t\t\t\t<div class=\"elementor-widget-container\">\n\t\t\t\t\t<h5 class=\"elementor-heading-title elementor-size-default\">Wie die fr\u00fchen Herausforderungen dreier erfolgreicher Menschen sie pr\u00e4gten<\/h5>\t\t\t\t<\/div>\n\t\t\t\t<\/div>\n\t\t\t\t<div class=\"elementor-element elementor-element-65a36f4 elementor-widget-divider--view-line elementor-widget elementor-widget-divider\" data-id=\"65a36f4\" data-element_type=\"widget\" data-e-type=\"widget\" data-widget_type=\"divider.default\">\n\t\t\t\t<div class=\"elementor-widget-container\">\n\t\t\t\t\t\t\t<div class=\"elementor-divider\">\n\t\t\t<span class=\"elementor-divider-separator\">\n\t\t\t\t\t\t<\/span>\n\t\t<\/div>\n\t\t\t\t\t\t<\/div>\n\t\t\t\t<\/div>\n\t\t\t\t<div class=\"elementor-element elementor-element-b05e6f5 elementor-widget elementor-widget-text-editor\" data-id=\"b05e6f5\" data-element_type=\"widget\" data-e-type=\"widget\" data-widget_type=\"text-editor.default\">\n\t\t\t\t<div class=\"elementor-widget-container\">\n\t\t\t\t\t\t\t\t\t<p><span style=\"color: #0f0b30;\">Hinter jedem ber\u00fchmten, wohlhabenden Menschen steht eine einzigartige Geschichte von Kampf, Entschlossenheit und Wachstum.<\/span><\/p>\t\t\t\t\t\t\t\t<\/div>\n\t\t\t\t<\/div>\n\t\t\t\t\t<\/div>\n\t\t<\/div>\n\t\t\t\t<div class=\"elementor-column elementor-col-33 elementor-top-column elementor-element elementor-element-077318c\" data-id=\"077318c\" data-element_type=\"column\" data-e-type=\"column\">\n\t\t\t<div class=\"elementor-widget-wrap elementor-element-populated\">\n\t\t\t\t\t\t<div class=\"elementor-element elementor-element-bc55577 elementor-widget elementor-widget-heading\" data-id=\"bc55577\" data-element_type=\"widget\" data-e-type=\"widget\" data-widget_type=\"heading.default\">\n\t\t\t\t<div class=\"elementor-widget-container\">\n\t\t\t\t\t<h5 class=\"elementor-heading-title elementor-size-default\">Der erste gro\u00dfe Durchbruch:<br \/>Identifizierung wichtiger Chancen<\/h5>\t\t\t\t<\/div>\n\t\t\t\t<\/div>\n\t\t\t\t<div class=\"elementor-element elementor-element-b93c36e elementor-widget-divider--view-line elementor-widget elementor-widget-divider\" data-id=\"b93c36e\" data-element_type=\"widget\" data-e-type=\"widget\" data-widget_type=\"divider.default\">\n\t\t\t\t<div class=\"elementor-widget-container\">\n\t\t\t\t\t\t\t<div class=\"elementor-divider\">\n\t\t\t<span class=\"elementor-divider-separator\">\n\t\t\t\t\t\t<\/span>\n\t\t<\/div>\n\t\t\t\t\t\t<\/div>\n\t\t\t\t<\/div>\n\t\t\t\t<div class=\"elementor-element elementor-element-756e878 elementor-widget elementor-widget-text-editor\" data-id=\"756e878\" data-element_type=\"widget\" data-e-type=\"widget\" data-widget_type=\"text-editor.default\">\n\t\t\t\t<div class=\"elementor-widget-container\">\n\t\t\t\t\t\t\t\t\t<p>Drei ber\u00fchmte wohlhabende Personen und wie sie ihre erste gro\u00dfe Chance genutzt haben.<\/p>\t\t\t\t\t\t\t\t<\/div>\n\t\t\t\t<\/div>\n\t\t\t\t\t<\/div>\n\t\t<\/div>\n\t\t\t\t<div class=\"elementor-column elementor-col-33 elementor-top-column elementor-element elementor-element-2fdb832\" data-id=\"2fdb832\" data-element_type=\"column\" data-e-type=\"column\">\n\t\t\t<div class=\"elementor-widget-wrap elementor-element-populated\">\n\t\t\t\t\t\t<div class=\"elementor-element elementor-element-c614587 elementor-widget elementor-widget-heading\" data-id=\"c614587\" data-element_type=\"widget\" data-e-type=\"widget\" data-widget_type=\"heading.default\">\n\t\t\t\t<div class=\"elementor-widget-container\">\n\t\t\t\t\t<h5 class=\"elementor-heading-title elementor-size-default\">Weitblickende Managementlektionen von Pionieren des Massenmarkts<\/h5>\t\t\t\t<\/div>\n\t\t\t\t<\/div>\n\t\t\t\t<div class=\"elementor-element elementor-element-1cdd672 elementor-widget-divider--view-line elementor-widget elementor-widget-divider\" data-id=\"1cdd672\" data-element_type=\"widget\" data-e-type=\"widget\" data-widget_type=\"divider.default\">\n\t\t\t\t<div class=\"elementor-widget-container\">\n\t\t\t\t\t\t\t<div class=\"elementor-divider\">\n\t\t\t<span class=\"elementor-divider-separator\">\n\t\t\t\t\t\t<\/span>\n\t\t<\/div>\n\t\t\t\t\t\t<\/div>\n\t\t\t\t<\/div>\n\t\t\t\t<div class=\"elementor-element elementor-element-023ccb5 elementor-widget elementor-widget-text-editor\" data-id=\"023ccb5\" data-element_type=\"widget\" data-e-type=\"widget\" data-widget_type=\"text-editor.default\">\n\t\t\t\t<div class=\"elementor-widget-container\">\n\t\t\t\t\t\t\t\t\t<p><span style=\"color: #0f0b30;\">Wir gewinnen Erkenntnisse aus den Geschichten von einflussreichen Pers\u00f6nlichkeiten wie Oprah Winfrey, Warren Buffett und David Rockefeller.<\/span><\/p>\t\t\t\t\t\t\t\t<\/div>\n\t\t\t\t<\/div>\n\t\t\t\t\t<\/div>\n\t\t<\/div>\n\t\t\t\t\t<\/div>\n\t\t<\/section>\n\t\t\t\t<section class=\"elementor-section elementor-top-section elementor-element elementor-element-c06ea2a eBook-content elementor-section-boxed elementor-section-height-default elementor-section-height-default\" data-id=\"c06ea2a\" data-element_type=\"section\" data-e-type=\"section\" data-settings=\"{&quot;background_background&quot;:&quot;classic&quot;}\">\n\t\t\t\t\t\t<div class=\"elementor-container elementor-column-gap-default\">\n\t\t\t\t\t<div class=\"elementor-column elementor-col-33 elementor-top-column elementor-element elementor-element-ebe66c0\" data-id=\"ebe66c0\" data-element_type=\"column\" data-e-type=\"column\">\n\t\t\t<div class=\"elementor-widget-wrap elementor-element-populated\">\n\t\t\t\t\t\t<div class=\"elementor-element elementor-element-fc69c3a elementor-widget elementor-widget-heading\" data-id=\"fc69c3a\" data-element_type=\"widget\" data-e-type=\"widget\" data-widget_type=\"heading.default\">\n\t\t\t\t<div class=\"elementor-widget-container\">\n\t\t\t\t\t<h5 class=\"elementor-heading-title elementor-size-default\">Grundlegende Must-Haves f\u00fcr das erfolgreiche Eingehen kalkulierter Risiken<\/h5>\t\t\t\t<\/div>\n\t\t\t\t<\/div>\n\t\t\t\t<div class=\"elementor-element elementor-element-d9978f9 elementor-widget-divider--view-line elementor-widget elementor-widget-divider\" data-id=\"d9978f9\" data-element_type=\"widget\" data-e-type=\"widget\" data-widget_type=\"divider.default\">\n\t\t\t\t<div class=\"elementor-widget-container\">\n\t\t\t\t\t\t\t<div class=\"elementor-divider\">\n\t\t\t<span class=\"elementor-divider-separator\">\n\t\t\t\t\t\t<\/span>\n\t\t<\/div>\n\t\t\t\t\t\t<\/div>\n\t\t\t\t<\/div>\n\t\t\t\t<div class=\"elementor-element elementor-element-6d76629 elementor-widget elementor-widget-text-editor\" data-id=\"6d76629\" data-element_type=\"widget\" data-e-type=\"widget\" data-widget_type=\"text-editor.default\">\n\t\t\t\t<div class=\"elementor-widget-container\">\n\t\t\t\t\t\t\t\t\t<p>Wenn es um die Bewertung von Risiken geht, bietet ein hohes Verm\u00f6gen Vorteile, die jedoch nur dann voll ausgesch\u00f6pft werden k\u00f6nnen, wenn man drei wesentliche Punkte beherrscht.<\/p>\t\t\t\t\t\t\t\t<\/div>\n\t\t\t\t<\/div>\n\t\t\t\t\t<\/div>\n\t\t<\/div>\n\t\t\t\t<div class=\"elementor-column elementor-col-33 elementor-top-column elementor-element elementor-element-28bcf53\" data-id=\"28bcf53\" data-element_type=\"column\" data-e-type=\"column\">\n\t\t\t<div class=\"elementor-widget-wrap elementor-element-populated\">\n\t\t\t\t\t\t<div class=\"elementor-element elementor-element-7418c46 elementor-widget elementor-widget-heading\" data-id=\"7418c46\" data-element_type=\"widget\" data-e-type=\"widget\" data-widget_type=\"heading.default\">\n\t\t\t\t<div class=\"elementor-widget-container\">\n\t\t\t\t\t<h5 class=\"elementor-heading-title elementor-size-default\">Zeitlose Erkenntnisse aus dem Zeitalter der Mona Lisa<\/h5>\t\t\t\t<\/div>\n\t\t\t\t<\/div>\n\t\t\t\t<div class=\"elementor-element elementor-element-afddb1e elementor-widget-divider--view-line elementor-widget elementor-widget-divider\" data-id=\"afddb1e\" data-element_type=\"widget\" data-e-type=\"widget\" data-widget_type=\"divider.default\">\n\t\t\t\t<div class=\"elementor-widget-container\">\n\t\t\t\t\t\t\t<div class=\"elementor-divider\">\n\t\t\t<span class=\"elementor-divider-separator\">\n\t\t\t\t\t\t<\/span>\n\t\t<\/div>\n\t\t\t\t\t\t<\/div>\n\t\t\t\t<\/div>\n\t\t\t\t<div class=\"elementor-element elementor-element-8ded62a elementor-widget elementor-widget-text-editor\" data-id=\"8ded62a\" data-element_type=\"widget\" data-e-type=\"widget\" data-widget_type=\"text-editor.default\">\n\t\t\t\t<div class=\"elementor-widget-container\">\n\t\t\t\t\t\t\t\t\t<p><span style=\"color: #0f0b30;\">Die Denker der Renaissance verk\u00f6rperten eine Denkweise, die es ihnen erm\u00f6glichte, Konventionen zu sprengen und das M\u00f6gliche neu zu definieren.&nbsp;<\/span><\/p>\t\t\t\t\t\t\t\t<\/div>\n\t\t\t\t<\/div>\n\t\t\t\t\t<\/div>\n\t\t<\/div>\n\t\t\t\t<div class=\"elementor-column elementor-col-33 elementor-top-column elementor-element elementor-element-0e5c665\" data-id=\"0e5c665\" data-element_type=\"column\" data-e-type=\"column\">\n\t\t\t<div class=\"elementor-widget-wrap\">\n\t\t\t\t\t\t\t<\/div>\n\t\t<\/div>\n\t\t\t\t\t<\/div>\n\t\t<\/section>\n\t\t\t\t<section class=\"elementor-section elementor-top-section elementor-element elementor-element-3095d7a elementor-section-boxed elementor-section-height-default elementor-section-height-default\" data-id=\"3095d7a\" data-element_type=\"section\" data-e-type=\"section\" data-settings=\"{&quot;background_background&quot;:&quot;classic&quot;}\">\n\t\t\t\t\t\t<div class=\"elementor-container elementor-column-gap-default\">\n\t\t\t\t\t<div class=\"elementor-column elementor-col-100 elementor-top-column elementor-element elementor-element-f13801d\" data-id=\"f13801d\" data-element_type=\"column\" data-e-type=\"column\">\n\t\t\t<div class=\"elementor-widget-wrap elementor-element-populated\">\n\t\t\t\t\t\t<div class=\"elementor-element elementor-element-7c48e17 elementor-widget elementor-widget-heading\" data-id=\"7c48e17\" data-element_type=\"widget\" data-e-type=\"widget\" data-widget_type=\"heading.default\">\n\t\t\t\t<div class=\"elementor-widget-container\">\n\t\t\t\t\t<h3 class=\"elementor-heading-title elementor-size-default\">Jetzt Ihr exklusives eBook herunterladen<\/h3>\t\t\t\t<\/div>\n\t\t\t\t<\/div>\n\t\t\t\t<div class=\"elementor-element elementor-element-880ed20 elementor-widget elementor-widget-text-editor\" data-id=\"880ed20\" data-element_type=\"widget\" data-e-type=\"widget\" data-widget_type=\"text-editor.default\">\n\t\t\t\t<div class=\"elementor-widget-container\">\n\t\t\t\t\t\t\t\t\t<p>F\u00fcllen Sie das Formular aus, um Ihren pers\u00f6nlichen Download-Link per E-Mail zu erhalten.<\/p>\t\t\t\t\t\t\t\t<\/div>\n\t\t\t\t<\/div>\n\t\t\t\t\t<\/div>\n\t\t<\/div>\n\t\t\t\t\t<\/div>\n\t\t<\/section>\n\t\t\t\t<section class=\"elementor-section elementor-top-section elementor-element elementor-element-e99fea0 elementor-section-content-top landing-form elementor-section-boxed elementor-section-height-default elementor-section-height-default\" data-id=\"e99fea0\" data-element_type=\"section\" data-e-type=\"section\" data-settings=\"{&quot;background_background&quot;:&quot;classic&quot;}\">\n\t\t\t\t\t\t<div class=\"elementor-container elementor-column-gap-default\">\n\t\t\t\t\t<div class=\"elementor-column elementor-col-50 elementor-top-column elementor-element elementor-element-983d73e\" data-id=\"983d73e\" data-element_type=\"column\" data-e-type=\"column\">\n\t\t\t<div class=\"elementor-widget-wrap elementor-element-populated\">\n\t\t\t\t\t\t<div class=\"elementor-element elementor-element-ee9a724 elementor-widget elementor-widget-image\" data-id=\"ee9a724\" data-element_type=\"widget\" data-e-type=\"widget\" data-widget_type=\"image.default\">\n\t\t\t\t<div class=\"elementor-widget-container\">\n\t\t\t\t\t\t\t\t\t\t\t\t\t\t\t<img fetchpriority=\"high\" decoding=\"async\" width=\"800\" height=\"800\" src=\"https:\/\/altoo.io\/live01\/wp-content\/uploads\/2024\/11\/laying-handbook-1024x1024.png\" class=\"attachment-large size-large wp-image-37798\" alt=\"\" srcset=\"https:\/\/altoo.io\/live01\/wp-content\/uploads\/2024\/11\/laying-handbook-1024x1024.png 1024w, https:\/\/altoo.io\/live01\/wp-content\/uploads\/2024\/11\/laying-handbook-300x300.png 300w, https:\/\/altoo.io\/live01\/wp-content\/uploads\/2024\/11\/laying-handbook-150x150.png 150w, https:\/\/altoo.io\/live01\/wp-content\/uploads\/2024\/11\/laying-handbook-768x768.png 768w, https:\/\/altoo.io\/live01\/wp-content\/uploads\/2024\/11\/laying-handbook-12x12.png 12w, https:\/\/altoo.io\/live01\/wp-content\/uploads\/2024\/11\/laying-handbook-600x600.png 600w, https:\/\/altoo.io\/live01\/wp-content\/uploads\/2024\/11\/laying-handbook.png 1200w\" sizes=\"(max-width: 800px) 100vw, 800px\" \/>\t\t\t\t\t\t\t\t\t\t\t\t\t\t\t<\/div>\n\t\t\t\t<\/div>\n\t\t\t\t\t<\/div>\n\t\t<\/div>\n\t\t\t\t<div class=\"elementor-column elementor-col-50 elementor-top-column elementor-element elementor-element-b013ec2\" data-id=\"b013ec2\" data-element_type=\"column\" data-e-type=\"column\">\n\t\t\t<div class=\"elementor-widget-wrap elementor-element-populated\">\n\t\t\t\t\t\t<div class=\"elementor-element elementor-element-43850b7 eBook-form elementor-widget elementor-widget-html\" data-id=\"43850b7\" data-element_type=\"widget\" data-e-type=\"widget\" data-widget_type=\"html.default\">\n\t\t\t\t<div class=\"elementor-widget-container\">\n\t\t\t\t\t<iframe src=\"https:\/\/forms.zohopublic.eu\/altooag\/form\/EBookDownload\/formperma\/mqKTYw9i05wSINRCYO-hg98TggL4T4EgM-lVgKoqL9g?ID=1\" style=\"border:none; width: 100%; height: 900px\" title=\"Iframe Beispiel\"><\/iframe>\t\t\t\t<\/div>\n\t\t\t\t<\/div>\n\t\t\t\t\t<\/div>\n\t\t<\/div>\n\t\t\t\t\t<\/div>\n\t\t<\/section>\n\t\t\t\t<section class=\"elementor-section elementor-top-section elementor-element elementor-element-b10267b eBook-content elementor-section-boxed elementor-section-height-default elementor-section-height-default\" data-id=\"b10267b\" data-element_type=\"section\" data-e-type=\"section\" data-settings=\"{&quot;background_background&quot;:&quot;classic&quot;}\">\n\t\t\t\t\t\t<div class=\"elementor-container elementor-column-gap-default\">\n\t\t\t\t\t<div class=\"elementor-column elementor-col-33 elementor-top-column elementor-element elementor-element-a7f0644\" data-id=\"a7f0644\" data-element_type=\"column\" data-e-type=\"column\">\n\t\t\t<div class=\"elementor-widget-wrap elementor-element-populated\">\n\t\t\t\t\t\t<div class=\"elementor-element elementor-element-265dd74 elementor-widget elementor-widget-image\" data-id=\"265dd74\" data-element_type=\"widget\" data-e-type=\"widget\" data-widget_type=\"image.default\">\n\t\t\t\t<div class=\"elementor-widget-container\">\n\t\t\t\t\t\t\t\t\t\t\t\t\t\t\t<img decoding=\"async\" width=\"800\" height=\"875\" src=\"https:\/\/altoo.io\/live01\/wp-content\/uploads\/2024\/11\/laying-editor.png\" class=\"attachment-large size-large wp-image-37799\" alt=\"\" srcset=\"https:\/\/altoo.io\/live01\/wp-content\/uploads\/2024\/11\/laying-editor.png 810w, https:\/\/altoo.io\/live01\/wp-content\/uploads\/2024\/11\/laying-editor-274x300.png 274w, https:\/\/altoo.io\/live01\/wp-content\/uploads\/2024\/11\/laying-editor-768x840.png 768w, https:\/\/altoo.io\/live01\/wp-content\/uploads\/2024\/11\/laying-editor-11x12.png 11w, https:\/\/altoo.io\/live01\/wp-content\/uploads\/2024\/11\/laying-editor-549x600.png 549w\" sizes=\"(max-width: 800px) 100vw, 800px\" \/>\t\t\t\t\t\t\t\t\t\t\t\t\t\t\t<\/div>\n\t\t\t\t<\/div>\n\t\t\t\t\t<\/div>\n\t\t<\/div>\n\t\t\t\t<div class=\"elementor-column elementor-col-66 elementor-top-column elementor-element elementor-element-8039767\" data-id=\"8039767\" data-element_type=\"column\" data-e-type=\"column\">\n\t\t\t<div class=\"elementor-widget-wrap elementor-element-populated\">\n\t\t\t\t\t\t<div class=\"elementor-element elementor-element-6578a13 elementor-widget elementor-widget-heading\" data-id=\"6578a13\" data-element_type=\"widget\" data-e-type=\"widget\" data-widget_type=\"heading.default\">\n\t\t\t\t<div class=\"elementor-widget-container\">\n\t\t\t\t\t<h3 class=\"elementor-heading-title elementor-size-default\">Editorial<\/h3>\t\t\t\t<\/div>\n\t\t\t\t<\/div>\n\t\t\t\t<div class=\"elementor-element elementor-element-4537d03 elementor-widget elementor-widget-text-editor\" data-id=\"4537d03\" data-element_type=\"widget\" data-e-type=\"widget\" data-widget_type=\"text-editor.default\">\n\t\t\t\t<div class=\"elementor-widget-container\">\n\t\t\t\t\t\t\t\t\t<p>In der sich schnell ver\u00e4ndernden Welt von heute m\u00fcssen F\u00fchrungskr\u00e4fte zeitlose Prinzipien mit modernen Strategien verbinden, um nachhaltig erfolgreich zu sein. Timeless Leadership for a Changing World erforscht die wesentlichen F\u00e4higkeiten f\u00fcr wohlhabende Einzelpersonen und Vision\u00e4re, die sich im globalen Wandel bewegen.<\/p><p>W\u00e4hrend die klassischen Eigenschaften von Renaissance-Denkern und Pionieren wie Henry Ford nach wie vor von Bedeutung sind, zeigen Pers\u00f6nlichkeiten wie Oprah Winfrey und Warren Buffett, wie wichtig es ist, sich an neue Herausforderungen anzupassen. Die Geschichten von Mark Zuckerberg und Sir James Dyson unterstreichen die Bedeutung von Visionen, Belastbarkeit und Timing. Dar\u00fcber hinaus unterst\u00fctzen Plattformen wie Altoo die Verm\u00f6gensverwaltung durch optimierte digitale Tools, die das Verm\u00f6gen in komplexen Zeiten bewahren und vermehren. <\/p><p>F\u00fcr diejenigen, die sich in der modernen Welt mit der Komplexit\u00e4t von F\u00fchrung und Verm\u00e4chtnis auseinandersetzen m\u00fcssen, bietet das eBook eine reichhaltige Quelle an Einsichten und Strategien, um diesen Anforderungen gerecht zu werden. F\u00fcr eine tiefer gehende Anleitung k\u00f6nnen Sie andere eBooks aus der ELITE WEALTH Collection lesen.<\/p>\t\t\t\t\t\t\t\t<\/div>\n\t\t\t\t<\/div>\n\t\t\t\t\t<\/div>\n\t\t<\/div>\n\t\t\t\t\t<\/div>\n\t\t<\/section>\n\t\t\t\t<\/div>","protected":false},"excerpt":{"rendered":"<p>Laying the Foundations Attitude &amp; Actions Discover how ultra-wealthy leaders shape their success through mindset and strategic risk-taking. Inside the eBook Learn actionable insights to build a strong foundation for your own path to wealth and influence. How Three Wealthy Individuals\u2019 Early Life Struggles Shaped Their Success Behind every famous wealthy individual is a unique [&hellip;]<\/p>\n","protected":false},"author":13,"featured_media":0,"parent":0,"menu_order":0,"comment_status":"closed","ping_status":"closed","template":"elementor_header_footer","meta":{"inline_featured_image":false,"cybocfi_hide_featured_image":"","two_page_speed":{"current_score":{"desktop_score":84,"desktop_tti":"2.1\u00a0","mobile_score":61,"mobile_tti":"11.8\u00a0","date":"21.08.2025 07:13:21 pm","status":"completed"}},"footnotes":""},"class_list":["post-37702","page","type-page","status-publish","hentry"],"_links":{"self":[{"href":"https:\/\/altoo.io\/de\/wp-json\/wp\/v2\/pages\/37702","targetHints":{"allow":["GET"]}}],"collection":[{"href":"https:\/\/altoo.io\/de\/wp-json\/wp\/v2\/pages"}],"about":[{"href":"https:\/\/altoo.io\/de\/wp-json\/wp\/v2\/types\/page"}],"author":[{"embeddable":true,"href":"https:\/\/altoo.io\/de\/wp-json\/wp\/v2\/users\/13"}],"replies":[{"embeddable":true,"href":"https:\/\/altoo.io\/de\/wp-json\/wp\/v2\/comments?post=37702"}],"version-history":[{"count":166,"href":"https:\/\/altoo.io\/de\/wp-json\/wp\/v2\/pages\/37702\/revisions"}],"predecessor-version":[{"id":40853,"href":"https:\/\/altoo.io\/de\/wp-json\/wp\/v2\/pages\/37702\/revisions\/40853"}],"wp:attachment":[{"href":"https:\/\/altoo.io\/de\/wp-json\/wp\/v2\/media?parent=37702"}],"curies":[{"name":"wp","href":"https:\/\/api.w.org\/{rel}","templated":true}]}}