{"id":37692,"date":"2024-11-04T11:09:07","date_gmt":"2024-11-04T10:09:07","guid":{"rendered":"https:\/\/altoo.io\/?page_id=37692"},"modified":"2025-08-21T19:12:37","modified_gmt":"2025-08-21T17:12:37","slug":"zooming-out-the-picture-of-global-wealth","status":"publish","type":"page","link":"https:\/\/altoo.io\/de\/zooming-out-the-picture-of-global-wealth\/","title":{"rendered":"Das Bild des globalen Reichtums herauszoomen"},"content":{"rendered":"<div data-elementor-type=\"wp-page\" data-elementor-id=\"37692\" class=\"elementor elementor-37692\" data-elementor-post-type=\"page\">\n\t\t\t\t\t\t<section class=\"elementor-section elementor-top-section elementor-element elementor-element-6cfc76d front-hero elementor-section-boxed elementor-section-height-default elementor-section-height-default\" data-id=\"6cfc76d\" data-element_type=\"section\" data-e-type=\"section\" data-settings=\"{&quot;background_background&quot;:&quot;classic&quot;}\">\n\t\t\t\t\t\t\t<div class=\"elementor-background-overlay\"><\/div>\n\t\t\t\t\t\t\t<div class=\"elementor-container elementor-column-gap-default\">\n\t\t\t\t\t<div class=\"elementor-column elementor-col-50 elementor-top-column elementor-element elementor-element-fc76d90\" data-id=\"fc76d90\" data-element_type=\"column\" data-e-type=\"column\">\n\t\t\t<div class=\"elementor-widget-wrap elementor-element-populated\">\n\t\t\t\t\t\t<div class=\"elementor-element elementor-element-3541454 elementor-widget elementor-widget-heading\" data-id=\"3541454\" data-element_type=\"widget\" data-e-type=\"widget\" data-widget_type=\"heading.default\">\n\t\t\t\t<div class=\"elementor-widget-container\">\n\t\t\t\t\t<h2 class=\"elementor-heading-title elementor-size-default\">Herauszoomen:<\/h2>\t\t\t\t<\/div>\n\t\t\t\t<\/div>\n\t\t\t\t<div class=\"elementor-element elementor-element-2825451 elementor-widget elementor-widget-heading\" data-id=\"2825451\" data-element_type=\"widget\" data-e-type=\"widget\" data-widget_type=\"heading.default\">\n\t\t\t\t<div class=\"elementor-widget-container\">\n\t\t\t\t\t<h5 class=\"elementor-heading-title elementor-size-default\">Das Bild des globalen Reichtums<\/h5>\t\t\t\t<\/div>\n\t\t\t\t<\/div>\n\t\t\t\t<div class=\"elementor-element elementor-element-88538a8 elementor-widget elementor-widget-text-editor\" data-id=\"88538a8\" data-element_type=\"widget\" data-e-type=\"widget\" data-widget_type=\"text-editor.default\">\n\t\t\t\t<div class=\"elementor-widget-container\">\n\t\t\t\t\t\t\t\t\t<span style=\"color: #af9352;\">Erhalten Sie wertvolle Einblicke in globale Verm\u00f6gensverschiebungen f\u00fcr ein besseres Gesamtverst\u00e4ndnis und kl\u00fcgere Finanzentscheidungen.<\/span>\t\t\t\t\t\t\t\t<\/div>\n\t\t\t\t<\/div>\n\t\t\t\t\t<\/div>\n\t\t<\/div>\n\t\t\t\t<div class=\"elementor-column elementor-col-50 elementor-top-column elementor-element elementor-element-70e3f08\" data-id=\"70e3f08\" data-element_type=\"column\" data-e-type=\"column\">\n\t\t\t<div class=\"elementor-widget-wrap elementor-element-populated\">\n\t\t\t\t\t\t<div class=\"elementor-element elementor-element-992cba5 elementor-widget elementor-widget-image\" data-id=\"992cba5\" data-element_type=\"widget\" data-e-type=\"widget\" data-widget_type=\"image.default\">\n\t\t\t\t<div class=\"elementor-widget-container\">\n\t\t\t\t\t\t\t\t\t\t\t\t\t\t\t<img decoding=\"async\" src=\"https:\/\/altoo.io\/live01\/wp-content\/uploads\/elementor\/thumbs\/elite-wealth-04-qwiorl41use1ecfb2mwjujh8fgcbgm7qf832lftevu.jpg\" title=\"\" alt=\"Herauszoomen: Das Bild des globalen Reichtums\" loading=\"lazy\" \/>\t\t\t\t\t\t\t\t\t\t\t\t\t\t\t<\/div>\n\t\t\t\t<\/div>\n\t\t\t\t\t<\/div>\n\t\t<\/div>\n\t\t\t\t\t<\/div>\n\t\t<\/section>\n\t\t\t\t<section class=\"elementor-section elementor-top-section elementor-element elementor-element-1cf9f53 eBook-content elementor-section-boxed elementor-section-height-default elementor-section-height-default\" data-id=\"1cf9f53\" data-element_type=\"section\" data-e-type=\"section\" data-settings=\"{&quot;background_background&quot;:&quot;classic&quot;}\">\n\t\t\t\t\t\t<div class=\"elementor-container elementor-column-gap-default\">\n\t\t\t\t\t<div class=\"elementor-column elementor-col-100 elementor-top-column elementor-element elementor-element-1a61a5c\" data-id=\"1a61a5c\" data-element_type=\"column\" data-e-type=\"column\">\n\t\t\t<div class=\"elementor-widget-wrap elementor-element-populated\">\n\t\t\t\t\t\t<div class=\"elementor-element elementor-element-330598c elementor-widget elementor-widget-heading\" data-id=\"330598c\" data-element_type=\"widget\" data-e-type=\"widget\" data-widget_type=\"heading.default\">\n\t\t\t\t<div class=\"elementor-widget-container\">\n\t\t\t\t\t<h3 class=\"elementor-heading-title elementor-size-default\">Im eBook<\/h3>\t\t\t\t<\/div>\n\t\t\t\t<\/div>\n\t\t\t\t<div class=\"elementor-element elementor-element-72b2a59 elementor-widget elementor-widget-text-editor\" data-id=\"72b2a59\" data-element_type=\"widget\" data-e-type=\"widget\" data-widget_type=\"text-editor.default\">\n\t\t\t\t<div class=\"elementor-widget-container\">\n\t\t\t\t\t\t\t\t\t<p>Entdecken Sie wichtige Einblicke in die globale Verm\u00f6gensdynamik, von der wachsenden Zahl der Million\u00e4re bis hin zu den Nuancen des Verm\u00f6genstransfers zwischen den Generationen.<\/p>\t\t\t\t\t\t\t\t<\/div>\n\t\t\t\t<\/div>\n\t\t\t\t\t<\/div>\n\t\t<\/div>\n\t\t\t\t\t<\/div>\n\t\t<\/section>\n\t\t\t\t<section class=\"elementor-section elementor-top-section elementor-element elementor-element-f43c52c eBook-content elementor-section-boxed elementor-section-height-default elementor-section-height-default\" data-id=\"f43c52c\" data-element_type=\"section\" data-e-type=\"section\" data-settings=\"{&quot;background_background&quot;:&quot;classic&quot;}\">\n\t\t\t\t\t\t<div class=\"elementor-container elementor-column-gap-default\">\n\t\t\t\t\t<div class=\"elementor-column elementor-col-33 elementor-top-column elementor-element elementor-element-a67d09f\" data-id=\"a67d09f\" data-element_type=\"column\" data-e-type=\"column\">\n\t\t\t<div class=\"elementor-widget-wrap elementor-element-populated\">\n\t\t\t\t\t\t<div class=\"elementor-element elementor-element-f9e4e22 elementor-widget elementor-widget-heading\" data-id=\"f9e4e22\" data-element_type=\"widget\" data-e-type=\"widget\" data-widget_type=\"heading.default\">\n\t\t\t\t<div class=\"elementor-widget-container\">\n\t\t\t\t\t<h5 class=\"elementor-heading-title elementor-size-default\">Zahl der Million\u00e4re auf Allzeithoch<\/h5>\t\t\t\t<\/div>\n\t\t\t\t<\/div>\n\t\t\t\t<div class=\"elementor-element elementor-element-65a36f4 elementor-widget-divider--view-line elementor-widget elementor-widget-divider\" data-id=\"65a36f4\" data-element_type=\"widget\" data-e-type=\"widget\" data-widget_type=\"divider.default\">\n\t\t\t\t<div class=\"elementor-widget-container\">\n\t\t\t\t\t\t\t<div class=\"elementor-divider\">\n\t\t\t<span class=\"elementor-divider-separator\">\n\t\t\t\t\t\t<\/span>\n\t\t<\/div>\n\t\t\t\t\t\t<\/div>\n\t\t\t\t<\/div>\n\t\t\t\t<div class=\"elementor-element elementor-element-b05e6f5 elementor-widget elementor-widget-text-editor\" data-id=\"b05e6f5\" data-element_type=\"widget\" data-e-type=\"widget\" data-widget_type=\"text-editor.default\">\n\t\t\t\t<div class=\"elementor-widget-container\">\n\t\t\t\t\t\t\t\t\t<p><span style=\"color: #0f0b30;\">Laut der franz\u00f6sischen Unternehmensberatung Capgemini wird die Zahl der verm\u00f6genden Privatpersonen weltweit im Jahr 2023 einen neuen H\u00f6chststand erreichen.\u00a0<\/span><\/p>\t\t\t\t\t\t\t\t<\/div>\n\t\t\t\t<\/div>\n\t\t\t\t\t<\/div>\n\t\t<\/div>\n\t\t\t\t<div class=\"elementor-column elementor-col-33 elementor-top-column elementor-element elementor-element-077318c\" data-id=\"077318c\" data-element_type=\"column\" data-e-type=\"column\">\n\t\t\t<div class=\"elementor-widget-wrap elementor-element-populated\">\n\t\t\t\t\t\t<div class=\"elementor-element elementor-element-bc55577 elementor-widget elementor-widget-heading\" data-id=\"bc55577\" data-element_type=\"widget\" data-e-type=\"widget\" data-widget_type=\"heading.default\">\n\t\t\t\t<div class=\"elementor-widget-container\">\n\t\t\t\t\t<h5 class=\"elementor-heading-title elementor-size-default\">Globaler Wohlstand auf dem Vormarsch<\/h5>\t\t\t\t<\/div>\n\t\t\t\t<\/div>\n\t\t\t\t<div class=\"elementor-element elementor-element-b93c36e elementor-widget-divider--view-line elementor-widget elementor-widget-divider\" data-id=\"b93c36e\" data-element_type=\"widget\" data-e-type=\"widget\" data-widget_type=\"divider.default\">\n\t\t\t\t<div class=\"elementor-widget-container\">\n\t\t\t\t\t\t\t<div class=\"elementor-divider\">\n\t\t\t<span class=\"elementor-divider-separator\">\n\t\t\t\t\t\t<\/span>\n\t\t<\/div>\n\t\t\t\t\t\t<\/div>\n\t\t\t\t<\/div>\n\t\t\t\t<div class=\"elementor-element elementor-element-756e878 elementor-widget elementor-widget-text-editor\" data-id=\"756e878\" data-element_type=\"widget\" data-e-type=\"widget\" data-widget_type=\"text-editor.default\">\n\t\t\t\t<div class=\"elementor-widget-container\">\n\t\t\t\t\t\t\t\t\t<p><span style=\"color: #0f0b30;\">Der UBS Global Wealth Report 2024 zeigt, dass die Verm\u00f6gensungleichheit nicht so weit verbreitet ist, wie es scheint. In der Schweiz sank die Verm\u00f6gensungleichheit im Jahr 2023 um 4,6% gegen\u00fcber 2008.<\/span><\/p>\t\t\t\t\t\t\t\t<\/div>\n\t\t\t\t<\/div>\n\t\t\t\t\t<\/div>\n\t\t<\/div>\n\t\t\t\t<div class=\"elementor-column elementor-col-33 elementor-top-column elementor-element elementor-element-2fdb832\" data-id=\"2fdb832\" data-element_type=\"column\" data-e-type=\"column\">\n\t\t\t<div class=\"elementor-widget-wrap elementor-element-populated\">\n\t\t\t\t\t\t<div class=\"elementor-element elementor-element-c614587 elementor-widget elementor-widget-heading\" data-id=\"c614587\" data-element_type=\"widget\" data-e-type=\"widget\" data-widget_type=\"heading.default\">\n\t\t\t\t<div class=\"elementor-widget-container\">\n\t\t\t\t\t<h5 class=\"elementor-heading-title elementor-size-default\">Den gro\u00dfen Verm\u00f6genstransfer erfolgreich steuern<\/h5>\t\t\t\t<\/div>\n\t\t\t\t<\/div>\n\t\t\t\t<div class=\"elementor-element elementor-element-1cdd672 elementor-widget-divider--view-line elementor-widget elementor-widget-divider\" data-id=\"1cdd672\" data-element_type=\"widget\" data-e-type=\"widget\" data-widget_type=\"divider.default\">\n\t\t\t\t<div class=\"elementor-widget-container\">\n\t\t\t\t\t\t\t<div class=\"elementor-divider\">\n\t\t\t<span class=\"elementor-divider-separator\">\n\t\t\t\t\t\t<\/span>\n\t\t<\/div>\n\t\t\t\t\t\t<\/div>\n\t\t\t\t<\/div>\n\t\t\t\t<div class=\"elementor-element elementor-element-023ccb5 elementor-widget elementor-widget-text-editor\" data-id=\"023ccb5\" data-element_type=\"widget\" data-e-type=\"widget\" data-widget_type=\"text-editor.default\">\n\t\t\t\t<div class=\"elementor-widget-container\">\n\t\t\t\t\t\t\t\t\t<span style=\"color: #0f0b30;\">Der \"Gro\u00dfe Verm\u00f6genstransfer\" steht vor der T\u00fcr. Sch\u00e4tzungsweise 84 Billionen Dollar werden in den kommenden Jahrzehnten von einer Generation an die n\u00e4chste weitergegeben.\nden kommenden Jahrzehnten \u00fcbertragen werden. Diese historische Bewegung bringt sowohl Chancen als auch Herausforderungen mit sich.<\/span>\t\t\t\t\t\t\t\t<\/div>\n\t\t\t\t<\/div>\n\t\t\t\t\t<\/div>\n\t\t<\/div>\n\t\t\t\t\t<\/div>\n\t\t<\/section>\n\t\t\t\t<section class=\"elementor-section elementor-top-section elementor-element elementor-element-3095d7a elementor-section-boxed elementor-section-height-default elementor-section-height-default\" data-id=\"3095d7a\" data-element_type=\"section\" data-e-type=\"section\" data-settings=\"{&quot;background_background&quot;:&quot;classic&quot;}\">\n\t\t\t\t\t\t<div class=\"elementor-container elementor-column-gap-default\">\n\t\t\t\t\t<div class=\"elementor-column elementor-col-100 elementor-top-column elementor-element elementor-element-f13801d\" data-id=\"f13801d\" data-element_type=\"column\" data-e-type=\"column\">\n\t\t\t<div class=\"elementor-widget-wrap elementor-element-populated\">\n\t\t\t\t\t\t<div class=\"elementor-element elementor-element-7c48e17 elementor-widget elementor-widget-heading\" data-id=\"7c48e17\" data-element_type=\"widget\" data-e-type=\"widget\" data-widget_type=\"heading.default\">\n\t\t\t\t<div class=\"elementor-widget-container\">\n\t\t\t\t\t<h3 class=\"elementor-heading-title elementor-size-default\">Jetzt Ihr exklusives eBook herunterladen<\/h3>\t\t\t\t<\/div>\n\t\t\t\t<\/div>\n\t\t\t\t<div class=\"elementor-element elementor-element-880ed20 elementor-widget elementor-widget-text-editor\" data-id=\"880ed20\" data-element_type=\"widget\" data-e-type=\"widget\" data-widget_type=\"text-editor.default\">\n\t\t\t\t<div class=\"elementor-widget-container\">\n\t\t\t\t\t\t\t\t\t<p><span style=\"color: #ffffff;\">F\u00fcllen Sie das Formular aus, um Ihren pers\u00f6nlichen Download-Link per E-Mail zu erhalten.<\/span><\/p>\t\t\t\t\t\t\t\t<\/div>\n\t\t\t\t<\/div>\n\t\t\t\t\t<\/div>\n\t\t<\/div>\n\t\t\t\t\t<\/div>\n\t\t<\/section>\n\t\t\t\t<section class=\"elementor-section elementor-top-section elementor-element elementor-element-e99fea0 elementor-section-content-top landing-form elementor-section-boxed elementor-section-height-default elementor-section-height-default\" data-id=\"e99fea0\" data-element_type=\"section\" data-e-type=\"section\" data-settings=\"{&quot;background_background&quot;:&quot;classic&quot;}\">\n\t\t\t\t\t\t<div class=\"elementor-container elementor-column-gap-default\">\n\t\t\t\t\t<div class=\"elementor-column elementor-col-50 elementor-top-column elementor-element elementor-element-983d73e\" data-id=\"983d73e\" data-element_type=\"column\" data-e-type=\"column\">\n\t\t\t<div class=\"elementor-widget-wrap elementor-element-populated\">\n\t\t\t\t\t\t<div class=\"elementor-element elementor-element-ee9a724 elementor-widget elementor-widget-image\" data-id=\"ee9a724\" data-element_type=\"widget\" data-e-type=\"widget\" data-widget_type=\"image.default\">\n\t\t\t\t<div class=\"elementor-widget-container\">\n\t\t\t\t\t\t\t\t\t\t\t\t\t\t\t<img fetchpriority=\"high\" decoding=\"async\" width=\"800\" height=\"800\" src=\"https:\/\/altoo.io\/live01\/wp-content\/uploads\/2024\/11\/zooming-handbook-1024x1024.png\" class=\"attachment-large size-large wp-image-37761\" alt=\"\" srcset=\"https:\/\/altoo.io\/live01\/wp-content\/uploads\/2024\/11\/zooming-handbook-1024x1024.png 1024w, https:\/\/altoo.io\/live01\/wp-content\/uploads\/2024\/11\/zooming-handbook-300x300.png 300w, https:\/\/altoo.io\/live01\/wp-content\/uploads\/2024\/11\/zooming-handbook-150x150.png 150w, https:\/\/altoo.io\/live01\/wp-content\/uploads\/2024\/11\/zooming-handbook-768x768.png 768w, https:\/\/altoo.io\/live01\/wp-content\/uploads\/2024\/11\/zooming-handbook-12x12.png 12w, https:\/\/altoo.io\/live01\/wp-content\/uploads\/2024\/11\/zooming-handbook-600x600.png 600w, https:\/\/altoo.io\/live01\/wp-content\/uploads\/2024\/11\/zooming-handbook.png 1200w\" sizes=\"(max-width: 800px) 100vw, 800px\" \/>\t\t\t\t\t\t\t\t\t\t\t\t\t\t\t<\/div>\n\t\t\t\t<\/div>\n\t\t\t\t\t<\/div>\n\t\t<\/div>\n\t\t\t\t<div class=\"elementor-column elementor-col-50 elementor-top-column elementor-element elementor-element-b013ec2\" data-id=\"b013ec2\" data-element_type=\"column\" data-e-type=\"column\">\n\t\t\t<div class=\"elementor-widget-wrap elementor-element-populated\">\n\t\t\t\t\t\t<div class=\"elementor-element elementor-element-43850b7 eBook-form elementor-widget elementor-widget-html\" data-id=\"43850b7\" data-element_type=\"widget\" data-e-type=\"widget\" data-widget_type=\"html.default\">\n\t\t\t\t<div class=\"elementor-widget-container\">\n\t\t\t\t\t<iframe src=\"https:\/\/forms.zohopublic.eu\/altooag\/form\/EBookDownload\/formperma\/mqKTYw9i05wSINRCYO-hg98TggL4T4EgM-lVgKoqL9g?ID=3\" style=\"border:none; width: 100%; height: 900px\" title=\"Iframe Beispiel\"><\/iframe>\t\t\t\t<\/div>\n\t\t\t\t<\/div>\n\t\t\t\t\t<\/div>\n\t\t<\/div>\n\t\t\t\t\t<\/div>\n\t\t<\/section>\n\t\t\t\t<section class=\"elementor-section elementor-top-section elementor-element elementor-element-b10267b eBook-content elementor-section-boxed elementor-section-height-default elementor-section-height-default\" data-id=\"b10267b\" data-element_type=\"section\" data-e-type=\"section\" data-settings=\"{&quot;background_background&quot;:&quot;classic&quot;}\">\n\t\t\t\t\t\t<div class=\"elementor-container elementor-column-gap-default\">\n\t\t\t\t\t<div class=\"elementor-column elementor-col-33 elementor-top-column elementor-element elementor-element-a7f0644\" data-id=\"a7f0644\" data-element_type=\"column\" data-e-type=\"column\">\n\t\t\t<div class=\"elementor-widget-wrap elementor-element-populated\">\n\t\t\t\t\t\t<div class=\"elementor-element elementor-element-265dd74 elementor-widget elementor-widget-image\" data-id=\"265dd74\" data-element_type=\"widget\" data-e-type=\"widget\" data-widget_type=\"image.default\">\n\t\t\t\t<div class=\"elementor-widget-container\">\n\t\t\t\t\t\t\t\t\t\t\t\t\t\t\t<img decoding=\"async\" width=\"800\" height=\"875\" src=\"https:\/\/altoo.io\/live01\/wp-content\/uploads\/2024\/11\/zooming-editor.png\" class=\"attachment-large size-large wp-image-37762\" alt=\"\" srcset=\"https:\/\/altoo.io\/live01\/wp-content\/uploads\/2024\/11\/zooming-editor.png 810w, https:\/\/altoo.io\/live01\/wp-content\/uploads\/2024\/11\/zooming-editor-274x300.png 274w, https:\/\/altoo.io\/live01\/wp-content\/uploads\/2024\/11\/zooming-editor-768x840.png 768w, https:\/\/altoo.io\/live01\/wp-content\/uploads\/2024\/11\/zooming-editor-11x12.png 11w, https:\/\/altoo.io\/live01\/wp-content\/uploads\/2024\/11\/zooming-editor-549x600.png 549w\" sizes=\"(max-width: 800px) 100vw, 800px\" \/>\t\t\t\t\t\t\t\t\t\t\t\t\t\t\t<\/div>\n\t\t\t\t<\/div>\n\t\t\t\t\t<\/div>\n\t\t<\/div>\n\t\t\t\t<div class=\"elementor-column elementor-col-66 elementor-top-column elementor-element elementor-element-8039767\" data-id=\"8039767\" data-element_type=\"column\" data-e-type=\"column\">\n\t\t\t<div class=\"elementor-widget-wrap elementor-element-populated\">\n\t\t\t\t\t\t<div class=\"elementor-element elementor-element-6578a13 elementor-widget elementor-widget-heading\" data-id=\"6578a13\" data-element_type=\"widget\" data-e-type=\"widget\" data-widget_type=\"heading.default\">\n\t\t\t\t<div class=\"elementor-widget-container\">\n\t\t\t\t\t<h3 class=\"elementor-heading-title elementor-size-default\">Editorial<\/h3>\t\t\t\t<\/div>\n\t\t\t\t<\/div>\n\t\t\t\t<div class=\"elementor-element elementor-element-4537d03 elementor-widget elementor-widget-text-editor\" data-id=\"4537d03\" data-element_type=\"widget\" data-e-type=\"widget\" data-widget_type=\"text-editor.default\">\n\t\t\t\t<div class=\"elementor-widget-container\">\n\t\t\t\t\t\t\t\t\t<p>Zeitlose F\u00fchrungsqualit\u00e4ten haben Bestand, aber um sie in der heutigen, sich schnell entwickelnden Welt aufrechtzuerhalten, bedarf es neuer F\u00e4higkeiten. Unser eBook Zooming Out: The Picture of Global Wealth untersucht die wichtigsten Kr\u00e4fte, die das Leben der Superreichen pr\u00e4gen.<\/p>\n<p>Der Leitartikel Millionaires at an All-Time High (Million\u00e4re auf einem Allzeithoch) analysiert die globalen Verm\u00f6genstrends und zeigt auf, welche L\u00e4nder die Ultrareichen anziehen. Global Wealth on the Rise beleuchtet die abnehmende Verm\u00f6gensungleichheit in der Schweiz, w\u00e4hrend unser letzter Artikel Strategien zur Sicherung des Familienverm\u00f6gens angesichts des erwarteten Verm\u00f6genstransfers von $83 Billionen vorstellt.<\/p>\n<p class=\"translation-block\">Dar\u00fcber hinaus erl\u00e4utern wir, wie die Altoo Wealth Platform den Verm\u00f6genserhalt durch ein rationalisiertes Finanzmanagement unterst\u00fctzt. <span style=\"color: #000000\">Die neueste Generation digitaler Tools verf\u00fcgt \u00fcber leistungsstarke Daten<br>Konsolidierungs-Engines und Empfehlungsalgorithmen, die Verm\u00f6gensinhabern helfen, selbst die komplexesten Portfolios \u00fcber benutzerfreundliche Dashboards in einem einzigen Portal zu verwalten. <\/span>Erkunden Sie unsere eBooks f\u00fcr mehr!<\/p>\t\t\t\t\t\t\t\t<\/div>\n\t\t\t\t<\/div>\n\t\t\t\t\t<\/div>\n\t\t<\/div>\n\t\t\t\t\t<\/div>\n\t\t<\/section>\n\t\t\t\t<\/div>","protected":false},"excerpt":{"rendered":"<p>Zooming Out: The Picture of Global Wealth Gain valuable insights into how wealth is shifting worldwide, helping you understand the bigger picture for smarter financial decision-making. Inside the eBook Discover critical insights on global wealth dynamics, from the growing ranks of millionaires to the nuances of intergenerational wealth transfer. Number of Millionaires at All-Time High [&hellip;]<\/p>\n","protected":false},"author":13,"featured_media":0,"parent":0,"menu_order":0,"comment_status":"closed","ping_status":"closed","template":"elementor_header_footer","meta":{"inline_featured_image":false,"cybocfi_hide_featured_image":"","two_page_speed":{"current_score":{"desktop_score":79,"desktop_tti":"3.3\u00a0","mobile_score":60,"mobile_tti":"12.8\u00a0","date":"21.08.2025 07:13:40 pm","status":"completed"}},"footnotes":""},"class_list":["post-37692","page","type-page","status-publish","hentry"],"_links":{"self":[{"href":"https:\/\/altoo.io\/de\/wp-json\/wp\/v2\/pages\/37692","targetHints":{"allow":["GET"]}}],"collection":[{"href":"https:\/\/altoo.io\/de\/wp-json\/wp\/v2\/pages"}],"about":[{"href":"https:\/\/altoo.io\/de\/wp-json\/wp\/v2\/types\/page"}],"author":[{"embeddable":true,"href":"https:\/\/altoo.io\/de\/wp-json\/wp\/v2\/users\/13"}],"replies":[{"embeddable":true,"href":"https:\/\/altoo.io\/de\/wp-json\/wp\/v2\/comments?post=37692"}],"version-history":[{"count":196,"href":"https:\/\/altoo.io\/de\/wp-json\/wp\/v2\/pages\/37692\/revisions"}],"predecessor-version":[{"id":38957,"href":"https:\/\/altoo.io\/de\/wp-json\/wp\/v2\/pages\/37692\/revisions\/38957"}],"wp:attachment":[{"href":"https:\/\/altoo.io\/de\/wp-json\/wp\/v2\/media?parent=37692"}],"curies":[{"name":"wp","href":"https:\/\/api.w.org\/{rel}","templated":true}]}}