{"id":293,"date":"2020-07-28T16:17:15","date_gmt":"2020-07-28T16:17:15","guid":{"rendered":"https:\/\/altoo.io\/?page_id=293"},"modified":"2025-10-17T15:44:47","modified_gmt":"2025-10-17T13:44:47","slug":"karrieren","status":"publish","type":"page","link":"https:\/\/altoo.io\/de\/careers\/","title":{"rendered":"Werden Sie Mitglied unseres Teams"},"content":{"rendered":"<div data-elementor-type=\"wp-page\" data-elementor-id=\"293\" class=\"elementor elementor-293\" data-elementor-post-type=\"page\">\n\t\t\t\t\t\t<section class=\"elementor-section elementor-top-section elementor-element elementor-element-6f7ee422 elementor-section-height-min-height pages-hero elementor-section-boxed elementor-section-height-default elementor-section-items-middle\" data-id=\"6f7ee422\" data-element_type=\"section\" data-e-type=\"section\">\n\t\t\t\t\t\t<div class=\"elementor-container elementor-column-gap-default\">\n\t\t\t\t\t<div class=\"elementor-column elementor-col-100 elementor-top-column elementor-element elementor-element-4fb45e1a\" data-id=\"4fb45e1a\" data-element_type=\"column\" data-e-type=\"column\">\n\t\t\t<div class=\"elementor-widget-wrap elementor-element-populated\">\n\t\t\t\t\t\t<div class=\"elementor-element elementor-element-54044490 elementor-widget elementor-widget-heading\" data-id=\"54044490\" data-element_type=\"widget\" data-e-type=\"widget\" data-widget_type=\"heading.default\">\n\t\t\t\t<div class=\"elementor-widget-container\">\n\t\t\t\t\t<h1 class=\"elementor-heading-title elementor-size-default\">Verst\u00e4rken Sie unser Team!<\/h1>\t\t\t\t<\/div>\n\t\t\t\t<\/div>\n\t\t\t\t\t<\/div>\n\t\t<\/div>\n\t\t\t\t\t<\/div>\n\t\t<\/section>\n\t\t\t\t<section class=\"elementor-section elementor-top-section elementor-element elementor-element-77145b76 elementor-section-boxed elementor-section-height-default elementor-section-height-default\" data-id=\"77145b76\" data-element_type=\"section\" data-e-type=\"section\">\n\t\t\t\t\t\t<div class=\"elementor-container elementor-column-gap-default\">\n\t\t\t\t\t<div class=\"elementor-column elementor-col-100 elementor-top-column elementor-element elementor-element-2aa763b3\" data-id=\"2aa763b3\" data-element_type=\"column\" data-e-type=\"column\">\n\t\t\t<div class=\"elementor-widget-wrap elementor-element-populated\">\n\t\t\t\t\t\t<div class=\"elementor-element elementor-element-46ccdd9f elementor-widget elementor-widget-heading\" data-id=\"46ccdd9f\" data-element_type=\"widget\" data-e-type=\"widget\" data-widget_type=\"heading.default\">\n\t\t\t\t<div class=\"elementor-widget-container\">\n\t\t\t\t\t<h3 class=\"elementor-heading-title elementor-size-default\">\nOffene Stellen<\/h3>\t\t\t\t<\/div>\n\t\t\t\t<\/div>\n\t\t\t\t<div class=\"elementor-element elementor-element-59753b1e elementor-widget elementor-widget-text-editor\" data-id=\"59753b1e\" data-element_type=\"widget\" data-e-type=\"widget\" data-widget_type=\"text-editor.default\">\n\t\t\t\t<div class=\"elementor-widget-container\">\n\t\t\t\t\t\t\t\t\t<p class=\"p1\">Altoo wurde 2017 mit der Mission gegr\u00fcndet, \u201eSimplicity for Complex Wealth\u201c zu schaffen.<\/p><p class=\"p1\">Die Altoo Wealth Plattform konsolidiert s\u00e4mtliche Verm\u00f6genswerte, die bei Banken gehalten werden, und erg\u00e4nzt diese um nicht-bankf\u00e4hige Werte wie Immobilien, Private Equity oder Kunstsammlungen. So erhalten verm\u00f6gende Privatpersonen eine einfache und intuitive Gesamtsicht sowie die volle Kontrolle \u00fcber ihr Verm\u00f6gen.<\/p><p>Die Plattform wird in unserem B\u00fcro in Baar von einem Team aus hochqualifizierten Software-Ingenieurinnen und -Ingenieuren, Expertinnen und Experten f\u00fcr digitale Kundenerlebnisse sowie erfahrenen Wealth-Management-Spezialistinnen und -Spezialisten entwickelt und in der Schweiz betrieben.<\/p><p class=\"p1\">In enger Zusammenarbeit mit unseren Kundinnen und Kunden sowie deren Beratern erschliessen wir neue Gesch\u00e4ftsm\u00f6glichkeiten. Dabei verbinden wir tiefes Marktverst\u00e4ndnis mit technischer Exzellenz, um Innovationen im Bereich Wealth Management voranzutreiben.<\/p><p>M\u00f6chten Sie das Altoo-Team verst\u00e4rken? Wir sind auf der Suche nach folgenden Stellen:<\/p>\t\t\t\t\t\t\t\t<\/div>\n\t\t\t\t<\/div>\n\t\t\t\t\t<\/div>\n\t\t<\/div>\n\t\t\t\t\t<\/div>\n\t\t<\/section>\n\t\t\t\t<section class=\"elementor-section elementor-top-section elementor-element elementor-element-4470a64 elementor-section-boxed elementor-section-height-default elementor-section-height-default\" data-id=\"4470a64\" data-element_type=\"section\" data-e-type=\"section\">\n\t\t\t\t\t\t<div class=\"elementor-container elementor-column-gap-default\">\n\t\t\t\t\t<div class=\"elementor-column elementor-col-50 elementor-top-column elementor-element elementor-element-7c869dd\" data-id=\"7c869dd\" data-element_type=\"column\" data-e-type=\"column\" data-settings=\"{&quot;background_background&quot;:&quot;classic&quot;}\">\n\t\t\t<div class=\"elementor-widget-wrap elementor-element-populated\">\n\t\t\t\t\t\t<div class=\"elementor-element elementor-element-5911082 e-transform elementor-widget elementor-widget-heading\" data-id=\"5911082\" data-element_type=\"widget\" data-e-type=\"widget\" data-settings=\"{&quot;_transform_scale_effect&quot;:{&quot;unit&quot;:&quot;px&quot;,&quot;size&quot;:&quot;&quot;,&quot;sizes&quot;:[]},&quot;_transform_scale_effect_tablet&quot;:{&quot;unit&quot;:&quot;px&quot;,&quot;size&quot;:&quot;&quot;,&quot;sizes&quot;:[]},&quot;_transform_scale_effect_mobile&quot;:{&quot;unit&quot;:&quot;px&quot;,&quot;size&quot;:&quot;&quot;,&quot;sizes&quot;:[]}}\" data-widget_type=\"heading.default\">\n\t\t\t\t<div class=\"elementor-widget-container\">\n\t\t\t\t\t<h3 class=\"elementor-heading-title elementor-size-default\">Wealth Data Processing Specialist (80-100%)<\/h3>\t\t\t\t<\/div>\n\t\t\t\t<\/div>\n\t\t\t\t<div class=\"elementor-element elementor-element-b5a444c elementor-widget elementor-widget-text-editor\" data-id=\"b5a444c\" data-element_type=\"widget\" data-e-type=\"widget\" data-widget_type=\"text-editor.default\">\n\t\t\t\t<div class=\"elementor-widget-container\">\n\t\t\t\t\t\t\t\t\t<p>Wenn Sie in unserem Team mitarbeiten, werden Sie ma\u00dfgeblich dazu beitragen, dass unsere Endkunden zeitnahe und genaue Daten von den Banken erhalten.<\/p>\t\t\t\t\t\t\t\t<\/div>\n\t\t\t\t<\/div>\n\t\t\t\t<div class=\"elementor-element elementor-element-e5b0a72 elementor-widget__width-auto elementor-widget elementor-widget-heading\" data-id=\"e5b0a72\" data-element_type=\"widget\" data-e-type=\"widget\" data-widget_type=\"heading.default\">\n\t\t\t\t<div class=\"elementor-widget-container\">\n\t\t\t\t\t<div class=\"elementor-heading-title elementor-size-default\"><a href=\"https:\/\/altoo.io\/de\/spezialist-fur-vermogensdatenverarbeitung\/\">MEHR ERFAHREN<\/a><\/div>\t\t\t\t<\/div>\n\t\t\t\t<\/div>\n\t\t\t\t\t<\/div>\n\t\t<\/div>\n\t\t\t\t<div class=\"elementor-column elementor-col-50 elementor-top-column elementor-element elementor-element-bfffac1\" data-id=\"bfffac1\" data-element_type=\"column\" data-e-type=\"column\" data-settings=\"{&quot;background_background&quot;:&quot;classic&quot;}\">\n\t\t\t<div class=\"elementor-widget-wrap elementor-element-populated\">\n\t\t\t\t\t\t<div class=\"elementor-element elementor-element-48c94d8 e-transform elementor-widget elementor-widget-heading\" data-id=\"48c94d8\" data-element_type=\"widget\" data-e-type=\"widget\" data-settings=\"{&quot;_transform_scale_effect&quot;:{&quot;unit&quot;:&quot;px&quot;,&quot;size&quot;:&quot;&quot;,&quot;sizes&quot;:[]},&quot;_transform_scale_effect_tablet&quot;:{&quot;unit&quot;:&quot;px&quot;,&quot;size&quot;:&quot;&quot;,&quot;sizes&quot;:[]},&quot;_transform_scale_effect_mobile&quot;:{&quot;unit&quot;:&quot;px&quot;,&quot;size&quot;:&quot;&quot;,&quot;sizes&quot;:[]}}\" data-widget_type=\"heading.default\">\n\t\t\t\t<div class=\"elementor-widget-container\">\n\t\t\t\t\t<h3 class=\"elementor-heading-title elementor-size-default\">Verk\u00e4ufer\/-in mit Erfahrung (m\/w\/d 100%)<\/h3>\t\t\t\t<\/div>\n\t\t\t\t<\/div>\n\t\t\t\t<div class=\"elementor-element elementor-element-6bd5b13 elementor-widget elementor-widget-text-editor\" data-id=\"6bd5b13\" data-element_type=\"widget\" data-e-type=\"widget\" data-widget_type=\"text-editor.default\">\n\t\t\t\t<div class=\"elementor-widget-container\">\n\t\t\t\t\t\t\t\t\t<p>Kommen Sie in unser Team und tragen Sie dazu bei, das Wachstum unseres Kundenstamms zu beschleunigen und Beziehungen zu ihnen aufzubauen.<\/p>\t\t\t\t\t\t\t\t<\/div>\n\t\t\t\t<\/div>\n\t\t\t\t<div class=\"elementor-element elementor-element-77ee8ea elementor-widget__width-auto elementor-widget elementor-widget-heading\" data-id=\"77ee8ea\" data-element_type=\"widget\" data-e-type=\"widget\" data-widget_type=\"heading.default\">\n\t\t\t\t<div class=\"elementor-widget-container\">\n\t\t\t\t\t<div class=\"elementor-heading-title elementor-size-default\"><a href=\"\/de\/erfahrene-verkaufsperson\/\">MEHR ERFAHREN<\/a><\/div>\t\t\t\t<\/div>\n\t\t\t\t<\/div>\n\t\t\t\t\t<\/div>\n\t\t<\/div>\n\t\t\t\t\t<\/div>\n\t\t<\/section>\n\t\t\t\t<\/div>","protected":false},"excerpt":{"rendered":"<p>Join Our Team Open Positions Altoo was founded in 2017 with the mission to create \u2018simplicity for complex wealth.\u2019 The Altoo Wealth Platform consolidates all assets held with banks and combines them with non-bankable assets such as real estate, private equity, or an art collection empowering wealthy private individuals to keep track and control over [&hellip;]<\/p>\n","protected":false},"author":1,"featured_media":0,"parent":0,"menu_order":0,"comment_status":"closed","ping_status":"closed","template":"elementor_header_footer","meta":{"inline_featured_image":false,"cybocfi_hide_featured_image":"","two_page_speed":[],"footnotes":""},"class_list":["post-293","page","type-page","status-publish","hentry"],"_links":{"self":[{"href":"https:\/\/altoo.io\/de\/wp-json\/wp\/v2\/pages\/293","targetHints":{"allow":["GET"]}}],"collection":[{"href":"https:\/\/altoo.io\/de\/wp-json\/wp\/v2\/pages"}],"about":[{"href":"https:\/\/altoo.io\/de\/wp-json\/wp\/v2\/types\/page"}],"author":[{"embeddable":true,"href":"https:\/\/altoo.io\/de\/wp-json\/wp\/v2\/users\/1"}],"replies":[{"embeddable":true,"href":"https:\/\/altoo.io\/de\/wp-json\/wp\/v2\/comments?post=293"}],"version-history":[{"count":398,"href":"https:\/\/altoo.io\/de\/wp-json\/wp\/v2\/pages\/293\/revisions"}],"predecessor-version":[{"id":41506,"href":"https:\/\/altoo.io\/de\/wp-json\/wp\/v2\/pages\/293\/revisions\/41506"}],"wp:attachment":[{"href":"https:\/\/altoo.io\/de\/wp-json\/wp\/v2\/media?parent=293"}],"curies":[{"name":"wp","href":"https:\/\/api.w.org\/{rel}","templated":true}]}}