{"id":25539,"date":"2023-10-21T10:07:33","date_gmt":"2023-10-21T08:07:33","guid":{"rendered":"https:\/\/altoo.io\/?page_id=25539"},"modified":"2025-08-22T05:32:16","modified_gmt":"2025-08-22T03:32:16","slug":"abonnieren-sie-die-altoo-insights","status":"publish","type":"page","link":"https:\/\/altoo.io\/de\/subscribe-allinsights\/","title":{"rendered":"Abo"},"content":{"rendered":"<div data-elementor-type=\"wp-page\" data-elementor-id=\"25539\" class=\"elementor elementor-25539\" data-elementor-post-type=\"page\">\n\t\t\t\t\t\t<section class=\"elementor-section elementor-top-section elementor-element elementor-element-3b45071d elementor-section-height-min-height pages-hero elementor-section-boxed elementor-section-height-default elementor-section-items-middle\" data-id=\"3b45071d\" data-element_type=\"section\" data-e-type=\"section\">\n\t\t\t\t\t\t<div class=\"elementor-container elementor-column-gap-default\">\n\t\t\t\t\t<div class=\"elementor-column elementor-col-100 elementor-top-column elementor-element elementor-element-6c1bbc62\" data-id=\"6c1bbc62\" data-element_type=\"column\" data-e-type=\"column\">\n\t\t\t<div class=\"elementor-widget-wrap elementor-element-populated\">\n\t\t\t\t\t\t<div class=\"elementor-element elementor-element-5cdefa70 elementor-widget elementor-widget-heading\" data-id=\"5cdefa70\" data-element_type=\"widget\" data-e-type=\"widget\" data-widget_type=\"heading.default\">\n\t\t\t\t<div class=\"elementor-widget-container\">\n\t\t\t\t\t<h1 class=\"elementor-heading-title elementor-size-default\">Abonnieren Sie Altoo Insights<\/h1>\t\t\t\t<\/div>\n\t\t\t\t<\/div>\n\t\t\t\t\t<\/div>\n\t\t<\/div>\n\t\t\t\t\t<\/div>\n\t\t<\/section>\n\t\t\t\t<section class=\"elementor-section elementor-top-section elementor-element elementor-element-45763a6 elementor-section-boxed elementor-section-height-default elementor-section-height-default\" data-id=\"45763a6\" data-element_type=\"section\" data-e-type=\"section\">\n\t\t\t\t\t\t<div class=\"elementor-container elementor-column-gap-default\">\n\t\t\t\t\t<div class=\"elementor-column elementor-col-100 elementor-top-column elementor-element elementor-element-28d710d\" data-id=\"28d710d\" data-element_type=\"column\" data-e-type=\"column\">\n\t\t\t<div class=\"elementor-widget-wrap elementor-element-populated\">\n\t\t\t\t\t\t<div class=\"elementor-element elementor-element-c7d4471 elementor-widget elementor-widget-text-editor\" data-id=\"c7d4471\" data-element_type=\"widget\" data-e-type=\"widget\" data-widget_type=\"text-editor.default\">\n\t\t\t\t<div class=\"elementor-widget-container\">\n\t\t\t\t\t\t\t\t\t<p>Der Newsletter Altoo Insights h\u00e4lt die Abonnenten auf dem Laufenden \u00fcber die neuesten Inhalte der weltweit bekannten Verm\u00f6gensplattform Altoo und andere relevante Themen jenseits der Wirtschaftsm\u00e4rkte.<\/p>\t\t\t\t\t\t\t\t<\/div>\n\t\t\t\t<\/div>\n\t\t\t\t<div class=\"elementor-element elementor-element-e862acf elementor-widget elementor-widget-html\" data-id=\"e862acf\" data-element_type=\"widget\" data-e-type=\"widget\" data-widget_type=\"html.default\">\n\t\t\t\t<div class=\"elementor-widget-container\">\n\t\t\t\t\t<iframe src=\" https:\/\/forms.zohopublic.eu\/altooag\/form\/Newsletter\/formperma\/JCXJYzi4llvc14cwXuAi59kuVeJ2IPrsi2jAn-cEBM0?zf_rszfm=1\" style=\"border:none; width: 100%; height: 1300px\" title=\"Iframe Beispiel\"><\/iframe>\t\t\t\t<\/div>\n\t\t\t\t<\/div>\n\t\t\t\t\t<\/div>\n\t\t<\/div>\n\t\t\t\t\t<\/div>\n\t\t<\/section>\n\t\t\t\t<section class=\"elementor-section elementor-top-section elementor-element elementor-element-1c29fa15 uheader elementor-section-boxed elementor-section-height-default elementor-section-height-default\" data-id=\"1c29fa15\" data-element_type=\"section\" data-e-type=\"section\">\n\t\t\t\t\t\t<div class=\"elementor-container elementor-column-gap-no\">\n\t\t\t\t\t<div class=\"elementor-column elementor-col-100 elementor-top-column elementor-element elementor-element-e8a736b\" data-id=\"e8a736b\" data-element_type=\"column\" data-e-type=\"column\">\n\t\t\t<div class=\"elementor-widget-wrap elementor-element-populated\">\n\t\t\t\t\t\t<div class=\"elementor-element elementor-element-226cf03a logo elementor-widget__width-auto elementor-widget elementor-widget-theme-site-logo elementor-widget-image\" data-id=\"226cf03a\" data-element_type=\"widget\" data-e-type=\"widget\" data-widget_type=\"theme-site-logo.default\">\n\t\t\t\t<div class=\"elementor-widget-container\">\n\t\t\t\t\t\t\t\t\t\t\t<a href=\"https:\/\/altoo.io\/de\">\n\t\t\t<img decoding=\"async\" width=\"114\" height=\"20\" src=\"https:\/\/altoo.io\/live01\/wp-content\/uploads\/2020\/07\/logo.svg\" class=\"attachment-full size-full wp-image-13\" alt=\"Altoo Logo Text\" \/>\t\t\t\t<\/a>\n\t\t\t\t\t\t\t\t\t\t\t<\/div>\n\t\t\t\t<\/div>\n\t\t\t\t<div class=\"elementor-element elementor-element-35be1bdb elementor-hidden-desktop elementor-widget elementor-widget-html\" data-id=\"35be1bdb\" data-element_type=\"widget\" data-e-type=\"widget\" data-widget_type=\"html.default\">\n\t\t\t\t<div class=\"elementor-widget-container\">\n\t\t\t\t\t<a class=\"menu-toggle mobile-menu\">\n    <div class=\"top\"><\/div>\n    <div class=\"middle\"><\/div>\n    <div class=\"bottom\"><\/div>\n<\/a>\n\t\t\t\t<\/div>\n\t\t\t\t<\/div>\n\t\t\t\t\t<\/div>\n\t\t<\/div>\n\t\t\t\t\t<\/div>\n\t\t<\/section>\n\t\t\t\t<\/div>","protected":false},"excerpt":{"rendered":"<p>Abonnement von Altoo Insights Der Newsletter Altoo Insights h\u00e4lt die Abonnenten auf dem Laufenden \u00fcber die neuesten Inhalte der weltweit bekannten Verm\u00f6gensplattform Altoo und andere relevante Themen jenseits der Wirtschaftsm\u00e4rkte.<\/p>","protected":false},"author":12,"featured_media":0,"parent":0,"menu_order":0,"comment_status":"closed","ping_status":"closed","template":"elementor_header_footer","meta":{"inline_featured_image":false,"cybocfi_hide_featured_image":"","two_page_speed":{"current_score":{"desktop_score":85,"desktop_tti":"2.7\u00a0","mobile_score":60,"mobile_tti":"13.4\u00a0","date":"22.08.2025 05:33:13 am","status":"completed"}},"footnotes":""},"class_list":["post-25539","page","type-page","status-publish","hentry"],"_links":{"self":[{"href":"https:\/\/altoo.io\/de\/wp-json\/wp\/v2\/pages\/25539","targetHints":{"allow":["GET"]}}],"collection":[{"href":"https:\/\/altoo.io\/de\/wp-json\/wp\/v2\/pages"}],"about":[{"href":"https:\/\/altoo.io\/de\/wp-json\/wp\/v2\/types\/page"}],"author":[{"embeddable":true,"href":"https:\/\/altoo.io\/de\/wp-json\/wp\/v2\/users\/12"}],"replies":[{"embeddable":true,"href":"https:\/\/altoo.io\/de\/wp-json\/wp\/v2\/comments?post=25539"}],"version-history":[{"count":9,"href":"https:\/\/altoo.io\/de\/wp-json\/wp\/v2\/pages\/25539\/revisions"}],"predecessor-version":[{"id":41194,"href":"https:\/\/altoo.io\/de\/wp-json\/wp\/v2\/pages\/25539\/revisions\/41194"}],"wp:attachment":[{"href":"https:\/\/altoo.io\/de\/wp-json\/wp\/v2\/media?parent=25539"}],"curies":[{"name":"wp","href":"https:\/\/api.w.org\/{rel}","templated":true}]}}