{"id":239,"date":"2020-07-28T15:28:48","date_gmt":"2020-07-28T15:28:48","guid":{"rendered":"https:\/\/altoo.io\/?page_id=239"},"modified":"2025-08-21T16:30:55","modified_gmt":"2025-08-21T14:30:55","slug":"multi-family-office","status":"publish","type":"page","link":"https:\/\/altoo.io\/de\/multi-family-office\/","title":{"rendered":"Multi Family Office"},"content":{"rendered":"<div data-elementor-type=\"wp-page\" data-elementor-id=\"239\" class=\"elementor elementor-239\" data-elementor-post-type=\"page\">\n\t\t\t\t\t\t<section class=\"elementor-section elementor-top-section elementor-element elementor-element-59829c54 elementor-section-height-min-height pages-hero elementor-section-boxed elementor-section-height-default elementor-section-items-middle\" data-id=\"59829c54\" data-element_type=\"section\" data-e-type=\"section\">\n\t\t\t\t\t\t<div class=\"elementor-container elementor-column-gap-default\">\n\t\t\t\t\t<div class=\"elementor-column elementor-col-100 elementor-top-column elementor-element elementor-element-7909fcdc\" data-id=\"7909fcdc\" data-element_type=\"column\" data-e-type=\"column\">\n\t\t\t<div class=\"elementor-widget-wrap elementor-element-populated\">\n\t\t\t\t\t\t<div class=\"elementor-element elementor-element-492c87a elementor-widget elementor-widget-heading\" data-id=\"492c87a\" data-element_type=\"widget\" data-e-type=\"widget\" data-widget_type=\"heading.default\">\n\t\t\t\t<div class=\"elementor-widget-container\">\n\t\t\t\t\t<h1 class=\"elementor-heading-title elementor-size-default\">Multi Family Office<\/h1>\t\t\t\t<\/div>\n\t\t\t\t<\/div>\n\t\t\t\t\t<\/div>\n\t\t<\/div>\n\t\t\t\t\t<\/div>\n\t\t<\/section>\n\t\t\t\t<section class=\"elementor-section elementor-top-section elementor-element elementor-element-2b454611 elementor-section-boxed elementor-section-height-default elementor-section-height-default\" data-id=\"2b454611\" data-element_type=\"section\" data-e-type=\"section\">\n\t\t\t\t\t\t<div class=\"elementor-container elementor-column-gap-default\">\n\t\t\t\t\t<div class=\"elementor-column elementor-col-100 elementor-top-column elementor-element elementor-element-6b7049c4\" data-id=\"6b7049c4\" data-element_type=\"column\" data-e-type=\"column\">\n\t\t\t<div class=\"elementor-widget-wrap elementor-element-populated\">\n\t\t\t\t\t\t<div class=\"elementor-element elementor-element-d6ac2a5 elementor-widget elementor-widget-heading\" data-id=\"d6ac2a5\" data-element_type=\"widget\" data-e-type=\"widget\" data-widget_type=\"heading.default\">\n\t\t\t\t<div class=\"elementor-widget-container\">\n\t\t\t\t\t<h4 class=\"elementor-heading-title elementor-size-default\">Schaffung effizienter Betriebsmodelle mit optimierter Technologie f\u00fcr Multi Family Office<\/h4>\t\t\t\t<\/div>\n\t\t\t\t<\/div>\n\t\t\t\t<div class=\"elementor-element elementor-element-c7bb29e elementor-widget elementor-widget-text-editor\" data-id=\"c7bb29e\" data-element_type=\"widget\" data-e-type=\"widget\" data-widget_type=\"text-editor.default\">\n\t\t\t\t<div class=\"elementor-widget-container\">\n\t\t\t\t\t\t\t\t\t<p>Die Altoo Wealth Platform wurde entwickelt, um die einzigartigen Bed\u00fcrfnisse von Multi-Family Offices zu erf\u00fcllen, die die Erwartungen von anspruchsvollen Familien mit mehreren Generationen verwalten, bei denen jeder Beteiligte sehr unterschiedliche Pr\u00e4ferenzen haben kann.<\/p><p>Unsere Technologie erm\u00f6glicht es Multi-Family Offices, Mehrgenerationen-Kunden effizient zu betreuen, Daten aus verschiedenen Quellen zu aggregieren und Informationen auf Abruf mit absoluter Sicherheit anzubieten.<\/p><p>Angesichts der Komplexit\u00e4t des Anlageprofils wohlhabender Familien, die einen zunehmenden Anteil an Immobilien, direktem Private Equity und Hedge-Fonds-Verm\u00f6gen umfassen, stehen Multi-Family Offices unter dem Druck, ein Betriebsmodell mit optimierten Technologien und Prozessen einzuf\u00fchren. Durch die Partnerschaft mit Altoo k\u00f6nnen sie auf eine erstklassige Technologieplattform zur\u00fcckgreifen, um ihren Kunden auf lange Sicht effizient und pr\u00e4zise hervorragende Ergebnisse zu liefern.<\/p><p>Unser Unternehmen wurde drei Jahre in Folge von<a href=\"https:\/\/www.forbes.com\/sites\/francoisbotha\/2022\/11\/29\/the-2022-family-office-software-roundup\/?sh=66d48b21b1fc\" target=\"_blank\" rel=\"noopener\"> Forbes als bester Anbieter von Family Office Management Software ausgezeichnet<\/a>. Altoo ist in der Schweizer Bankentradition verwurzelt und nimmt Single- und Multi-Family Offices die schwere Arbeit der Konsolidierung und Verwaltung von Verm\u00f6gensdaten ab, indem es Ressourcen freisetzt und hilft, strategische Entscheidungen auf der Grundlage von Echtzeitberichten zu treffen.<\/p>\t\t\t\t\t\t\t\t<\/div>\n\t\t\t\t<\/div>\n\t\t\t\t<div class=\"elementor-element elementor-element-6e8dd79 elementor-widget elementor-widget-heading\" data-id=\"6e8dd79\" data-element_type=\"widget\" data-e-type=\"widget\" data-widget_type=\"heading.default\">\n\t\t\t\t<div class=\"elementor-widget-container\">\n\t\t\t\t\t<h4 class=\"elementor-heading-title elementor-size-default\">Daten aus einer einzigen Quelle<\/h4>\t\t\t\t<\/div>\n\t\t\t\t<\/div>\n\t\t\t\t<div class=\"elementor-element elementor-element-c97e2b7 elementor-widget elementor-widget-text-editor\" data-id=\"c97e2b7\" data-element_type=\"widget\" data-e-type=\"widget\" data-widget_type=\"text-editor.default\">\n\t\t\t\t<div class=\"elementor-widget-container\">\n\t\t\t\t\t\t\t\t\t<p>Die Kundenstruktur von Multi-Family Offices ist recht komplex, und es kann \u00fcberw\u00e4ltigend sein, den \u00dcberblick \u00fcber die Vielzahl von Beziehungen zu behalten, die sich \u00fcber mehrere Generationen erstrecken. Deshalb bieten wir eine Reihe von L\u00f6sungen zur Datenaggregation an, so dass das engagierte Family Office von einer einzigen Datenquelle profitieren kann. Das Ergebnis ist ein fortschrittliches Verwaltungssystem mit integrierter Berichterstattung, leistungsstarken Analysen und Dashboards, die einen vollst\u00e4ndigen \u00dcberblick \u00fcber das verwaltete Verm\u00f6gen bieten.<\/p>\t\t\t\t\t\t\t\t<\/div>\n\t\t\t\t<\/div>\n\t\t\t\t<div class=\"elementor-element elementor-element-7924842 elementor-widget elementor-widget-heading\" data-id=\"7924842\" data-element_type=\"widget\" data-e-type=\"widget\" data-widget_type=\"heading.default\">\n\t\t\t\t<div class=\"elementor-widget-container\">\n\t\t\t\t\t<h4 class=\"elementor-heading-title elementor-size-default\">Einfache Zusammenarbeit<\/h4>\t\t\t\t<\/div>\n\t\t\t\t<\/div>\n\t\t\t\t<div class=\"elementor-element elementor-element-19b2835 elementor-widget elementor-widget-text-editor\" data-id=\"19b2835\" data-element_type=\"widget\" data-e-type=\"widget\" data-widget_type=\"text-editor.default\">\n\t\t\t\t<div class=\"elementor-widget-container\">\n\t\t\t\t\t\t\t\t\t<p>Durch die Zusammenarbeit mit Family-Office-Kunden in der Schweiz und im Ausland hat Altoo aus erster Hand erfahren, welche Gr\u00fcnde f\u00fcr die Nutzung von Partnerschaftsstrukturen sprechen und hat L\u00f6sungen f\u00fcr die damit verbundenen Herausforderungen entwickelt.<br \/>Mit unserem Collaboration-Tool k\u00f6nnen Sie ein geschlossenes Benutzer-\u00d6kosystem f\u00fcr den sicheren Austausch von Nachrichten und Dokumenten innerhalb Ihres Netzwerks schaffen. Dar\u00fcber hinaus kann das Family Office nach und nach weitere Familienmitglieder in die Plattform einbinden und bei Bedarf einen reibungslosen \u00dcbergang der Verm\u00f6genswerte vorbereiten.<\/p>\t\t\t\t\t\t\t\t<\/div>\n\t\t\t\t<\/div>\n\t\t\t\t<div class=\"elementor-element elementor-element-445e07e elementor-widget elementor-widget-heading\" data-id=\"445e07e\" data-element_type=\"widget\" data-e-type=\"widget\" data-widget_type=\"heading.default\">\n\t\t\t\t<div class=\"elementor-widget-container\">\n\t\t\t\t\t<h4 class=\"elementor-heading-title elementor-size-default\">Jederzeit und \u00fcberall abrufbar<\/h4>\t\t\t\t<\/div>\n\t\t\t\t<\/div>\n\t\t\t\t<div class=\"elementor-element elementor-element-507682cb elementor-widget elementor-widget-text-editor\" data-id=\"507682cb\" data-element_type=\"widget\" data-e-type=\"widget\" data-widget_type=\"text-editor.default\">\n\t\t\t\t<div class=\"elementor-widget-container\">\n\t\t\t\t\t\t\t\t\t<p>Unsere mobile App wurde f\u00fcr Ihre Bequemlichkeit und Benutzerfreundlichkeit entwickelt und bietet Zugang zu den ausgew\u00e4hlten Teilen des Verm\u00f6gens, eine sichere Kommunikation mit Ihrem Netzwerk und Warnmeldungen zur \u00dcberwachung der Investitionen.<\/p>\t\t\t\t\t\t\t\t<\/div>\n\t\t\t\t<\/div>\n\t\t\t\t<div class=\"elementor-element elementor-element-18c92bd elementor-widget elementor-widget-heading\" data-id=\"18c92bd\" data-element_type=\"widget\" data-e-type=\"widget\" data-widget_type=\"heading.default\">\n\t\t\t\t<div class=\"elementor-widget-container\">\n\t\t\t\t\t<h4 class=\"elementor-heading-title elementor-size-default\">Werfen Sie einen Blick auf einige der Vorteile der Altoo Wealth Platform f\u00fcr Multi Family Office<\/h4>\t\t\t\t<\/div>\n\t\t\t\t<\/div>\n\t\t\t\t<div class=\"elementor-element elementor-element-01efee5 elementor-widget elementor-widget-text-editor\" data-id=\"01efee5\" data-element_type=\"widget\" data-e-type=\"widget\" data-widget_type=\"text-editor.default\">\n\t\t\t\t<div class=\"elementor-widget-container\">\n\t\t\t\t\t\t\t\t\t<ul><li style=\"font-weight: 400;\" aria-level=\"1\"><span style=\"font-weight: 400;\">Ein sicheres digitales Zuhause f\u00fcr Ihr gesamtes Verm\u00f6gen, das einen ganzheitlichen \u00dcberblick \u00fcber Ihr gesamtes Verm\u00f6gen auf einem intuitiven und einfach zu bedienenden Dashboard bietet.<\/span><\/li><li style=\"font-weight: 400;\" aria-level=\"1\"><span style=\"font-weight: 400;\">Echtzeit-Transparenz aller Verm\u00f6genswerte, mit On-Demand-Zugang zu bankf\u00e4higen und nicht-bankf\u00e4higen Verm\u00f6genswerten, einschlie\u00dflich alternativer Anlagen wie NFTs und Kryptow\u00e4hrungen.<\/span><\/li><li style=\"font-weight: 400;\" aria-level=\"1\"><span style=\"font-weight: 400;\">Keine Vorlaufzeit f\u00fcr die digitale Berichterstattung.<\/span><\/li><li style=\"font-weight: 400;\" aria-level=\"1\" class=\"translation-block\">Automatisierte L\u00f6sungen f\u00fcr die Verm\u00f6gensberichterstattung und konsolidierte Berichte verbessern die Zusammenarbeit mit Ihrem Family-Office-Team und verschiedenen Interessengruppen.<\/li><li style=\"font-weight: 400;\" aria-level=\"1\"><span style=\"font-weight: 400;\">Besseres Verst\u00e4ndnis der Rolle und der Leistung jedes einzelnen Verm\u00f6genswerts innerhalb Ihres gesamten Anlage\u00f6kosystems durch intelligente Portfoliodaten.<\/span><\/li><li style=\"font-weight: 400;\" aria-level=\"1\"><span style=\"font-weight: 400;\">Verbesserte Sicherheit, einschlie\u00dflich der Drei-Faktor-Authentifizierung, gew\u00e4hrleistet ein sicheres Zuhause f\u00fcr die einfache Verfolgung Ihrer Verm\u00f6genswerte.<\/span><\/li><li style=\"font-weight: 400;\" aria-level=\"1\"><span style=\"font-weight: 400;\">Sichere und intuitive Speicherung und gemeinsame Nutzung von Dokumenten, einschlie\u00dflich der sicheren Zusammenarbeit mit externen Beteiligten.<\/span><\/li><li style=\"font-weight: 400;\" aria-level=\"1\"><span style=\"font-weight: 400;\">Schluss mit dem R\u00e4tselraten bei der Finanzplanung - Sie treffen pr\u00e4zisere Finanzentscheidungen auf der Grundlage von Daten in Echtzeit.<\/span><\/li><li style=\"font-weight: 400;\" aria-level=\"1\"><span style=\"font-weight: 400;\">Konsolidierte Daten helfen, die Nachfolgeplanung zu optimieren.<\/span><\/li><li style=\"font-weight: 400;\" aria-level=\"1\"><span style=\"font-weight: 400;\">Verringerung des Risikos, wichtige Dokumente und sensible Daten zu verlieren.<\/span><\/li><li style=\"font-weight: 400;\" aria-level=\"1\"><span style=\"font-weight: 400;\"><span style=\"font-weight: 400;\">Sicherer Fernzugriff auf das System.<\/span><\/span><\/li><\/ul>\t\t\t\t\t\t\t\t<\/div>\n\t\t\t\t<\/div>\n\t\t\t\t<div class=\"elementor-element elementor-element-f912fc9 elementor-widget elementor-widget-heading\" data-id=\"f912fc9\" data-element_type=\"widget\" data-e-type=\"widget\" data-widget_type=\"heading.default\">\n\t\t\t\t<div class=\"elementor-widget-container\">\n\t\t\t\t\t<h4 class=\"elementor-heading-title elementor-size-default\">Engagierte Kundenbetreuung<\/h4>\t\t\t\t<\/div>\n\t\t\t\t<\/div>\n\t\t\t\t<div class=\"elementor-element elementor-element-8728189 elementor-widget elementor-widget-text-editor\" data-id=\"8728189\" data-element_type=\"widget\" data-e-type=\"widget\" data-widget_type=\"text-editor.default\">\n\t\t\t\t<div class=\"elementor-widget-container\">\n\t\t\t\t\t\t\t\t\t<p>Neben den greifbaren Vorteilen (wie der Zentralisierung der gesamten Finanzlage des Family Office, der Verringerung ungenauer manueller Prozesse und der automatisierten Berichterstellung) sch\u00e4tzen unsere Kunden vor allem die Sicherheit, die ihnen die Zusammenarbeit mit uns bietet. Unser Ansatz ist proaktiv und pers\u00f6nlich. Jede Kundenbeziehung hat einen eigenen Kurator, der Sie dabei unterst\u00fctzt, das Beste aus unseren Technologiel\u00f6sungen herauszuholen.<\/p>\t\t\t\t\t\t\t\t<\/div>\n\t\t\t\t<\/div>\n\t\t\t\t\t<\/div>\n\t\t<\/div>\n\t\t\t\t\t<\/div>\n\t\t<\/section>\n\t\t\t\t<section class=\"elementor-section elementor-top-section elementor-element elementor-element-400beb58 elementor-section-boxed elementor-section-height-default elementor-section-height-default\" data-id=\"400beb58\" data-element_type=\"section\" data-e-type=\"section\">\n\t\t\t\t\t\t<div class=\"elementor-container elementor-column-gap-default\">\n\t\t\t\t\t<div class=\"elementor-column elementor-col-100 elementor-top-column elementor-element elementor-element-66bd28e3\" data-id=\"66bd28e3\" data-element_type=\"column\" data-e-type=\"column\">\n\t\t\t<div class=\"elementor-widget-wrap elementor-element-populated\">\n\t\t\t\t\t\t<div class=\"elementor-element elementor-element-59906bfb elementor-widget elementor-widget-heading\" data-id=\"59906bfb\" data-element_type=\"widget\" data-e-type=\"widget\" data-widget_type=\"heading.default\">\n\t\t\t\t<div class=\"elementor-widget-container\">\n\t\t\t\t\t<h3 class=\"elementor-heading-title elementor-size-default\">Ben\u00f6tigen Sie weitere Informationen? Lesen Sie weiter unten.  <\/h3>\t\t\t\t<\/div>\n\t\t\t\t<\/div>\n\t\t\t\t<div class=\"elementor-element elementor-element-4c2dec5d elementor-widget elementor-widget-heading\" data-id=\"4c2dec5d\" data-element_type=\"widget\" data-e-type=\"widget\" data-widget_type=\"heading.default\">\n\t\t\t\t<div class=\"elementor-widget-container\">\n\t\t\t\t\t<h4 class=\"elementor-heading-title elementor-size-default\">Ihre h\u00e4ufig gestellten Fragen zur Verm\u00f6gensverwaltungstechnologie werden beantwortet.\u00a0\u00a0<\/h4>\t\t\t\t<\/div>\n\t\t\t\t<\/div>\n\t\t\t\t<div class=\"elementor-element elementor-element-66b94600 elementor-widget elementor-widget-text-editor\" data-id=\"66b94600\" data-element_type=\"widget\" data-e-type=\"widget\" data-widget_type=\"text-editor.default\">\n\t\t\t\t<div class=\"elementor-widget-container\">\n\t\t\t\t\t\t\t\t\t<h5>Warum ist eine Technologieplattform f\u00fcr die Verm\u00f6gensverwaltung erforderlich?<\/h5><p class=\"translation-block\"><span class=\"--l --r hover:bg-light-blue hover:cursor-pointer lmt__write_highlight_sentence py-[3px] sentence_highlight\"><span class=\"--l --r lmt__sentence_beginning_anchor_highlight relative\">A<\/span>s mit jedem <span class=\"--l --r border-b-2 border-green-200 group-hover:text-blue-chill lmt__write_highlight relative text-green-700\">Unternehmen<\/span> gibt es eine Nachfrage nach gr\u00f6\u00dferer Transparenz und eine steigende Erwartung nach besseren Echtzeitdaten, um eine schnellere Entscheidungsfindung zu erm\u00f6glichen. <\/span><span class=\"--l --r hover:bg-light-blue hover:cursor-pointer lmt__write_highlight_sentence py-[3px] sentence_highlight\"><span class=\"--l --r lmt__sentence_beginning_anchor_highlight relative\">M<\/span>Die Erf\u00fcllung der Anforderungen an ein verbessertes Berichtswesen erfordert betr\u00e4chtliche Ressourcen, und Family Offices entdecken, dass neue Technologien dazu beitragen k\u00f6nnen, Mitarbeiter freizusetzen, damit sie sich auf Aktivit\u00e4ten konzentrieren k\u00f6nnen, die der langfristigen Strategie dienen.<\/span><\/p><p>Die Kosten und Schwierigkeiten bei der Integration von Verm\u00f6gensverwaltungstechnologien haben Family Offices traditionell davon abgehalten, in die Wealth-Management-Technologie zu investieren.<br \/>Mit Altoo kann das Family Office nun alle von ihm verwalteten Verm\u00f6genswerte einfach und sicher konsolidieren, jederzeit und \u00fcberall. Dies erm\u00f6glicht es ihnen, bessere Beziehungen zu ihren Kunden aufzubauen.<\/p>\t\t\t\t\t\t\t\t<\/div>\n\t\t\t\t<\/div>\n\t\t\t\t<div class=\"elementor-element elementor-element-1686b84b elementor-widget elementor-widget-text-editor\" data-id=\"1686b84b\" data-element_type=\"widget\" data-e-type=\"widget\" data-widget_type=\"text-editor.default\">\n\t\t\t\t<div class=\"elementor-widget-container\">\n\t\t\t\t\t\t\t\t\t<h5>Was sind die Vorteile der Altoo- Verm\u00f6gensverwaltungs- Plattform?<\/h5><p>Wenn Sie sich f\u00fcr unsere Plattform entscheiden, erhalten Sie f\u00fcnf entscheidende Vorteile gegen\u00fcber anderen L\u00f6sungen.\u00a0\u00a0<\/p><p><span style=\"color: #ffffff;\"><strong>Zusammenarbeit<\/strong>:<\/span> Die Plattform bietet die M\u00f6glichkeit, den Zugang mit den Akteuren zu teilen, die f\u00fcr die Verm\u00f6gensinhaber arbeiten. Dies kann die Zusammenarbeit, Transparenz und Effizienz verbessern.<br \/><span style=\"color: #ffffff;\"><strong>Sicherheit<\/strong>:<\/span> Die Plattform nutzt fortschrittliche Sicherheitsma\u00dfnahmen zum Schutz der sensiblen Finanzdaten unserer Kunden.\u00a0<br \/><span style=\"color: #ffffff;\"><strong>Benutzerfreundlichkeit<\/strong>:<\/span> Der Schwerpunkt der Plattform liegt auf der Bereitstellung einer benutzerfreundlichen Schnittstelle, die es unseren Kunden erleichtert, ihr Verm\u00f6gen zu verwalten und zu verstehen.<br \/><strong><span style=\"color: #ffffff;\">Einblicke und Analysen:<\/span><\/strong> Wir bieten Analyseinstrumente und Einblicke, die unseren Kunden helfen k\u00f6nnen, fundierte Entscheidungen \u00fcber ihre Investitionen zu treffen.<\/p>\t\t\t\t\t\t\t\t<\/div>\n\t\t\t\t<\/div>\n\t\t\t\t<div class=\"elementor-element elementor-element-49cdf3fa elementor-widget elementor-widget-text-editor\" data-id=\"49cdf3fa\" data-element_type=\"widget\" data-e-type=\"widget\" data-widget_type=\"text-editor.default\">\n\t\t\t\t<div class=\"elementor-widget-container\">\n\t\t\t\t\t\t\t\t\t<h5>Wird die Altoo Wealth Management Plattform die Arbeit des Multi Family Office \u00fcbernehmen?<\/h5><p>Unser Unternehmen ist eine Erg\u00e4nzung zu diesen Unternehmen. Wir helfen ihnen, eng mit ihren Kunden zusammenzuarbeiten, und zwar in einer transparenteren und vertrauensvolleren Beziehung, die f\u00fcr beide Seiten von Vorteil ist.<\/p>\t\t\t\t\t\t\t\t<\/div>\n\t\t\t\t<\/div>\n\t\t\t\t<div class=\"elementor-element elementor-element-74369b33 elementor-widget elementor-widget-text-editor\" data-id=\"74369b33\" data-element_type=\"widget\" data-e-type=\"widget\" data-widget_type=\"text-editor.default\">\n\t\t\t\t<div class=\"elementor-widget-container\">\n\t\t\t\t\t\t\t\t\t<h5>K\u00f6nnen Sie mir ein Beispiel nennen, wie Altoo die Herausforderung eines Kunden gel\u00f6st hat und ein n\u00fctzlicher Technologiepartner geworden ist?<\/h5><p>Unsere Kunden sind auf der Suche nach einer Wealth-Technology-L\u00f6sung, die alle verwalteten Portfolios konsolidiert und innovative Kundendienste bietet. Au\u00dferdem suchen sie nach einer fortschrittlichen und intuitiven kundenorientierten Technologie f\u00fcr eine verbesserte Berichterstattung und Kommunikation.<\/p><p>Was Altoo liefern wird, ist Einfachheit f\u00fcr komplexes Verm\u00f6gen in Form von:<\/p><ol><li>Konsolidierte Berichterstattung automatisch f\u00fcr jeden gew\u00fcnschten Zeitraum,<\/li><li>Ein benutzerfreundliches und sicheres Kundenportal mit Kundenzugang zu Berichten,<\/li><li>Abschaffung der unsicheren Verwendung von E-Mail und Tabellenkalkulationen mit Kunden und Dritten.<\/li><\/ol>\t\t\t\t\t\t\t\t<\/div>\n\t\t\t\t<\/div>\n\t\t\t\t\t<\/div>\n\t\t<\/div>\n\t\t\t\t\t<\/div>\n\t\t<\/section>\n\t\t\t\t<\/div>","protected":false},"excerpt":{"rendered":"<p>Multi Family Office Creating efficient operating models with streamlined technology The Altoo Wealth Platform was created to satisfy the unique needs of multi family offices managing the expectations of sophisticated, multi-generational families, where each stakeholder may have vastly different preferences. Our technology enables the multi-family offices to efficiently serve multi-generational clients, helps them aggregate data [&hellip;]<\/p>\n","protected":false},"author":1,"featured_media":0,"parent":0,"menu_order":0,"comment_status":"closed","ping_status":"closed","template":"elementor_header_footer","meta":{"inline_featured_image":false,"cybocfi_hide_featured_image":"","two_page_speed":{"current_score":{"desktop_score":86,"desktop_tti":"2.2\u00a0","mobile_score":93,"mobile_tti":"9.5\u00a0","date":"21.08.2025 04:31:41 pm","status":"completed"}},"footnotes":""},"class_list":["post-239","page","type-page","status-publish","hentry"],"_links":{"self":[{"href":"https:\/\/altoo.io\/de\/wp-json\/wp\/v2\/pages\/239","targetHints":{"allow":["GET"]}}],"collection":[{"href":"https:\/\/altoo.io\/de\/wp-json\/wp\/v2\/pages"}],"about":[{"href":"https:\/\/altoo.io\/de\/wp-json\/wp\/v2\/types\/page"}],"author":[{"embeddable":true,"href":"https:\/\/altoo.io\/de\/wp-json\/wp\/v2\/users\/1"}],"replies":[{"embeddable":true,"href":"https:\/\/altoo.io\/de\/wp-json\/wp\/v2\/comments?post=239"}],"version-history":[{"count":202,"href":"https:\/\/altoo.io\/de\/wp-json\/wp\/v2\/pages\/239\/revisions"}],"predecessor-version":[{"id":29355,"href":"https:\/\/altoo.io\/de\/wp-json\/wp\/v2\/pages\/239\/revisions\/29355"}],"wp:attachment":[{"href":"https:\/\/altoo.io\/de\/wp-json\/wp\/v2\/media?parent=239"}],"curies":[{"name":"wp","href":"https:\/\/api.w.org\/{rel}","templated":true}]}}