{"id":18296,"date":"2023-08-29T16:51:20","date_gmt":"2023-08-29T14:51:20","guid":{"rendered":"https:\/\/altoo.io\/?page_id=18296"},"modified":"2025-08-21T19:08:13","modified_gmt":"2025-08-21T17:08:13","slug":"datenschutzbestimmungen","status":"publish","type":"page","link":"https:\/\/altoo.io\/de\/privacy-policy\/","title":{"rendered":"Allgemeine Datenschutzerkl\u00e4rung"},"content":{"rendered":"<div data-elementor-type=\"wp-page\" data-elementor-id=\"18296\" class=\"elementor elementor-18296\" data-elementor-post-type=\"page\">\n\t\t\t\t\t\t<section class=\"elementor-section elementor-top-section elementor-element elementor-element-600e14e pages-hero elementor-section-boxed elementor-section-height-default elementor-section-height-default\" data-id=\"600e14e\" data-element_type=\"section\" data-e-type=\"section\">\n\t\t\t\t\t\t<div class=\"elementor-container elementor-column-gap-default\">\n\t\t\t\t\t<div class=\"elementor-column elementor-col-100 elementor-top-column elementor-element elementor-element-d4f0bfa\" data-id=\"d4f0bfa\" data-element_type=\"column\" data-e-type=\"column\">\n\t\t\t<div class=\"elementor-widget-wrap elementor-element-populated\">\n\t\t\t\t\t\t<div class=\"elementor-element elementor-element-465febe elementor-widget elementor-widget-heading\" data-id=\"465febe\" data-element_type=\"widget\" data-e-type=\"widget\" data-widget_type=\"heading.default\">\n\t\t\t\t<div class=\"elementor-widget-container\">\n\t\t\t\t\t<h1 class=\"elementor-heading-title elementor-size-default\">Allgemeine Datenschutzerkl\u00e4rung<\/h1>\t\t\t\t<\/div>\n\t\t\t\t<\/div>\n\t\t\t\t\t<\/div>\n\t\t<\/div>\n\t\t\t\t\t<\/div>\n\t\t<\/section>\n\t\t\t\t<section class=\"elementor-section elementor-top-section elementor-element elementor-element-07db1c1 elementor-section-boxed elementor-section-height-default elementor-section-height-default\" data-id=\"07db1c1\" data-element_type=\"section\" data-e-type=\"section\">\n\t\t\t\t\t\t<div class=\"elementor-container elementor-column-gap-default\">\n\t\t\t\t\t<div class=\"elementor-column elementor-col-100 elementor-top-column elementor-element elementor-element-6be6340\" data-id=\"6be6340\" data-element_type=\"column\" data-e-type=\"column\">\n\t\t\t<div class=\"elementor-widget-wrap elementor-element-populated\">\n\t\t\t\t\t\t<div class=\"elementor-element elementor-element-e079d7a elementor-widget elementor-widget-text-editor\" data-id=\"e079d7a\" data-element_type=\"widget\" data-e-type=\"widget\" data-widget_type=\"text-editor.default\">\n\t\t\t\t<div class=\"elementor-widget-container\">\n\t\t\t\t\t\t\t\t\t<h3>Allgemeine Datenschutzerkl\u00e4rung<\/h3><p>Datenschutz und Datensicherheit sind wichtig f\u00fcr die Altoo AG (\u00abALTOO\u00bb; \u00abwir\u00bb). Wir bearbeiten Ihre Personendaten verantwortungsbewusst, in \u00dcbereinstimmung mit anwendbaren gesetzlichen Bestimmungen und gem\u00e4\u00df unseren Datenschutzerkl\u00e4rungen.<\/p><h3>Inhalt dieser Datenschutzerkl\u00e4rung<\/h3><p>In dieser Datenschutzerkl\u00e4rung informieren wir Sie dar\u00fcber, wie wir Personendaten erheben und bearbeiten, wenn Sie unsere Website unter <a href=\"https:\/\/altoo.io\/de\/\">https:\/\/altoo.io<\/a> (\u00abWebsite\u00bb) oder Social-Media-Seiten besuchen, uns kontaktieren oder unsere Leistungen in Anspruch nehmen.<\/p><p>Wenn Sie Fragen zu unserer Cookie-Richtlinie haben, finden Sie sie bite unter<a href=\"https:\/\/altoo.io\/de\/cookie-nutzung\/\"> https:\/\/altoo.io\/cookie-policy\/ <\/a>.<\/p><h3>\u00a0<\/h3><h3>Verantwortlicher f\u00fcr die Datenbearbeitung<\/h3><p>F\u00fcr die in dieser Datenschutzerkl\u00e4rung beschriebenen Datenbearbeitungen ist ALTOO verantwortlich.<\/p><p>Bei Fragen oder wenn Sie Ihre datenschutzrechtlichen Betroffenenrechte wahrnehmen m\u00f6chten, kontaktieren Sie uns bitte \u00fcber <a href=\"mailto:dataprotection@altoo.io\">dataprotection@altoo.io<\/a> oder schreiben Sie an:<br \/>Altoo AG<br \/>Attn: Data Protection Responsible<br \/>Zugerstrasse 77<br \/>6340 Baar<br \/>Schweiz<br \/>Telefon +41 58 502 25 25.<\/p><h3>\u00a0<\/h3><h3>Bei der Kommunikation und Leistungserbringung bearbeitete Personendaten<\/h3><p>Wir erheben die von Ihnen an uns \u00fcbermittelten Informationen wie folgt:<\/p><ul><li>wenn Sie uns kontaktieren<\/li><li>wenn Sie sich auf der Website oder der Online-Plattform als Nutzer registrieren<\/li><li>wenn Sie sich auf eine Stelle bei uns bewerben<\/li><\/ul><p>Dazu geh\u00f6ren allgemeine Personendaten, z.B. Name und Kontaktdaten, sowie allenfalls Angaben zu Ihrer Position oder Rolle bei der Organisation, in deren Namen Sie uns kontaktieren.<\/p><p>Wir verarbeiten auch personenbezogene Daten, die wir von Dritten erhalten. Dazu geh\u00f6ren regelm\u00e4\u00dfig personenbezogene Daten, die wir in der Korrespondenz oder in Gespr\u00e4chen mit Kunden oder Gesch\u00e4ftspartnern erhalten, z. B. Ihren Namen und Angaben zu Ihrer T\u00e4tigkeit als Mitarbeiter des Kunden oder Gesch\u00e4ftspartners.<\/p><p>Soweit zur Erreichung der in dieser Datenschutzerkl\u00e4rung beschriebenen Zwecke notwendig, erheben wir allgemeine Personendaten auch aus \u00f6ffentlich zug\u00e4nglichen Registern, Websites oder Plattformen (z.B. um Ihre Unterschriftsberechtigung zu verifizieren) oder indem wir Ausk\u00fcnfte bei Dritten einholen (z.B. zu Referenzzwecken im Bewerbungsprozess, wenn Sie dem zustimmen).<\/p><h3>\u00a0<\/h3><h3>Bereitstellung und Nutzung unserer Website und Online-Plattform<\/h3><h6><strong><em>Nutzung zur Information<\/em><\/strong><\/h6><p>Sie k\u00f6nnen sich auf der Website \u00fcber ALTOO und unser Leistungsangebot informieren, ohne uns mitzuteilen, wer Sie sind. Wie bei jeder Verbindung mit einem Webserver, protokolliert und speichert der Server, auf dem wir die Website und die Online-Plattform bereitstellen lassen, automatisch gewisse technische Daten und speichert sie f\u00fcr kurze Zeit. Dazu geh\u00f6ren die IP-Adresse und das Betriebssystem Ihres Ger\u00e4ts, das Datum und der Zeitpunkt der Nutzung sowie die Art des Browsers, \u00fcber den Sie auf die Website oder Online-Plattform zugreifen.<\/p><h6><strong><em>Nutzung unserer Online-Plattform<\/em><\/strong><\/h6><p>Wir betreiben The Altoo Wealth Platform (\u00abOnline-Plattform\u00bb). Wenn Sie sich auf der Online-Plattform als Nutzer registrieren, erheben wir die von Ihnen an uns \u00fcbermittelten Informationen. Dazu geh\u00f6ren allgemeine Personendaten wie Name und Kontaktdaten sowie personenbezogene Informationen, die Sie oder andere Nutzer bei der Nutzung der Online-Plattform eingeben, hochladen, generieren, speichern und bearbeiten. Verantwortlich f\u00fcr die Bearbeitung von Personendaten unter Verwendung der Online-Plattform und bei deren Betrieb ist der jeweilige Kunde. Wir sind Auftragsbearbeiter des Kunden. Bitte wenden Sie sich bei Fragen an den Kunden, der Ihnen den Zugang zur Online-Plattform verschafft.<\/p><h6><strong><em>Webanalyseundefined<\/em> <em>Analytik<\/em><\/strong><\/h6><p>Wir verwenden Webanalyse-Dienste (derzeit Wordpress, Mailchimp, Google, LinkedIn, Facebook, Twitter), um die Nutzung der Website auszuwerten und Informationen f\u00fcr ihre Optimierung zu erhalten. Die von uns verwendeten Webanalyse-Dienste erheben und speichern Nutzerdaten unter Verwendung von Cookies. Vor ihrer \u00dcbermittlung an einen Server ausserhalb der Schweiz\/EU\/EWR werden die anfragenden IP-Adressen gek\u00fcrzt. Wir \u00fcbermitteln somit keine Personendaten an die Anbieter der Webanalysedienste im Ausland.<\/p><h6><strong><em>Ressourcen von externen Webseiten<\/em><\/strong><\/h6><p>Wir binden auf unserer Website Ressourcen von externen Servern ein. Diese enthalten sichtbare Inhalte (Videos, Images).<\/p><p>Beim Abruf dieser Ressourcen erf\u00e4hrt die Betreiberin der externen Server Ihre IP-Adresse und\/oder gewisse Randdaten, die f\u00fcr die Nutzung der Server des externen Betreibers notwendig sind.<\/p><p>Weitere Informationen finden Sie in unserer <a href=\"https:\/\/altoo.io\/de\/cookie-nutzung\/\">Cookie-Nutzung<\/a>.<\/p><h6><strong><em>Anmerkung zum Einsatz von Cookiesundefined<\/em><\/strong><\/h6><p>Wir verwenden <a href=\"https:\/\/altoo.io\/de\/cookie-nutzung\/\">Cookies<\/a>, Tags und \u00e4hnliche Technologien auf der Website, um Ihnen die bestm\u00f6gliche Benutzererfahrung zu bieten und uns zu helfen, die Website zu verbessern. Cookies sind Textdateien, die auf Ihren Computer oder Ihr Mobilger\u00e4t heruntergeladen werden, wenn Sie eine Website besuchen oder eine App verwenden.<\/p><p>Einige der von uns verwendeten Cookies sind notwendig, um bestimmte Funktionen der Website zur Verf\u00fcgung zu stellen. Dar\u00fcber hinaus verwenden wir Cookies, um die Nutzung der Website zu analysieren und um Informationen zur Optimierung der Website zu erhalten. Sie erfahren mehr \u00fcber unsere Verwendung von Cookies, wenn Sie das auf der Website implementierte Cookie-Preferences-Tool nutzen. Erg\u00e4nzend verweisen wir auf unser Transparenzstatement zur Einbindung von Diensten Dritter.<\/p><p>Sie k\u00f6nnen Ihren Browser so einstellen, dass er keine Cookies annimmt oder dass Sie jedes Mal gefragt werden, bevor ein Cookie gesetzt wird. Sie k\u00f6nnen Cookies auch auf Ihrem Ger\u00e4t l\u00f6schen, indem Sie die entsprechende Funktion Ihres Browsers verwenden. Dar\u00fcber hinaus haben Sie die M\u00f6glichkeit, uns Ihre Pr\u00e4ferenzen bez\u00fcglich der Annahme von Cookies \u00fcber das auf der Website verwendete Cookie-Einstellungstool mitzuteilen.<\/p><h3>\u00a0<\/h3><h3>Nutzung unserer Social-Media-Seiten<\/h3><p>Auf unsereren Seiten in sozialen Medien finden Sie Beitr\u00e4ge zu aktuellen Entwicklungen bei ALTOO sowie zu unserem Leistungsangebot. Die Anbieterinnen der sozialen Medien erheben und analysieren Nutzungsdaten wie die Anzahl Besucher und demographische Angaben zu den Besuchern unserer Unternehmensseiten.<\/p><p>Wir erhalten von den Anbieterinnen der sozialen Medien basierend darauf erstellte Auswertungen. Diese enthalten nur aggregierte oder auf andere Weise gen\u00fcgend anonymisierte Daten. Nur die jeweilige Anbieterin kann Sie aufgrund der erhobenen Nutzungsdaten identifizieren. Beachten Sie daher bitte die Datenschutzhinweise der jeweiligen Anbieterin.<\/p><h3>\u00a0<\/h3><h3>Nutzung und Optimierung unseres Newsletters<\/h3><p>Wenn Sie sich f\u00fcr unseren Newsletter anmelden, erheben wir die von Ihnen an uns \u00fcbermittelten Informationen. Dazu geh\u00f6ren allgemeine Personendaten wie Vorname, Name und E-Mail-Adresse. Wir verwenden Analysedienste, um die Nutzung unseres Newsletters zu messen und zu analysieren. Die Analysedienste erheben und analysieren Nutzungsdaten wie die Anzahl Newsletter-Empf\u00e4ngerinnen, die den Newsletter ge\u00f6ffnet oder auf bestimmte Beitr\u00e4ge geklickt haben. Wir erhalten basierend darauf erstellte Auswertungen. Diese erm\u00f6glichen es uns, unseren Newsletter zu optimieren und Ihnen Inhalte bereitzustellen, die Sie interessieren.<\/p><p>Sie k\u00f6nnen uns auch jederzeit mitteilen, dass Sie in Zukunft auf den Erhalt unseres Newsletters verzichten m\u00f6chten. Bitte nutzen Sie hierzu den Abmeldelink am Ende des Newsletters. Wenn Sie auf diesen klicken, werden wir Ihre Nutzung des Newsletters k\u00fcnftig nicht mehr messen und analysieren.<\/p><h3>\u00a0<\/h3><h3>Zu welchen Zwecken wir Ihre Personendaten bearbeiten und auf welcher Basis<\/h3><p>Ihre Personendaten bearbeiten wir prim\u00e4r, um \u00fcber unser Leistungsangebot zu informieren und unsere Leistungen entsprechend unseren vertraglichen und gesetzlichen Pflichten zu erbringen, zu dokumentieren und abzurechnen.<\/p><p>Zudem bearbeiten wir Ihre Personendaten zu folgenden Zwecken:<\/p><ul><li>Beantwortung Ihrer Anfragen und Kommunikation mit Ihnen<\/li><li>Bearbeitung Ihrer Registrierung<\/li><li>Beantwortung von Bewerbungen<\/li><li>Bereitstellung der Website und der Online-Plattform<\/li><li>Analyse und Optimierung der Nutzung der Website und der Online-Plattform<\/li><li>Entwicklung und Verbesserung von Produkten und Dienstleistungen<\/li><li>Optimierung unserer Beitr\u00e4ge auf unseren Social-Media-Unternehmensseiten<\/li><li>Information \u00fcber neue Entwicklungen von ALTOO und \u00fcber neue Dienstleistungen<\/li><li>Erf\u00fcllung gesetzlicher Pflichten<\/li><li>Vollstreckung von Rechtsanspr\u00fcchen<\/li><\/ul><p>Wir oder Dritte (z.B. unsere Kunden) haben ein den genannten Zwecken entsprechendes berechtigtes Interesse an der Bearbeitung Ihrer Personendaten. Einige Bearbeitungen sind zudem notwendig, damit wir unsere vertraglichen Pflichten Ihnen gegen\u00fcber oder unsere gesetzlichen Pflichten (z.B. Aufbewahrungspflichten) erf\u00fcllen k\u00f6nnen. Auf dieser Basis bearbeiten wir Ihre Personendaten, wenn und soweit das anwendbare Datenschutzrecht f\u00fcr die Rechtm\u00e4ssigkeit der Datenbearbeitung generell oder f\u00fcr bestimmte Bearbeitungst\u00e4tigkeiten eine Rechtsgrundlage oder Rechtfertigung erfordert.<\/p><h3>\u00a0<\/h3><h3>Wie wir Ihre Personendaten speichern und sch\u00fctzen<\/h3><p>Wir speichern Ihre Personendaten nur in dem Umfang und so lange, wie dies f\u00fcr die Erf\u00fcllung der in dieser Datenschutzerkl\u00e4rung beschriebenen Zwecke oder zur Erf\u00fcllung gesetzlicher Pflichten notwendig ist.<\/p><p>Im Interesse der Integrit\u00e4t und der Vertraulichkeit der Personendaten treffen wir angemessene technische und organisatorische Massnahmen. Wir implementieren entsprechend unserer Risikobeurteilung insbesondere Zugangskontrollen, Zugriffskontrollen sowie Verfahren zur regelm\u00e4ssigen \u00dcberpr\u00fcfung, Bewertung und Evaluierung der Wirksamkeit der Massnahmen.<\/p><h3>\u00a0<\/h3><h3>An wen wir Ihre Personendaten weitergeben<\/h3><p>Zur Erreichung der in dieser Datenschutzerkl\u00e4rung beschriebenen Zwecke kann es notwendig sein, dass wir Ihre Personendaten an andere Unternehmen weitergeben. Es handelt sich um folgende Kategorien von Empf\u00e4ngern:<\/p><ul><li>Interne B\u00fcros<\/li><li>Externe Dienstleistungsanbieter<\/li><li>Lieferanten und Gesch\u00e4ftspartner<\/li><li>(gegebenenfalls) Beh\u00f6rden und Gerichte<\/li><\/ul><h3>\u00a0<\/h3><h3>Ort der Leistung<\/h3><p>Wir speichern und bearbeiten Ihre pers\u00f6nlichen Finanzdaten ausschliesslich in der Schweiz. Zur Erf\u00fcllung der beschriebenen Zwecke kann es jedoch notwendig sein, dass wir Ihre personenbezogenen Daten in L\u00e4ndern ausserhalb der Schweiz und der EU bearbeiten. Eine Daten\u00fcbermittlung in L\u00e4nder ohne angemessenes Datenschutzniveau erfolgt nur auf der Grundlage von Standarddatenschutzklauseln oder gesetzlichen Ausnahmen (z.B. Notwendigkeit zur Vertragserf\u00fcllung). Sofern nicht gesetzliche Bestimmungen oder gerichtliche Anordnungen vorliegen, werden wir Sie informieren und Ihre Einwilligung einholen, wenn eine \u00dcbermittlung Ihrer personenbezogenen Daten in L\u00e4nder ausserhalb der Schweiz oder der EU notwendig ist.<\/p><h3>\u00a0<\/h3><h3>Ihre Rechte in Bezug auf Ihre Personendaten<\/h3><p>Sie haben die folgenden Rechte in Bezug auf Personendaten, die Sie betreffen:<\/p><ul><li>Das Recht, Auskunft dar\u00fcber zu erhalten, welche Personendaten wir \u00fcber Sie speichern und wie wir diese bearbeiten<\/li><li>Das Recht auf Herausgabe oder \u00dcbertragung einer Kopie Ihrer Personendaten in einem g\u00e4ngigen Format<\/li><li>Das Recht auf Berichtigung Ihrer Personendaten<\/li><li>Das Recht auf L\u00f6schung Ihrer Personendaten<\/li><li>Das Recht, Bearbeitungen Ihrer Personendaten zu widersprechen<\/li><\/ul><p>Beachten Sie bitte, dass f\u00fcr diese Rechte gesetzliche Voraussetzungen und Ausnahmen gelten. Soweit rechtlich zul\u00e4ssig, k\u00f6nnen wir Ihre Anfrage zur Aus\u00fcbung dieser Rechte ablehnen. Sie haben ausserdem das Recht, bei der zust\u00e4ndigen Datenschutzaufsichtsbeh\u00f6rde eine Beschwerde einzureichen.<\/p><h3>\u00a0<\/h3><h3>Wie wir diese Datenschutzerkl\u00e4rung \u00e4ndern k\u00f6nnen<\/h3><p>Wir k\u00f6nnen diese Datenschutzerkl\u00e4rung jederzeit \u00e4ndern, insbesondere wenn wir unsere Datenbearbeitungen \u00e4ndern oder wenn neue Rechtsvorschriften anwendbar werden. Es gilt die jeweils auf unserer Webseite bereitgestellte Version.<\/p><p>Letzte Aktualisierung: 13.09.2023<\/p>\t\t\t\t\t\t\t\t<\/div>\n\t\t\t\t<\/div>\n\t\t\t\t\t<\/div>\n\t\t<\/div>\n\t\t\t\t\t<\/div>\n\t\t<\/section>\n\t\t\t\t<\/div>","protected":false},"excerpt":{"rendered":"<p>Privacy Policy General privacy policy Data protection and data security are important to Altoo AG (&#8220;ALTOO&#8221;; &#8220;we&#8221;). We process your personal data responsibly, in compliance with applicable laws and in accordance with our privacy policy. Content of this privacy policy This privacy notice tells you how we collect and process personal data when you visit [&hellip;]<\/p>\n","protected":false},"author":13,"featured_media":0,"parent":0,"menu_order":0,"comment_status":"closed","ping_status":"closed","template":"elementor_header_footer","meta":{"inline_featured_image":false,"cybocfi_hide_featured_image":"","two_page_speed":{"current_score":{"desktop_score":84,"desktop_tti":"2.3\u00a0","mobile_score":86,"mobile_tti":"8.8\u00a0","date":"21.08.2025 07:09:00 pm","status":"completed"}},"footnotes":""},"class_list":["post-18296","page","type-page","status-publish","hentry"],"_links":{"self":[{"href":"https:\/\/altoo.io\/de\/wp-json\/wp\/v2\/pages\/18296","targetHints":{"allow":["GET"]}}],"collection":[{"href":"https:\/\/altoo.io\/de\/wp-json\/wp\/v2\/pages"}],"about":[{"href":"https:\/\/altoo.io\/de\/wp-json\/wp\/v2\/types\/page"}],"author":[{"embeddable":true,"href":"https:\/\/altoo.io\/de\/wp-json\/wp\/v2\/users\/13"}],"replies":[{"embeddable":true,"href":"https:\/\/altoo.io\/de\/wp-json\/wp\/v2\/comments?post=18296"}],"version-history":[{"count":107,"href":"https:\/\/altoo.io\/de\/wp-json\/wp\/v2\/pages\/18296\/revisions"}],"predecessor-version":[{"id":41182,"href":"https:\/\/altoo.io\/de\/wp-json\/wp\/v2\/pages\/18296\/revisions\/41182"}],"wp:attachment":[{"href":"https:\/\/altoo.io\/de\/wp-json\/wp\/v2\/media?parent=18296"}],"curies":[{"name":"wp","href":"https:\/\/api.w.org\/{rel}","templated":true}]}}